{"id":10023,"date":"2020-06-02T18:44:07","date_gmt":"2020-06-02T16:44:07","guid":{"rendered":"https:\/\/rb-abogados.eu\/deutsches-mietrecht\/"},"modified":"2025-10-22T10:30:48","modified_gmt":"2025-10-22T08:30:48","slug":"derecho-arrendaticio-aleman","status":"publish","type":"page","link":"https:\/\/rb-abogados.eu\/es\/derecho-arrendaticio-aleman\/","title":{"rendered":"Derecho arrendaticio alem\u00e1n"},"content":{"rendered":"<section class=\"l-section wpb_row us_custom_d8b66435 height_custom with_img\"><div class=\"l-section-img\" role=\"img\" aria-label=\"Mietrecht in Deutschland\" data-img-width=\"1920\" data-img-height=\"1080\" style=\"background-image: url(https:\/\/rb-abogados.eu\/wp-content\/uploads\/16-9-rba-112.jpg);background-repeat: no-repeat;\"><\/div><div class=\"l-section-overlay\" style=\"background:rgba(0,3,46,0.55)\"><\/div><div class=\"l-section-h i-cf\"><div class=\"g-cols vc_row via_flex valign_top type_boxes stacking_default\"><div class=\"vc_col-sm-3 wpb_column vc_column_container\"><div class=\"vc_column-inner us_custom_b6a72ce1\"><div class=\"wpb_wrapper\"><\/div><\/div><\/div><div class=\"vc_col-sm-6 wpb_column vc_column_container us_animate_afb\" style=\"animation-delay:0.4s\"><div class=\"vc_column-inner us_custom_215bf59a\"><div class=\"wpb_wrapper\"><h1 class=\"w-post-elm post_title us_custom_27f484e3 has_text_color entry-title color_link_inherit\">Derecho arrendaticio alem\u00e1n<\/h1><div class=\"w-hwrapper us_custom_84be7deb valign_top align_none\"><\/div><nav class=\"g-breadcrumbs us_custom_6420b6dd has_text_color separator_icon align_none\" itemscope itemtype=\"http:\/\/schema.org\/BreadcrumbList\"><div class=\"g-breadcrumbs-item\" itemscope itemprop=\"itemListElement\" itemtype=\"http:\/\/schema.org\/ListItem\"><a itemprop=\"item\" href=\"https:\/\/rb-abogados.eu\/es\/\"><span itemprop=\"name\">RB-Abogados Karlsruhe<\/span><\/a><meta itemprop=\"position\" content=\"1\"\/><\/div><div class=\"g-breadcrumbs-separator\"><i class=\"far fa-angle-right\"><\/i><\/div><div class=\"g-breadcrumbs-item\">P\u00e1ginas<\/div><\/nav><\/div><\/div><\/div><div class=\"vc_col-sm-3 wpb_column vc_column_container\"><div class=\"vc_column-inner us_custom_b6a72ce1\"><div class=\"wpb_wrapper\"><\/div><\/div><\/div><\/div><\/div><\/section><section class=\"l-section wpb_row us_custom_1df8cfc6 height_custom\"><div class=\"l-section-h i-cf\"><div class=\"g-cols vc_row via_flex valign_top type_boxes stacking_default\"><div class=\"vc_col-sm-8 wpb_column vc_column_container\"><div class=\"vc_column-inner us_custom_e4a2b2bd\"><div class=\"wpb_wrapper\"><div class=\"g-cols wpb_row via_flex valign_top type_boxes stacking_default\"><div class=\"vc_col-sm-12 wpb_column vc_column_container\"><div class=\"vc_column-inner us_custom_863654e6\"><div class=\"wpb_wrapper\"><div class=\"wpb_text_column us_custom_2dbf7b3f\"><div class=\"wpb_wrapper\"><p><strong>Asesoramos a arrendadores y arrendatarios en todos los asuntos relativos al Derecho arrendaticio.<\/strong><\/p>\n<p><strong>Elaboramos y revisamos sus contratos de arrendamiento ya existentes o futuros. Ofrecemos tambi\u00e9n este servicio jur\u00eddico para el \u00e1rea de los inmuebles comerciales. Defendemos sus intereses por v\u00eda judicial o extrajudicial en caso de litigios relativos a las relaciones contractuales.<\/strong><\/p>\n<\/div><\/div><div class=\"wpb_text_column us_custom_50cc7d67\"><div class=\"wpb_wrapper\"><h2>Nuestra oferta de servicios para usted en el \u00e1mbito del Derecho arrendaticio alem\u00e1n<\/h2>\n<\/div><\/div><div class=\"w-hwrapper us_custom_0e289e22 valign_top align_none\"><\/div><div class=\"wpb_text_column us_custom_2dbf7b3f\"><div class=\"wpb_wrapper\"><ul class=\"arrow-list\">\n<li>Redacci\u00f3n, revisi\u00f3n y modificaci\u00f3n de contratos de alquiler, contratos de finalizaci\u00f3n de alquiler y contratos de arrendamiento.<\/li>\n<li>Revisi\u00f3n y realizaci\u00f3n de liquidaciones de gastos de comunidad\/costes adicionales<\/li>\n<li>Ejercicio y defensa de reclamaciones: incrementos y reducciones del alquiler<\/li>\n<li>Modernizaci\u00f3n y anuncio de modernizaci\u00f3n<\/li>\n<li>Vicios en el objeto alquilado y reducci\u00f3n del alquiler, indemnizaciones por da\u00f1os y perjuicios<\/li>\n<li>Requerimientos<\/li>\n<li>Subalquiler<\/li>\n<li>Asesoramiento y representaci\u00f3n en caso de rescisiones ordinarias o extraordinarias (sin plazo de preaviso)<\/li>\n<li>Puesta en pr\u00e1ctica\/defensa en caso de demandas de desahucio y desalojos<\/li>\n<\/ul>\n<\/div><\/div><div class=\"w-btn-wrapper align_none\"><a class=\"w-btn us-btn-style_3 us_custom_54e7f678 icon_atright\" href=\"https:\/\/www.rb-abogados.eu\/es\/areas-juridicas\/\"><span class=\"w-btn-label\">Todas las \u00e1reas de pr\u00e1ctica<\/span><i class=\"far fa-long-arrow-right\"><\/i><\/a><\/div><\/div><\/div><\/div><\/div><div class=\"w-hwrapper us_custom_ce2c73f7 valign_top align_none\"><\/div><\/div><\/div><\/div><div class=\"vc_col-sm-4 wpb_column vc_column_container\"><div class=\"vc_column-inner us_custom_11eb7aba\"><div class=\"wpb_wrapper\"><div class=\"g-cols wpb_row us_custom_6d21401c via_flex valign_middle type_boxes stacking_default\"><div class=\"vc_col-sm-12 wpb_column vc_column_container us_animate_afb\" style=\"animation-delay:0.4s\"><div class=\"vc_column-inner us_custom_0d478c3f\"><div class=\"wpb_wrapper\">[vc_raw_html css=\u00bb%7B%22default%22%3A%7B%22color%22%3A%22%23000443%22%2C%22text-align%22%3A%22center%22%2C%22font-size%22%3A%2240px%22%2C%22line-height%22%3A%2280px%22%2C%22background-color%22%3A%22%23ffffff%22%2C%22width%22%3A%2280px%22%2C%22height%22%3A%2280px%22%2C%22margin-top%22%3A%22-40px%22%2C%22padding-bottom%22%3A%220%22%2C%22box-shadow-h-offset%22%3A%220%22%2C%22box-shadow-v-offset%22%3A%2210px%22%2C%22box-shadow-blur%22%3A%2215px%22%2C%22box-shadow-color%22%3A%22rgba%280%2C4%2C67%2C0.15%29%22%7D%7D\u00bb]JTNDaSUyMGNsYXNzJTNEJTIyZmFsJTIwZmEtcGhvbmUlMjIlM0UlM0MlMkZpJTNF[\/vc_raw_html]<div class=\"wpb_text_column us_custom_fe7f911b has_text_color\"><div class=\"wpb_wrapper\"><p><strong>\u00bfTiene usted una consulta especial o busca asesoramiento jur\u00eddico en un caso concreto?<\/strong><\/p>\n<\/div><\/div><div class=\"w-btn-wrapper align_none\"><a class=\"w-btn us-btn-style_5 icon_atright\" href=\"https:\/\/www.rb-abogados.eu\/es\/contacto\/\"><span class=\"w-btn-label\">Contacte con nosotros<\/span><i class=\"far fa-long-arrow-right\"><\/i><\/a><\/div><\/div><\/div><\/div><\/div>\n<\/div><\/div><\/div><\/div><\/div><\/section>\n","protected":false},"excerpt":{"rendered":"Derecho arrendaticio alem\u00e1nRB-Abogados KarlsruheP\u00e1ginasAsesoramos a arrendadores y arrendatarios en todos los asuntos relativos al Derecho arrendaticio. Elaboramos y revisamos sus contratos de arrendamiento ya existentes o futuros. Ofrecemos tambi\u00e9n este servicio jur\u00eddico para el \u00e1rea de los inmuebles comerciales. Defendemos sus intereses por v\u00eda judicial o extrajudicial en caso de litigios relativos a las relaciones...","protected":false},"author":2,"featured_media":9694,"parent":0,"menu_order":0,"comment_status":"closed","ping_status":"closed","template":"","meta":{"footnotes":""},"class_list":["post-10023","page","type-page","status-publish","has-post-thumbnail","hentry"],"_links":{"self":[{"href":"https:\/\/rb-abogados.eu\/es\/wp-json\/wp\/v2\/pages\/10023","targetHints":{"allow":["GET"]}}],"collection":[{"href":"https:\/\/rb-abogados.eu\/es\/wp-json\/wp\/v2\/pages"}],"about":[{"href":"https:\/\/rb-abogados.eu\/es\/wp-json\/wp\/v2\/types\/page"}],"author":[{"embeddable":true,"href":"https:\/\/rb-abogados.eu\/es\/wp-json\/wp\/v2\/users\/2"}],"replies":[{"embeddable":true,"href":"https:\/\/rb-abogados.eu\/es\/wp-json\/wp\/v2\/comments?post=10023"}],"version-history":[{"count":5,"href":"https:\/\/rb-abogados.eu\/es\/wp-json\/wp\/v2\/pages\/10023\/revisions"}],"predecessor-version":[{"id":11432,"href":"https:\/\/rb-abogados.eu\/es\/wp-json\/wp\/v2\/pages\/10023\/revisions\/11432"}],"wp:featuredmedia":[{"embeddable":true,"href":"https:\/\/rb-abogados.eu\/es\/wp-json\/wp\/v2\/media\/9694"}],"wp:attachment":[{"href":"https:\/\/rb-abogados.eu\/es\/wp-json\/wp\/v2\/media?parent=10023"}],"curies":[{"name":"wp","href":"https:\/\/api.w.org\/{rel}","templated":true}]}}