{"id":10029,"date":"2020-06-04T13:44:34","date_gmt":"2020-06-04T11:44:34","guid":{"rendered":"https:\/\/rb-abogados.eu\/deutsches-strafrecht\/"},"modified":"2021-11-16T14:13:51","modified_gmt":"2021-11-16T13:13:51","slug":"derecho-penal-aleman","status":"publish","type":"page","link":"https:\/\/rb-abogados.eu\/es\/derecho-penal-aleman\/","title":{"rendered":"Derecho penal alem\u00e1n"},"content":{"rendered":"<section class=\"l-section wpb_row us_custom_d8b66435 height_custom with_img\"><div class=\"l-section-img\" role=\"img\" aria-label=\"Strafrecht\" data-img-width=\"1500\" data-img-height=\"619\" style=\"background-image: url(https:\/\/rb-abogados.eu\/wp-content\/uploads\/strafrecht-klein-ausschnitt-1.jpeg);background-repeat: no-repeat;\"><\/div><div class=\"l-section-overlay\" style=\"background:rgba(0,3,46,0.55)\"><\/div><div class=\"l-section-h i-cf\"><div class=\"g-cols vc_row via_flex valign_top type_boxes stacking_default\"><div class=\"vc_col-sm-3 wpb_column vc_column_container\"><div class=\"vc_column-inner us_custom_b6a72ce1\"><div class=\"wpb_wrapper\"><\/div><\/div><\/div><div class=\"vc_col-sm-6 wpb_column vc_column_container us_animate_afb\" style=\"animation-delay:0.4s\"><div class=\"vc_column-inner us_custom_215bf59a\"><div class=\"wpb_wrapper\"><h1 class=\"w-post-elm post_title us_custom_27f484e3 has_text_color entry-title color_link_inherit\">Derecho penal alem\u00e1n<\/h1><div class=\"w-hwrapper us_custom_84be7deb valign_top align_none\"><\/div><nav class=\"g-breadcrumbs us_custom_6420b6dd has_text_color separator_icon align_none\" itemscope itemtype=\"http:\/\/schema.org\/BreadcrumbList\"><div class=\"g-breadcrumbs-item\" itemscope itemprop=\"itemListElement\" itemtype=\"http:\/\/schema.org\/ListItem\"><a itemprop=\"item\" href=\"https:\/\/rb-abogados.eu\/es\/\"><span itemprop=\"name\">RB-Abogados Karlsruhe<\/span><\/a><meta itemprop=\"position\" content=\"1\"\/><\/div><div class=\"g-breadcrumbs-separator\"><i class=\"far fa-angle-right\"><\/i><\/div><div class=\"g-breadcrumbs-item\">P\u00e1ginas<\/div><\/nav><\/div><\/div><\/div><div class=\"vc_col-sm-3 wpb_column vc_column_container\"><div class=\"vc_column-inner us_custom_b6a72ce1\"><div class=\"wpb_wrapper\"><\/div><\/div><\/div><\/div><\/div><\/section><section class=\"l-section wpb_row us_custom_1df8cfc6 height_custom\"><div class=\"l-section-h i-cf\"><div class=\"g-cols vc_row via_flex valign_top type_boxes stacking_default\"><div class=\"vc_col-sm-8 wpb_column vc_column_container\"><div class=\"vc_column-inner us_custom_e4a2b2bd\"><div class=\"wpb_wrapper\"><div class=\"g-cols wpb_row via_flex valign_top type_boxes stacking_default\"><div class=\"vc_col-sm-12 wpb_column vc_column_container\"><div class=\"vc_column-inner us_custom_863654e6\"><div class=\"wpb_wrapper\"><div class=\"wpb_text_column us_custom_2dbf7b3f\"><div class=\"wpb_wrapper\"><p><strong>\u00a1Incurrir en conflicto con la ley es algo que puede suceder m\u00e1s r\u00e1pido de lo que uno piensa! \u00a0<\/strong><\/p>\n<p><strong>En caso de que le detengan, que se registre su vivienda o que reciba una citaci\u00f3n para un interrogatorio policial, usted deber\u00eda hacer uso siempre de su derecho a guardar silencio y no realizar ninguna declaraci\u00f3n sobre los hechos.<\/strong><\/p>\n<p><strong>Lo \u00fanico que tiene obligaci\u00f3n de indicar son sus datos personales: nombre, fecha y lugar de nacimiento, direcci\u00f3n, profesi\u00f3n, estado civil y nacionalidad.<\/strong><\/p>\n<p><strong>Nosotros le informaremos sobre sus derechos, consultaremos en su nombre los expedientes, analizaremos la situaci\u00f3n, le daremos unas primeras recomendaciones sobre c\u00f3mo actuar y discutiremos con usted el modo m\u00e1s adecuado de proceder y la mejor estrategia posible para su defensa. En caso necesario, le prestaremos asistencia tambi\u00e9n en las diferentes fases de un proceso judicial.<\/strong><\/p>\n<\/div><\/div><div class=\"wpb_text_column us_custom_50cc7d67\"><div class=\"wpb_wrapper\"><h2><strong>Nuestro asesoramiento y defensa en el \u00e1mbito del Derecho penal abarca en especial las siguientes \u00e1reas:<\/strong><\/h2>\n<\/div><\/div><div class=\"w-hwrapper us_custom_0e289e22 valign_top align_none\"><\/div><div class=\"wpb_text_column us_custom_2dbf7b3f\"><div class=\"wpb_wrapper\"><ul class=\"arrow-list\">\n<li>Fraude y desfalco<\/li>\n<li>Delitos contra la propiedad y el patrimonio (hurto, malversaci\u00f3n, robo, extorsi\u00f3n)<\/li>\n<li>Corrupci\u00f3n y cohecho<\/li>\n<li>Delitos fiscales<\/li>\n<li>Delitos econ\u00f3micos<\/li>\n<li>Responsabilidad penal relativa a productos<\/li>\n<li>Delitos en materia de drogas (infracciones de la ley de estupefacientes)<\/li>\n<li>Ciberdelincuencia<\/li>\n<li>Delitos graves (asesinato, homicidio)<\/li>\n<li>Lesiones f\u00edsicas<\/li>\n<li>Derecho penal juvenil<\/li>\n<li>Delitos sexuales<\/li>\n<li>Derecho penal medioambiental<\/li>\n<\/ul>\n<\/div><\/div><div class=\"w-btn-wrapper align_none\"><a class=\"w-btn us-btn-style_3 us_custom_54e7f678 icon_atright\" href=\"https:\/\/www.rb-abogados.eu\/es\/areas-juridicas\/\"><span class=\"w-btn-label\">Todas las \u00e1reas de pr\u00e1ctica<\/span><i class=\"far fa-long-arrow-right\"><\/i><\/a><\/div><\/div><\/div><\/div><\/div><\/div><\/div><\/div><div class=\"vc_col-sm-4 wpb_column vc_column_container\"><div class=\"vc_column-inner us_custom_11eb7aba\"><div class=\"wpb_wrapper\"><div class=\"g-cols wpb_row us_custom_8a78cab9 via_flex valign_top type_boxes stacking_default\" id=\"Sie_haben_Fragen_Wir_haben_Antworten\"><div class=\"vc_col-sm-12 wpb_column vc_column_container\"><div class=\"vc_column-inner us_custom_2e0b6149\"><div class=\"wpb_wrapper\"><div class=\"wpb_text_column us_custom_2dbf7b3f\"><div class=\"wpb_wrapper\"><h3 style=\"text-align: center;\"><strong>\u00ab\u00bfTiene alguna pregunta? \u00a1Nosotros le daremos la respuesta!\u00bb<\/strong><\/h3>\n<\/div><\/div><div class=\"w-image us_custom_0c724352 has_height align_center\" id=\"Miguel_Ribas\"><div class=\"w-image-h\"><img decoding=\"async\" width=\"600\" height=\"600\" src=\"https:\/\/rb-abogados.eu\/wp-content\/uploads\/1-1-rba-m-_0004_03-600x600.jpg\" class=\"attachment-us_600_600_crop size-us_600_600_crop\" alt=\"Anwalt - Jos\u00e9 Maria Langa Cebamanos\" loading=\"lazy\" srcset=\"https:\/\/rb-abogados.eu\/wp-content\/uploads\/1-1-rba-m-_0004_03.jpg 600w, https:\/\/rb-abogados.eu\/wp-content\/uploads\/1-1-rba-m-_0004_03-300x300.jpg 300w, https:\/\/rb-abogados.eu\/wp-content\/uploads\/1-1-rba-m-_0004_03-150x150.jpg 150w, https:\/\/rb-abogados.eu\/wp-content\/uploads\/1-1-rba-m-_0004_03-100x100.jpg 100w, https:\/\/rb-abogados.eu\/wp-content\/uploads\/1-1-rba-m-_0004_03-200x200.jpg 200w, https:\/\/rb-abogados.eu\/wp-content\/uploads\/1-1-rba-m-_0004_03-400x400.jpg 400w\" sizes=\"auto, (max-width: 600px) 100vw, 600px\" \/><\/div><\/div><div class=\"wpb_text_column us_custom_34bb4333\"><div class=\"wpb_wrapper\"><h3 class=\"nomargin\" style=\"text-align: center;\">Kristin Fieberg<span id=\"Miguel_Ribas\"><\/span><\/h3>\n<\/div><\/div><div class=\"wpb_text_column us_custom_90fa47c6\"><div class=\"wpb_wrapper\"><p style=\"text-align: center;\">Abogada alemana<\/p>\n<\/div><\/div><div class=\"wpb_text_column us_custom_cdb5fec4 has_text_color\"><div class=\"wpb_wrapper\"><p style=\"text-align: center;\"><em>Kristin Fieberg asesora y asiste a sus clientes en alem\u00e1n, espa\u00f1ol o ingl\u00e9s en las cuestiones relativas al Derecho penal. Sus \u00e1reas de especializaci\u00f3n son los delitos contra la propiedad y el patrimonio, el Derecho penal econ\u00f3mico y el Derecho penal en general.<\/em><\/p>\n<\/div><\/div><\/div><\/div><\/div><\/div><div class=\"g-cols wpb_row us_custom_6d21401c via_flex valign_middle type_boxes stacking_default\"><div class=\"vc_col-sm-12 wpb_column vc_column_container us_animate_afb\" style=\"animation-delay:0.4s\"><div class=\"vc_column-inner us_custom_0d478c3f\"><div class=\"wpb_wrapper\">[vc_raw_html css=\u00bb%7B%22default%22%3A%7B%22color%22%3A%22%23000443%22%2C%22text-align%22%3A%22center%22%2C%22font-size%22%3A%2240px%22%2C%22line-height%22%3A%2280px%22%2C%22background-color%22%3A%22%23ffffff%22%2C%22width%22%3A%2280px%22%2C%22height%22%3A%2280px%22%2C%22margin-top%22%3A%22-40px%22%2C%22padding-bottom%22%3A%220%22%2C%22box-shadow-h-offset%22%3A%220%22%2C%22box-shadow-v-offset%22%3A%2210px%22%2C%22box-shadow-blur%22%3A%2215px%22%2C%22box-shadow-color%22%3A%22rgba%280%2C4%2C67%2C0.15%29%22%7D%7D\u00bb]JTNDaSUyMGNsYXNzJTNEJTIyZmFsJTIwZmEtcGhvbmUlMjIlM0UlM0MlMkZpJTNF[\/vc_raw_html]<div class=\"wpb_text_column us_custom_fe7f911b has_text_color\"><div class=\"wpb_wrapper\"><p><strong>\u00bfTiene usted una consulta especial o busca asesoramiento jur\u00eddico en un caso concreto?<\/strong><\/p>\n<\/div><\/div><div class=\"w-btn-wrapper align_none\"><a class=\"w-btn us-btn-style_5 icon_atright\" href=\"https:\/\/www.rb-abogados.eu\/es\/contacto\/\"><span class=\"w-btn-label\">Contacte con nosotros<\/span><i class=\"far fa-long-arrow-right\"><\/i><\/a><\/div><\/div><\/div><\/div><\/div>\n<\/div><\/div><\/div><\/div><\/div><\/section>\n","protected":false},"excerpt":{"rendered":"Derecho penal alem\u00e1nRB-Abogados KarlsruheP\u00e1ginas\u00a1Incurrir en conflicto con la ley es algo que puede suceder m\u00e1s r\u00e1pido de lo que uno piensa! \u00a0 En caso de que le detengan, que se registre su vivienda o que reciba una citaci\u00f3n para un interrogatorio policial, usted deber\u00eda hacer uso siempre de su derecho a guardar silencio y no...","protected":false},"author":2,"featured_media":9476,"parent":0,"menu_order":0,"comment_status":"closed","ping_status":"closed","template":"","meta":{"footnotes":""},"class_list":["post-10029","page","type-page","status-publish","has-post-thumbnail","hentry"],"_links":{"self":[{"href":"https:\/\/rb-abogados.eu\/es\/wp-json\/wp\/v2\/pages\/10029","targetHints":{"allow":["GET"]}}],"collection":[{"href":"https:\/\/rb-abogados.eu\/es\/wp-json\/wp\/v2\/pages"}],"about":[{"href":"https:\/\/rb-abogados.eu\/es\/wp-json\/wp\/v2\/types\/page"}],"author":[{"embeddable":true,"href":"https:\/\/rb-abogados.eu\/es\/wp-json\/wp\/v2\/users\/2"}],"replies":[{"embeddable":true,"href":"https:\/\/rb-abogados.eu\/es\/wp-json\/wp\/v2\/comments?post=10029"}],"version-history":[{"count":5,"href":"https:\/\/rb-abogados.eu\/es\/wp-json\/wp\/v2\/pages\/10029\/revisions"}],"predecessor-version":[{"id":10190,"href":"https:\/\/rb-abogados.eu\/es\/wp-json\/wp\/v2\/pages\/10029\/revisions\/10190"}],"wp:featuredmedia":[{"embeddable":true,"href":"https:\/\/rb-abogados.eu\/es\/wp-json\/wp\/v2\/media\/9476"}],"wp:attachment":[{"href":"https:\/\/rb-abogados.eu\/es\/wp-json\/wp\/v2\/media?parent=10029"}],"curies":[{"name":"wp","href":"https:\/\/api.w.org\/{rel}","templated":true}]}}