{"id":10040,"date":"2021-02-05T14:32:16","date_gmt":"2021-02-05T13:32:16","guid":{"rendered":"https:\/\/rb-abogados.eu\/spanisches-strafrecht\/"},"modified":"2024-05-23T16:00:22","modified_gmt":"2024-05-23T14:00:22","slug":"derecho-penal-espanol","status":"publish","type":"page","link":"https:\/\/rb-abogados.eu\/es\/derecho-penal-espanol\/","title":{"rendered":"Derecho penal espa\u00f1ol"},"content":{"rendered":"<section class=\"l-section wpb_row us_custom_d8b66435 height_custom with_img\"><div class=\"l-section-img\" role=\"img\" aria-label=\"Strafrecht\" data-img-width=\"1500\" data-img-height=\"619\" style=\"background-image: url(https:\/\/rb-abogados.eu\/wp-content\/uploads\/strafrecht-klein-ausschnitt-1.jpeg);background-repeat: no-repeat;\"><\/div><div class=\"l-section-overlay\" style=\"background:rgba(0,3,46,0.55)\"><\/div><div class=\"l-section-h i-cf\"><div class=\"g-cols vc_row via_flex valign_top type_boxes stacking_default\"><div class=\"vc_col-sm-3 wpb_column vc_column_container\"><div class=\"vc_column-inner us_custom_b6a72ce1\"><div class=\"wpb_wrapper\"><\/div><\/div><\/div><div class=\"vc_col-sm-6 wpb_column vc_column_container us_animate_afb\" style=\"animation-delay:0.4s\"><div class=\"vc_column-inner us_custom_215bf59a\"><div class=\"wpb_wrapper\"><h1 class=\"w-post-elm post_title us_custom_27f484e3 has_text_color entry-title color_link_inherit\">Derecho penal espa\u00f1ol<\/h1><div class=\"w-hwrapper us_custom_84be7deb valign_top align_none\"><\/div><nav class=\"g-breadcrumbs us_custom_6420b6dd has_text_color separator_icon align_none\" itemscope itemtype=\"http:\/\/schema.org\/BreadcrumbList\"><div class=\"g-breadcrumbs-item\" itemscope itemprop=\"itemListElement\" itemtype=\"http:\/\/schema.org\/ListItem\"><a itemprop=\"item\" href=\"https:\/\/rb-abogados.eu\/es\/\"><span itemprop=\"name\">RB-Abogados Karlsruhe<\/span><\/a><meta itemprop=\"position\" content=\"1\"\/><\/div><div class=\"g-breadcrumbs-separator\"><i class=\"far fa-angle-right\"><\/i><\/div><div class=\"g-breadcrumbs-item\">P\u00e1ginas<\/div><\/nav><\/div><\/div><\/div><div class=\"vc_col-sm-3 wpb_column vc_column_container\"><div class=\"vc_column-inner us_custom_b6a72ce1\"><div class=\"wpb_wrapper\"><\/div><\/div><\/div><\/div><\/div><\/section><section class=\"l-section wpb_row us_custom_1df8cfc6 height_custom\"><div class=\"l-section-h i-cf\"><div class=\"g-cols vc_row via_flex valign_top type_boxes stacking_default\"><div class=\"vc_col-sm-8 wpb_column vc_column_container\"><div class=\"vc_column-inner us_custom_e4a2b2bd\"><div class=\"wpb_wrapper\"><div class=\"g-cols wpb_row via_flex valign_top type_boxes stacking_default\"><div class=\"vc_col-sm-12 wpb_column vc_column_container\"><div class=\"vc_column-inner us_custom_863654e6\"><div class=\"wpb_wrapper\"><div class=\"wpb_text_column us_custom_2dbf7b3f\"><div class=\"wpb_wrapper\"><p>Nuestros esfuerzos se centran en prevenir la amenaza de sanciones penales con la mayor antelaci\u00f3n posible.<\/p>\n<p>Le defenderemos en el \u00e1mbito del Derecho penal espa\u00f1ol y alem\u00e1n, tanto ante los tribunales espa\u00f1oles como alemanes.<\/p>\n<p>El principal \u00e1mbito de especializaci\u00f3n de nuestro bufete es la delincuencia econ\u00f3mica:<\/p>\n<\/div><\/div><div class=\"wpb_text_column us_custom_50cc7d67\"><div class=\"wpb_wrapper\"><h2>Asesoramos y defendemos a las empresas, en especial en las siguientes situaciones:<\/h2>\n<\/div><\/div><div class=\"w-hwrapper us_custom_0e289e22 valign_top align_none\"><\/div><div class=\"wpb_text_column us_custom_2dbf7b3f\"><div class=\"wpb_wrapper\"><ul class=\"arrow-list\">\n<li>Delitos de fraude: estafa, apropiaci\u00f3n indebida, desfalco<\/li>\n<li>Robo de propiedad intelectual<\/li>\n<li>Derecho penal empresarial: administraci\u00f3n desleal del patrimonio, falsificaci\u00f3n de documentos de una sociedad, acuerdos abusivos y perjudiciales<\/li>\n<li>Delitos contra Hacienda y los seguros p\u00fablicos<\/li>\n<li>Delitos de corrupci\u00f3n<\/li>\n<li>Delitos contra marcas<\/li>\n<li>Delitos de falsificaci\u00f3n<\/li>\n<li>Blanqueo de capitales<\/li>\n<li>Delitos de insolvencia<\/li>\n<\/ul>\n<\/div><\/div><div class=\"w-btn-wrapper align_none\"><a class=\"w-btn us-btn-style_3 us_custom_54e7f678 icon_atright\" href=\"https:\/\/www.rb-abogados.eu\/es\/areas-juridicas\/\"><span class=\"w-btn-label\">Todas las \u00e1reas de pr\u00e1ctica<\/span><i class=\"far fa-long-arrow-right\"><\/i><\/a><\/div><\/div><\/div><\/div><\/div><\/div><\/div><\/div><div class=\"vc_col-sm-4 wpb_column vc_column_container\"><div class=\"vc_column-inner us_custom_11eb7aba\"><div class=\"wpb_wrapper\"><div class=\"g-cols wpb_row us_custom_9d2f0c5c via_flex valign_top type_boxes stacking_default\" id=\"Sie_haben_Fragen_Wir_haben_Antworten\"><div class=\"vc_col-sm-12 wpb_column vc_column_container\"><div class=\"vc_column-inner us_custom_2e0b6149\"><div class=\"wpb_wrapper\"><div class=\"wpb_text_column us_custom_2dbf7b3f\"><div class=\"wpb_wrapper\"><h3 style=\"text-align: center;\">\u00bfTiene alguna pregunta? \u00a1Nosotros le daremos la respuesta!<\/h3>\n<\/div><\/div><div class=\"w-image us_custom_0c724352 has_height align_center\" id=\"Miguel_Ribas\"><div class=\"w-image-h\"><img decoding=\"async\" width=\"600\" height=\"600\" src=\"https:\/\/rb-abogados.eu\/wp-content\/uploads\/rb-abogados-Kristin-Fieberg-3.jpg\" class=\"attachment-us_600_600_crop size-us_600_600_crop\" alt=\"\" loading=\"lazy\" srcset=\"https:\/\/rb-abogados.eu\/wp-content\/uploads\/rb-abogados-Kristin-Fieberg-3.jpg 600w, https:\/\/rb-abogados.eu\/wp-content\/uploads\/rb-abogados-Kristin-Fieberg-3-300x300.jpg 300w, https:\/\/rb-abogados.eu\/wp-content\/uploads\/rb-abogados-Kristin-Fieberg-3-150x150.jpg 150w, https:\/\/rb-abogados.eu\/wp-content\/uploads\/rb-abogados-Kristin-Fieberg-3-100x100.jpg 100w, https:\/\/rb-abogados.eu\/wp-content\/uploads\/rb-abogados-Kristin-Fieberg-3-200x200.jpg 200w, https:\/\/rb-abogados.eu\/wp-content\/uploads\/rb-abogados-Kristin-Fieberg-3-400x400.jpg 400w, https:\/\/rb-abogados.eu\/wp-content\/uploads\/rb-abogados-Kristin-Fieberg-3-60x60.jpg 60w\" sizes=\"auto, (max-width: 600px) 100vw, 600px\" \/><\/div><\/div><div class=\"wpb_text_column us_custom_34bb4333\"><div class=\"wpb_wrapper\"><h3 style=\"text-align: center;\">Kristin Fieberg<\/h3>\n<\/div><\/div><div class=\"wpb_text_column us_custom_397fec6e\"><div class=\"wpb_wrapper\"><p style=\"text-align: center;\">Abogada alemana<\/p>\n<\/div><\/div><div class=\"wpb_text_column us_custom_cdb5fec4 has_text_color\"><div class=\"wpb_wrapper\"><p style=\"text-align: center;\"><em>Kristin Fieberg asesora a sus clientes tanto en alem\u00e1n como en espa\u00f1ol e ingl\u00e9s en las consultas relativas al Derecho penal espa\u00f1ol<\/em><\/p>\n<\/div><\/div><\/div><\/div><\/div><\/div><div class=\"g-cols wpb_row us_custom_6d21401c via_flex valign_middle type_boxes stacking_default\"><div class=\"vc_col-sm-12 wpb_column vc_column_container us_animate_afb\" style=\"animation-delay:0.4s\"><div class=\"vc_column-inner us_custom_0d478c3f\"><div class=\"wpb_wrapper\">[vc_raw_html css=\u00bb%7B%22default%22%3A%7B%22color%22%3A%22%23000443%22%2C%22text-align%22%3A%22center%22%2C%22font-size%22%3A%2240px%22%2C%22line-height%22%3A%2280px%22%2C%22background-color%22%3A%22%23ffffff%22%2C%22width%22%3A%2280px%22%2C%22height%22%3A%2280px%22%2C%22margin-top%22%3A%22-40px%22%2C%22padding-bottom%22%3A%220%22%2C%22box-shadow-h-offset%22%3A%220%22%2C%22box-shadow-v-offset%22%3A%2210px%22%2C%22box-shadow-blur%22%3A%2215px%22%2C%22box-shadow-color%22%3A%22rgba%280%2C4%2C67%2C0.15%29%22%7D%7D\u00bb]JTNDaSUyMGNsYXNzJTNEJTIyZmFsJTIwZmEtcGhvbmUlMjIlM0UlM0MlMkZpJTNF[\/vc_raw_html]<div class=\"wpb_text_column us_custom_fe7f911b has_text_color\"><div class=\"wpb_wrapper\"><p><strong>\u00bfTiene usted una consulta especial o busca asesoramiento jur\u00eddico en un caso concreto?<\/strong><\/p>\n<\/div><\/div><div class=\"w-btn-wrapper align_none\"><a class=\"w-btn us-btn-style_5 icon_atright\" href=\"https:\/\/www.rb-abogados.eu\/es\/contacto\/\"><span class=\"w-btn-label\">Contacte con nosotros<\/span><i class=\"far fa-long-arrow-right\"><\/i><\/a><\/div><\/div><\/div><\/div><\/div>\n<\/div><\/div><\/div><\/div><\/div><\/section>\n","protected":false},"excerpt":{"rendered":"Derecho penal espa\u00f1olRB-Abogados KarlsruheP\u00e1ginasNuestros esfuerzos se centran en prevenir la amenaza de sanciones penales con la mayor antelaci\u00f3n posible. Le defenderemos en el \u00e1mbito del Derecho penal espa\u00f1ol y alem\u00e1n, tanto ante los tribunales espa\u00f1oles como alemanes. El principal \u00e1mbito de especializaci\u00f3n de nuestro bufete es la delincuencia econ\u00f3mica: Asesoramos y defendemos a las empresas,...","protected":false},"author":2,"featured_media":9476,"parent":0,"menu_order":0,"comment_status":"closed","ping_status":"closed","template":"","meta":{"footnotes":""},"class_list":["post-10040","page","type-page","status-publish","has-post-thumbnail","hentry"],"_links":{"self":[{"href":"https:\/\/rb-abogados.eu\/es\/wp-json\/wp\/v2\/pages\/10040","targetHints":{"allow":["GET"]}}],"collection":[{"href":"https:\/\/rb-abogados.eu\/es\/wp-json\/wp\/v2\/pages"}],"about":[{"href":"https:\/\/rb-abogados.eu\/es\/wp-json\/wp\/v2\/types\/page"}],"author":[{"embeddable":true,"href":"https:\/\/rb-abogados.eu\/es\/wp-json\/wp\/v2\/users\/2"}],"replies":[{"embeddable":true,"href":"https:\/\/rb-abogados.eu\/es\/wp-json\/wp\/v2\/comments?post=10040"}],"version-history":[{"count":5,"href":"https:\/\/rb-abogados.eu\/es\/wp-json\/wp\/v2\/pages\/10040\/revisions"}],"predecessor-version":[{"id":11153,"href":"https:\/\/rb-abogados.eu\/es\/wp-json\/wp\/v2\/pages\/10040\/revisions\/11153"}],"wp:featuredmedia":[{"embeddable":true,"href":"https:\/\/rb-abogados.eu\/es\/wp-json\/wp\/v2\/media\/9476"}],"wp:attachment":[{"href":"https:\/\/rb-abogados.eu\/es\/wp-json\/wp\/v2\/media?parent=10040"}],"curies":[{"name":"wp","href":"https:\/\/api.w.org\/{rel}","templated":true}]}}