{"id":10045,"date":"2020-06-08T19:21:32","date_gmt":"2020-06-08T17:21:32","guid":{"rendered":"https:\/\/rb-abogados.eu\/deutsches-und-internationales-vertragsrecht\/"},"modified":"2021-11-16T14:13:01","modified_gmt":"2021-11-16T13:13:01","slug":"derecho-contractual-aleman-e-internacional","status":"publish","type":"page","link":"https:\/\/rb-abogados.eu\/es\/derecho-contractual-aleman-e-internacional\/","title":{"rendered":"Derecho contractual alem\u00e1n e internacional"},"content":{"rendered":"<section class=\"l-section wpb_row us_custom_d8b66435 height_custom with_img parallax_ver\"><div class=\"l-section-img\" role=\"img\" aria-label=\"Vertrasrecht\" data-img-width=\"1920\" data-img-height=\"1080\" style=\"background-image: url(https:\/\/rb-abogados.eu\/wp-content\/uploads\/16-9-_0003_rba-001.jpg);background-repeat: no-repeat;\"><\/div><div class=\"l-section-overlay\" style=\"background:rgba(0,3,46,0.55)\"><\/div><div class=\"l-section-h i-cf\"><div class=\"g-cols vc_row via_flex valign_top type_boxes stacking_default\"><div class=\"vc_col-sm-3 wpb_column vc_column_container\"><div class=\"vc_column-inner us_custom_b6a72ce1\"><div class=\"wpb_wrapper\"><\/div><\/div><\/div><div class=\"vc_col-sm-6 wpb_column vc_column_container us_animate_afb\" style=\"animation-delay:0.4s\"><div class=\"vc_column-inner us_custom_215bf59a\"><div class=\"wpb_wrapper\"><h1 class=\"w-post-elm post_title us_custom_27f484e3 has_text_color entry-title color_link_inherit\">Derecho contractual alem\u00e1n e internacional<\/h1><div class=\"w-hwrapper us_custom_84be7deb valign_top align_none\"><\/div><nav class=\"g-breadcrumbs us_custom_6420b6dd has_text_color separator_icon align_none\" itemscope itemtype=\"http:\/\/schema.org\/BreadcrumbList\"><div class=\"g-breadcrumbs-item\" itemscope itemprop=\"itemListElement\" itemtype=\"http:\/\/schema.org\/ListItem\"><a itemprop=\"item\" href=\"https:\/\/rb-abogados.eu\/es\/\"><span itemprop=\"name\">RB-Abogados Karlsruhe<\/span><\/a><meta itemprop=\"position\" content=\"1\"\/><\/div><div class=\"g-breadcrumbs-separator\"><i class=\"far fa-angle-right\"><\/i><\/div><div class=\"g-breadcrumbs-item\">P\u00e1ginas<\/div><\/nav><\/div><\/div><\/div><div class=\"vc_col-sm-3 wpb_column vc_column_container\"><div class=\"vc_column-inner us_custom_b6a72ce1\"><div class=\"wpb_wrapper\"><\/div><\/div><\/div><\/div><\/div><\/section><section class=\"l-section wpb_row us_custom_1df8cfc6 height_custom\"><div class=\"l-section-h i-cf\"><div class=\"g-cols vc_row via_flex valign_top type_boxes stacking_default\"><div class=\"vc_col-sm-8 wpb_column vc_column_container\"><div class=\"vc_column-inner us_custom_e4a2b2bd\"><div class=\"wpb_wrapper\"><div class=\"g-cols wpb_row via_flex valign_top type_boxes stacking_default\"><div class=\"vc_col-sm-12 wpb_column vc_column_container\"><div class=\"vc_column-inner us_custom_863654e6\"><div class=\"wpb_wrapper\"><div class=\"wpb_text_column us_custom_2dbf7b3f\"><div class=\"wpb_wrapper\"><p><strong>Particulares y empresarios celebran contratos todos los d\u00edas. Incluso de un modo t\u00e1cito, es decir, en virtud de un simple comportamiento, se puede dar lugar a un contrato. A menudo no somos en absoluto conscientes de cu\u00e1ndo y de qu\u00e9 modo se est\u00e1 generando un contrato.<\/strong><\/p>\n<p><strong>Nosotros le brindamos nuestro apoyo tanto antes de la celebraci\u00f3n del contrato como tambi\u00e9n en el caso de que surjan problemas relativos a la relaci\u00f3n contractual.<\/strong><\/p>\n<\/div><\/div><div class=\"wpb_text_column us_custom_50cc7d67\"><div class=\"wpb_wrapper\"><h2>Nuestra oferta de servicios para usted en el \u00e1mbito del Derecho contractual general<\/h2>\n<\/div><\/div><div class=\"w-hwrapper us_custom_0e289e22 valign_top align_none\"><\/div><div class=\"wpb_text_column us_custom_2dbf7b3f\"><div class=\"wpb_wrapper\"><h3>Redacci\u00f3n, revisi\u00f3n y ejecuci\u00f3n de<\/h3>\n<\/div><\/div><div class=\"wpb_text_column us_custom_2dbf7b3f\"><div class=\"wpb_wrapper\"><ul class=\"arrow-list\">\n<li>Contratos de compraventa<\/li>\n<li>Contratos de prestaci\u00f3n de servicios y de obra<\/li>\n<li>Contratos de donaci\u00f3n<\/li>\n<li>Contratos mercantiles<\/li>\n<li>Contratos de agentes comerciales<\/li>\n<li>Contratos de franquicia y distribuci\u00f3n<\/li>\n<li>Contratos de agentes autorizados<\/li>\n<li>Contratos de trabajo<\/li>\n<li>Contratos de pr\u00e9stamo<\/li>\n<\/ul>\n<\/div><\/div><div class=\"w-btn-wrapper align_none\"><a class=\"w-btn us-btn-style_3 us_custom_54e7f678 icon_atright\" href=\"https:\/\/www.rb-abogados.eu\/es\/areas-juridicas\/\"><span class=\"w-btn-label\">Todas las \u00e1reas de pr\u00e1ctica<\/span><i class=\"far fa-long-arrow-right\"><\/i><\/a><\/div><\/div><\/div><\/div><\/div><div class=\"w-hwrapper us_custom_ce2c73f7 valign_top align_none\"><\/div><\/div><\/div><\/div><div class=\"vc_col-sm-4 wpb_column vc_column_container\"><div class=\"vc_column-inner us_custom_11eb7aba\"><div class=\"wpb_wrapper\"><div class=\"g-cols wpb_row us_custom_8a78cab9 via_flex valign_top type_boxes stacking_default\" id=\"Sie_haben_Fragen_Wir_haben_Antworten\"><div class=\"vc_col-sm-12 wpb_column vc_column_container\"><div class=\"vc_column-inner us_custom_2e0b6149\"><div class=\"wpb_wrapper\"><div class=\"wpb_text_column us_custom_2dbf7b3f\"><div class=\"wpb_wrapper\"><h3 style=\"text-align: center;\"><strong>\u00ab\u00bfTiene alguna pregunta? \u00a1Nosotros le daremos la respuesta!\u00bb<\/strong><\/h3>\n<\/div><\/div><div class=\"w-image us_custom_0c724352 has_height align_center\" id=\"Jose_Ma_Langa_Cebamanos\"><div class=\"w-image-h\"><img decoding=\"async\" width=\"600\" height=\"600\" src=\"https:\/\/rb-abogados.eu\/wp-content\/uploads\/1-1-rba-m-_0002_05-600x600.jpg\" class=\"attachment-us_600_600_crop size-us_600_600_crop\" alt=\"Anwalt - Miguel Ribas\" loading=\"lazy\" srcset=\"https:\/\/rb-abogados.eu\/wp-content\/uploads\/1-1-rba-m-_0002_05.jpg 600w, https:\/\/rb-abogados.eu\/wp-content\/uploads\/1-1-rba-m-_0002_05-300x300.jpg 300w, https:\/\/rb-abogados.eu\/wp-content\/uploads\/1-1-rba-m-_0002_05-150x150.jpg 150w, https:\/\/rb-abogados.eu\/wp-content\/uploads\/1-1-rba-m-_0002_05-100x100.jpg 100w, https:\/\/rb-abogados.eu\/wp-content\/uploads\/1-1-rba-m-_0002_05-200x200.jpg 200w, https:\/\/rb-abogados.eu\/wp-content\/uploads\/1-1-rba-m-_0002_05-400x400.jpg 400w\" sizes=\"auto, (max-width: 600px) 100vw, 600px\" \/><\/div><\/div><div class=\"wpb_text_column us_custom_34bb4333\"><div class=\"wpb_wrapper\"><h3 class=\"nomargin\" style=\"text-align: center;\"><span id=\"Jose_Ma_Langa_Cebamanos\">Miguel Ribas<\/span><span id=\"Miguel_Ribas\"><\/span><\/h3>\n<\/div><\/div><div class=\"wpb_text_column us_custom_90fa47c6\"><div class=\"wpb_wrapper\"><p style=\"text-align: center;\"><strong>Miguel Ribas es fundador del bufete, abogado e ingeniero industrial<\/strong><\/p>\n<\/div><\/div><div class=\"wpb_text_column us_custom_23c920ae has_text_color\"><div class=\"wpb_wrapper\"><p style=\"text-align: center;\"><em>Con su amplia experiencia en el \u00e1rea del Derecho contractual alem\u00e1n e internacional, asesora a sus clientes, en especial de Karlsruhe, en alem\u00e1n, espa\u00f1ol, catal\u00e1n e ingl\u00e9s.<\/em><em>\u00a0<\/em><\/p>\n<\/div><\/div><\/div><\/div><\/div><\/div><div class=\"g-cols wpb_row us_custom_6d21401c via_flex valign_middle type_boxes stacking_default\"><div class=\"vc_col-sm-12 wpb_column vc_column_container us_animate_afb\" style=\"animation-delay:0.4s\"><div class=\"vc_column-inner us_custom_0d478c3f\"><div class=\"wpb_wrapper\">[vc_raw_html css=\u00bb%7B%22default%22%3A%7B%22color%22%3A%22%23000443%22%2C%22text-align%22%3A%22center%22%2C%22font-size%22%3A%2240px%22%2C%22line-height%22%3A%2280px%22%2C%22background-color%22%3A%22%23ffffff%22%2C%22width%22%3A%2280px%22%2C%22height%22%3A%2280px%22%2C%22margin-top%22%3A%22-40px%22%2C%22padding-bottom%22%3A%220%22%2C%22box-shadow-h-offset%22%3A%220%22%2C%22box-shadow-v-offset%22%3A%2210px%22%2C%22box-shadow-blur%22%3A%2215px%22%2C%22box-shadow-color%22%3A%22rgba%280%2C4%2C67%2C0.15%29%22%7D%7D\u00bb]JTNDaSUyMGNsYXNzJTNEJTIyZmFsJTIwZmEtcGhvbmUlMjIlM0UlM0MlMkZpJTNF[\/vc_raw_html]<div class=\"wpb_text_column us_custom_fe7f911b has_text_color\"><div class=\"wpb_wrapper\"><p><strong>\u00bfTiene usted una consulta especial o busca asesoramiento jur\u00eddico en un caso concreto?<\/strong><\/p>\n<\/div><\/div><div class=\"w-btn-wrapper align_none\"><a class=\"w-btn us-btn-style_5 icon_atright\" href=\"https:\/\/www.rb-abogados.eu\/es\/contacto\/\"><span class=\"w-btn-label\">Contacte con nosotros<\/span><i class=\"far fa-long-arrow-right\"><\/i><\/a><\/div><\/div><\/div><\/div><\/div>\n<\/div><\/div><\/div><\/div><\/div><\/section>\n","protected":false},"excerpt":{"rendered":"Derecho contractual alem\u00e1n e internacionalRB-Abogados KarlsruheP\u00e1ginasParticulares y empresarios celebran contratos todos los d\u00edas. Incluso de un modo t\u00e1cito, es decir, en virtud de un simple comportamiento, se puede dar lugar a un contrato. A menudo no somos en absoluto conscientes de cu\u00e1ndo y de qu\u00e9 modo se est\u00e1 generando un contrato. Nosotros le brindamos nuestro...","protected":false},"author":2,"featured_media":9198,"parent":0,"menu_order":0,"comment_status":"closed","ping_status":"closed","template":"","meta":{"footnotes":""},"class_list":["post-10045","page","type-page","status-publish","has-post-thumbnail","hentry"],"_links":{"self":[{"href":"https:\/\/rb-abogados.eu\/es\/wp-json\/wp\/v2\/pages\/10045","targetHints":{"allow":["GET"]}}],"collection":[{"href":"https:\/\/rb-abogados.eu\/es\/wp-json\/wp\/v2\/pages"}],"about":[{"href":"https:\/\/rb-abogados.eu\/es\/wp-json\/wp\/v2\/types\/page"}],"author":[{"embeddable":true,"href":"https:\/\/rb-abogados.eu\/es\/wp-json\/wp\/v2\/users\/2"}],"replies":[{"embeddable":true,"href":"https:\/\/rb-abogados.eu\/es\/wp-json\/wp\/v2\/comments?post=10045"}],"version-history":[{"count":5,"href":"https:\/\/rb-abogados.eu\/es\/wp-json\/wp\/v2\/pages\/10045\/revisions"}],"predecessor-version":[{"id":10189,"href":"https:\/\/rb-abogados.eu\/es\/wp-json\/wp\/v2\/pages\/10045\/revisions\/10189"}],"wp:featuredmedia":[{"embeddable":true,"href":"https:\/\/rb-abogados.eu\/es\/wp-json\/wp\/v2\/media\/9198"}],"wp:attachment":[{"href":"https:\/\/rb-abogados.eu\/es\/wp-json\/wp\/v2\/media?parent=10045"}],"curies":[{"name":"wp","href":"https:\/\/api.w.org\/{rel}","templated":true}]}}