{"id":10050,"date":"2020-06-09T16:47:00","date_gmt":"2020-06-09T14:47:00","guid":{"rendered":"https:\/\/rb-abogados.eu\/prozessfuehrung\/"},"modified":"2025-10-22T10:32:22","modified_gmt":"2025-10-22T08:32:22","slug":"derecho-procesal-en-alemania","status":"publish","type":"page","link":"https:\/\/rb-abogados.eu\/es\/derecho-procesal-en-alemania\/","title":{"rendered":"Derecho procesal en Alemania"},"content":{"rendered":"<section class=\"l-section wpb_row us_custom_d8b66435 height_custom with_img parallax_ver\"><div class=\"l-section-img\" role=\"img\" aria-label=\"Justiz Amtsgeb\u00e4ude\" data-img-width=\"1920\" data-img-height=\"1080\" style=\"background-image: url(https:\/\/rb-abogados.eu\/wp-content\/uploads\/16-9-_0019_rba-017.jpg);background-repeat: no-repeat;\"><\/div><div class=\"l-section-overlay\" style=\"background:rgba(0,3,46,0.55)\"><\/div><div class=\"l-section-h i-cf\"><div class=\"g-cols vc_row via_flex valign_top type_boxes stacking_default\"><div class=\"vc_col-sm-3 wpb_column vc_column_container\"><div class=\"vc_column-inner us_custom_b6a72ce1\"><div class=\"wpb_wrapper\"><\/div><\/div><\/div><div class=\"vc_col-sm-6 wpb_column vc_column_container us_animate_afb\" style=\"animation-delay:0.4s\"><div class=\"vc_column-inner us_custom_215bf59a\"><div class=\"wpb_wrapper\"><h1 class=\"w-post-elm post_title us_custom_27f484e3 has_text_color entry-title color_link_inherit\">Derecho procesal en Alemania<\/h1><div class=\"w-hwrapper us_custom_84be7deb valign_top align_none\"><\/div><nav class=\"g-breadcrumbs us_custom_6420b6dd has_text_color separator_icon align_none\" itemscope itemtype=\"http:\/\/schema.org\/BreadcrumbList\"><div class=\"g-breadcrumbs-item\" itemscope itemprop=\"itemListElement\" itemtype=\"http:\/\/schema.org\/ListItem\"><a itemprop=\"item\" href=\"https:\/\/rb-abogados.eu\/es\/\"><span itemprop=\"name\">RB-Abogados Karlsruhe<\/span><\/a><meta itemprop=\"position\" content=\"1\"\/><\/div><div class=\"g-breadcrumbs-separator\"><i class=\"far fa-angle-right\"><\/i><\/div><div class=\"g-breadcrumbs-item\">P\u00e1ginas<\/div><\/nav><\/div><\/div><\/div><div class=\"vc_col-sm-3 wpb_column vc_column_container\"><div class=\"vc_column-inner us_custom_b6a72ce1\"><div class=\"wpb_wrapper\"><\/div><\/div><\/div><\/div><\/div><\/section><section class=\"l-section wpb_row us_custom_1df8cfc6 height_custom\"><div class=\"l-section-h i-cf\"><div class=\"g-cols vc_row via_flex valign_top type_boxes stacking_default\"><div class=\"vc_col-sm-8 wpb_column vc_column_container\"><div class=\"vc_column-inner us_custom_e4a2b2bd\"><div class=\"wpb_wrapper\"><div class=\"g-cols wpb_row via_flex valign_top type_boxes stacking_default\"><div class=\"vc_col-sm-12 wpb_column vc_column_container\"><div class=\"vc_column-inner us_custom_863654e6\"><div class=\"wpb_wrapper\"><div class=\"wpb_text_column us_custom_2dbf7b3f\"><div class=\"wpb_wrapper\"><p><strong>En el marco de un proceso judicial, concebimos la asistencia a nuestros clientes en un sentido amplio, dedicando atenci\u00f3n a las consideraciones jur\u00eddicas y t\u00e1cticas, pero sin perder de vista sus objetivos estrat\u00e9gicos y la proporcionalidad econ\u00f3mica.<\/strong><\/p>\n<\/div><\/div><div class=\"wpb_text_column us_custom_50cc7d67\"><div class=\"wpb_wrapper\"><h2>Nuestra oferta de servicios en el \u00e1mbito del Derecho procesal alem\u00e1n<\/h2>\n<\/div><\/div><div class=\"w-hwrapper us_custom_0e289e22 valign_top align_none\"><\/div><div class=\"wpb_text_column us_custom_2dbf7b3f\"><div class=\"wpb_wrapper\"><ul class=\"arrow-list\">\n<li>Amplio asesoramiento en caso de conflicto<\/li>\n<li>Consideraci\u00f3n, an\u00e1lisis y valoraci\u00f3n del potencial general de conflicto<\/li>\n<li>Representaci\u00f3n procesal en la primera instancia mediante interposici\u00f3n de demandas o defensa frente a las mismas<\/li>\n<li>Interposici\u00f3n de recursos como la apelaci\u00f3n o la queja inmediata en las instancias siguientes una vez analizadas cuidadosamente las perspectivas de \u00e9xito.<\/li>\n<li>Representaci\u00f3n ante los juzgados civiles locales, tribunales regionales o superiores.<\/li>\n<li>Representaci\u00f3n ante los juzgados de asuntos laborales, sociales y administrativos.<\/li>\n<li>Procedimientos de urgencia: arresto e interdicto provisorio en Derecho civil o las medidas cautelares en el Derecho p\u00fablico.<\/li>\n<li>Reclamaci\u00f3n de deudas y proceso monitorio.<\/li>\n<li>Comprobaci\u00f3n y solicitud de medidas de ejecuci\u00f3n forzosa,<\/li>\n<li>Presentaci\u00f3n de objeci\u00f3n u oposici\u00f3n contra una reclamaci\u00f3n o mandato de ejecuci\u00f3n o un acto administrativo oneroso<\/li>\n<li>Actividades de mediaci\u00f3n<\/li>\n<\/ul>\n<\/div><\/div><div class=\"w-btn-wrapper align_none\"><a class=\"w-btn us-btn-style_3 us_custom_54e7f678 icon_atright\" href=\"https:\/\/www.rb-abogados.eu\/es\/areas-juridicas\/\"><span class=\"w-btn-label\">Todas las \u00e1reas de pr\u00e1ctica<\/span><i class=\"far fa-long-arrow-right\"><\/i><\/a><\/div><\/div><\/div><\/div><\/div><div class=\"w-hwrapper us_custom_ce2c73f7 valign_top align_none\"><\/div><\/div><\/div><\/div><div class=\"vc_col-sm-4 wpb_column vc_column_container\"><div class=\"vc_column-inner us_custom_11eb7aba\"><div class=\"wpb_wrapper\"><div class=\"g-cols wpb_row us_custom_9d2f0c5c via_flex valign_top type_boxes stacking_default\" id=\"Sie_haben_Fragen_Wir_haben_Antworten\"><div class=\"vc_col-sm-12 wpb_column vc_column_container\"><div class=\"vc_column-inner\"><div class=\"wpb_wrapper\"><div class=\"wpb_text_column us_custom_2dbf7b3f\"><div class=\"wpb_wrapper\"><h3 style=\"text-align: center;\">\u201c\u00bfTiene alguna pregunta? \u00a1Nosotros le daremos la respuesta!\u201d<\/h3>\n<\/div><\/div><div class=\"w-image us_custom_0c724352 has_height align_center\"><div class=\"w-image-h\"><img decoding=\"async\" width=\"600\" height=\"600\" src=\"https:\/\/rb-abogados.eu\/wp-content\/uploads\/Kristin-Fieberg-2.jpg\" class=\"attachment-us_600_600_crop size-us_600_600_crop\" alt=\"\" loading=\"lazy\" srcset=\"https:\/\/rb-abogados.eu\/wp-content\/uploads\/Kristin-Fieberg-2.jpg 600w, https:\/\/rb-abogados.eu\/wp-content\/uploads\/Kristin-Fieberg-2-300x300.jpg 300w, https:\/\/rb-abogados.eu\/wp-content\/uploads\/Kristin-Fieberg-2-150x150.jpg 150w, https:\/\/rb-abogados.eu\/wp-content\/uploads\/Kristin-Fieberg-2-100x100.jpg 100w, https:\/\/rb-abogados.eu\/wp-content\/uploads\/Kristin-Fieberg-2-200x200.jpg 200w, https:\/\/rb-abogados.eu\/wp-content\/uploads\/Kristin-Fieberg-2-400x400.jpg 400w, https:\/\/rb-abogados.eu\/wp-content\/uploads\/Kristin-Fieberg-2-60x60.jpg 60w\" sizes=\"auto, (max-width: 600px) 100vw, 600px\" \/><\/div><\/div><div class=\"wpb_text_column us_custom_34bb4333\"><div class=\"wpb_wrapper\"><h3 style=\"text-align: center;\">Kristin Fieberg<\/h3>\n<\/div><\/div><div class=\"wpb_text_column us_custom_b4c0c321\"><div class=\"wpb_wrapper\"><p style=\"text-align: center;\"><strong>Abogada alemana<\/strong><\/p>\n<\/div><\/div><div class=\"wpb_text_column\"><div class=\"wpb_wrapper\"><p style=\"text-align: center;\"><em>Partiendo de un amplio asesoramiento en caso de conflicto, Kristin Fieberg presta apoyo a sus clientes en los litigios judiciales en Alemania y Espa\u00f1a. Es parte integrante de su trabajo la comprensi\u00f3n, el an\u00e1lisis y la valoraci\u00f3n de la situaci\u00f3n real y jur\u00eddica antes de la interposici\u00f3n de la demanda, as\u00ed como la evaluaci\u00f3n de las perspectivas de \u00e9xito. <\/em><\/p>\n<\/div><\/div><\/div><\/div><\/div><\/div><div class=\"g-cols wpb_row us_custom_6d21401c via_flex valign_middle type_boxes stacking_default\"><div class=\"vc_col-sm-12 wpb_column vc_column_container us_animate_afb\" style=\"animation-delay:0.4s\"><div class=\"vc_column-inner us_custom_0d478c3f\"><div class=\"wpb_wrapper\">[vc_raw_html css=\u00bb%7B%22default%22%3A%7B%22color%22%3A%22%23000443%22%2C%22text-align%22%3A%22center%22%2C%22font-size%22%3A%2240px%22%2C%22line-height%22%3A%2280px%22%2C%22background-color%22%3A%22%23ffffff%22%2C%22width%22%3A%2280px%22%2C%22height%22%3A%2280px%22%2C%22margin-top%22%3A%22-40px%22%2C%22padding-bottom%22%3A%220%22%2C%22box-shadow-h-offset%22%3A%220%22%2C%22box-shadow-v-offset%22%3A%2210px%22%2C%22box-shadow-blur%22%3A%2215px%22%2C%22box-shadow-color%22%3A%22rgba%280%2C4%2C67%2C0.15%29%22%7D%7D\u00bb]JTNDaSUyMGNsYXNzJTNEJTIyZmFsJTIwZmEtcGhvbmUlMjIlM0UlM0MlMkZpJTNF[\/vc_raw_html]<div class=\"wpb_text_column us_custom_fe7f911b has_text_color\"><div class=\"wpb_wrapper\"><p><strong>\u00bfTiene usted una consulta especial o busca asesoramiento jur\u00eddico en un caso concreto?<\/strong><\/p>\n<\/div><\/div><div class=\"w-btn-wrapper align_none\"><a class=\"w-btn us-btn-style_5 icon_atright\" href=\"https:\/\/www.rb-abogados.eu\/es\/contacto\/\"><span class=\"w-btn-label\">Contacte con nosotros<\/span><i class=\"far fa-long-arrow-right\"><\/i><\/a><\/div><\/div><\/div><\/div><\/div>\n<\/div><\/div><\/div><\/div><\/div><\/section>\n","protected":false},"excerpt":{"rendered":"Derecho procesal en AlemaniaRB-Abogados KarlsruheP\u00e1ginasEn el marco de un proceso judicial, concebimos la asistencia a nuestros clientes en un sentido amplio, dedicando atenci\u00f3n a las consideraciones jur\u00eddicas y t\u00e1cticas, pero sin perder de vista sus objetivos estrat\u00e9gicos y la proporcionalidad econ\u00f3mica. Nuestra oferta de servicios en el \u00e1mbito del Derecho procesal alem\u00e1n Amplio asesoramiento en...","protected":false},"author":2,"featured_media":9154,"parent":0,"menu_order":0,"comment_status":"closed","ping_status":"closed","template":"","meta":{"footnotes":""},"class_list":["post-10050","page","type-page","status-publish","has-post-thumbnail","hentry"],"_links":{"self":[{"href":"https:\/\/rb-abogados.eu\/es\/wp-json\/wp\/v2\/pages\/10050","targetHints":{"allow":["GET"]}}],"collection":[{"href":"https:\/\/rb-abogados.eu\/es\/wp-json\/wp\/v2\/pages"}],"about":[{"href":"https:\/\/rb-abogados.eu\/es\/wp-json\/wp\/v2\/types\/page"}],"author":[{"embeddable":true,"href":"https:\/\/rb-abogados.eu\/es\/wp-json\/wp\/v2\/users\/2"}],"replies":[{"embeddable":true,"href":"https:\/\/rb-abogados.eu\/es\/wp-json\/wp\/v2\/comments?post=10050"}],"version-history":[{"count":5,"href":"https:\/\/rb-abogados.eu\/es\/wp-json\/wp\/v2\/pages\/10050\/revisions"}],"predecessor-version":[{"id":11434,"href":"https:\/\/rb-abogados.eu\/es\/wp-json\/wp\/v2\/pages\/10050\/revisions\/11434"}],"wp:featuredmedia":[{"embeddable":true,"href":"https:\/\/rb-abogados.eu\/es\/wp-json\/wp\/v2\/media\/9154"}],"wp:attachment":[{"href":"https:\/\/rb-abogados.eu\/es\/wp-json\/wp\/v2\/media?parent=10050"}],"curies":[{"name":"wp","href":"https:\/\/api.w.org\/{rel}","templated":true}]}}