{"id":10119,"date":"2020-04-29T11:18:45","date_gmt":"2020-04-29T09:18:45","guid":{"rendered":"https:\/\/rb-abogados.eu\/mediation\/"},"modified":"2021-11-16T14:16:45","modified_gmt":"2021-11-16T13:16:45","slug":"mediacion","status":"publish","type":"page","link":"https:\/\/rb-abogados.eu\/es\/mediacion\/","title":{"rendered":"Mediaci\u00f3n"},"content":{"rendered":"<section class=\"l-section wpb_row us_custom_d8b66435 height_custom with_img parallax_ver\"><div class=\"l-section-img\" role=\"img\" aria-label=\"Hand h\u00e4lt fallende Dominosteine auf\" data-img-width=\"1920\" data-img-height=\"1080\" style=\"background-image: url(https:\/\/rb-abogados.eu\/wp-content\/uploads\/16-9-_0032_rba-041.jpg);background-repeat: no-repeat;\"><\/div><div class=\"l-section-overlay\" style=\"background:rgba(0,3,46,0.55)\"><\/div><div class=\"l-section-h i-cf\"><div class=\"g-cols vc_row via_flex valign_top type_boxes stacking_default\"><div class=\"vc_col-sm-3 wpb_column vc_column_container\"><div class=\"vc_column-inner us_custom_b6a72ce1\"><div class=\"wpb_wrapper\"><\/div><\/div><\/div><div class=\"vc_col-sm-6 wpb_column vc_column_container has_text_color us_animate_afb\" style=\"animation-delay:0.4s\"><div class=\"vc_column-inner us_custom_6aa6a520\"><div class=\"wpb_wrapper\"><h1 class=\"w-post-elm post_title us_custom_27f484e3 has_text_color entry-title color_link_inherit\">Mediaci\u00f3n<\/h1><div class=\"w-hwrapper us_custom_84be7deb valign_top align_none\"><\/div><nav class=\"g-breadcrumbs us_custom_09e175ae has_text_color separator_icon align_none\" itemscope itemtype=\"http:\/\/schema.org\/BreadcrumbList\"><div class=\"g-breadcrumbs-item\" itemscope itemprop=\"itemListElement\" itemtype=\"http:\/\/schema.org\/ListItem\"><a itemprop=\"item\" href=\"https:\/\/rb-abogados.eu\/es\/\"><span itemprop=\"name\">RB-Abogados Karlsruhe<\/span><\/a><meta itemprop=\"position\" content=\"1\"\/><\/div><div class=\"g-breadcrumbs-separator\"><i class=\"far fa-angle-right\"><\/i><\/div><div class=\"g-breadcrumbs-item\">P\u00e1ginas<\/div><\/nav><\/div><\/div><\/div><div class=\"vc_col-sm-3 wpb_column vc_column_container\"><div class=\"vc_column-inner us_custom_b6a72ce1\"><div class=\"wpb_wrapper\"><\/div><\/div><\/div><\/div><\/div><\/section><section class=\"l-section wpb_row us_custom_f6a39863 height_custom\"><div class=\"l-section-h i-cf\"><div class=\"g-cols vc_row via_flex valign_top type_boxes stacking_default\"><div class=\"vc_col-sm-12 vc_col-lg-4 vc_col-md-6 wpb_column vc_column_container stretched\"><div class=\"vc_column-inner us_custom_2bcccb43\"><div class=\"wpb_wrapper\"><div class=\"w-image us_custom_2dbf7b3f align_none\"><div class=\"w-image-h\"><img decoding=\"async\" width=\"1024\" height=\"683\" src=\"https:\/\/rb-abogados.eu\/wp-content\/uploads\/mediatoren-1-1024x683.jpg\" class=\"attachment-large size-large\" alt=\"UNsere Mediatoren\" loading=\"lazy\" srcset=\"https:\/\/rb-abogados.eu\/wp-content\/uploads\/mediatoren-1-1024x683.jpg 1024w, https:\/\/rb-abogados.eu\/wp-content\/uploads\/mediatoren-1-300x200.jpg 300w, https:\/\/rb-abogados.eu\/wp-content\/uploads\/mediatoren-1.jpg 1920w\" sizes=\"auto, (max-width: 1024px) 100vw, 1024px\" \/><\/div><\/div><div class=\"g-cols wpb_row us_custom_6d21401c via_flex valign_middle type_boxes stacking_default\"><div class=\"vc_col-sm-12 wpb_column vc_column_container us_animate_afb\" style=\"animation-delay:0.4s\"><div class=\"vc_column-inner us_custom_0d478c3f\"><div class=\"wpb_wrapper\">[vc_raw_html css=\u00bb%7B%22default%22%3A%7B%22color%22%3A%22%23000443%22%2C%22text-align%22%3A%22center%22%2C%22font-size%22%3A%2240px%22%2C%22line-height%22%3A%2280px%22%2C%22background-color%22%3A%22%23ffffff%22%2C%22width%22%3A%2280px%22%2C%22height%22%3A%2280px%22%2C%22margin-top%22%3A%22-40px%22%2C%22padding-bottom%22%3A%220%22%2C%22box-shadow-h-offset%22%3A%220%22%2C%22box-shadow-v-offset%22%3A%2210px%22%2C%22box-shadow-blur%22%3A%2215px%22%2C%22box-shadow-color%22%3A%22rgba%280%2C4%2C67%2C0.15%29%22%7D%7D\u00bb]JTNDaSUyMGNsYXNzJTNEJTIyZmFsJTIwZmEtcGhvbmUlMjIlM0UlM0MlMkZpJTNF[\/vc_raw_html]<div class=\"wpb_text_column us_custom_fe7f911b has_text_color\"><div class=\"wpb_wrapper\"><p><strong>\u00bfTiene usted una consulta especial o busca asesoramiento jur\u00eddico en un caso concreto?<\/strong><\/p>\n<\/div><\/div><div class=\"w-btn-wrapper align_none\"><a class=\"w-btn us-btn-style_5 icon_atright\" href=\"https:\/\/www.rb-abogados.eu\/es\/contacto\/\"><span class=\"w-btn-label\">Contacte con nosotros<\/span><i class=\"far fa-long-arrow-right\"><\/i><\/a><\/div><\/div><\/div><\/div><\/div>\n<\/div><\/div><\/div><div class=\"vc_col-sm-12 vc_col-lg-8 vc_col-md-6 wpb_column vc_column_container\"><div class=\"vc_column-inner us_custom_a96dd54b\"><div class=\"wpb_wrapper\"><div class=\"g-cols wpb_row via_flex valign_top type_boxes stacking_default\"><div class=\"vc_col-sm-12 wpb_column vc_column_container\"><div class=\"vc_column-inner us_custom_863654e6\"><div class=\"wpb_wrapper\"><div class=\"wpb_text_column us_custom_50cc7d67\"><div class=\"wpb_wrapper\"><h2>Nuestra oferta de servicio para usted: la mediaci\u00f3n<\/h2>\n<\/div><\/div><div class=\"w-hwrapper us_custom_0e289e22 valign_top align_none\"><\/div><div class=\"wpb_text_column\"><div class=\"wpb_wrapper\"><p><strong>Los conflictos de todo tipo tienen importantes consecuencias para todos los implicados. A trav\u00e9s de una mediaci\u00f3n, usted se permite la posibilidad de buscar soluciones con futuro, actuando de una manera responsable, participando en la toma de decisiones y considerando los intereses y necesidades de todos los implicados. Usted decide de qu\u00e9 temas desea hablar y qu\u00e9 asuntos desea regular. Ahorre recursos valiosos y complicados procesos judiciales y elabore con nuestro apoyo neutral y profesional soluciones conjuntas sostenibles.<\/strong><\/p>\n<p>En el marco de un proceso estructurado en base a la ley alemana de mediaci\u00f3n (MediationsG) le ofrecemos la posibilidad de resolver conflictos y de mediar en caso de disputa, tambi\u00e9n sin necesidad de someterse a complicados procesos judiciales. Le garantizamos en todo momento un tratamiento confidencial, que queda fijado por escrito en un contrato de mediaci\u00f3n.<\/p>\n<p>Es posible tratar conflictos de muy diferente naturaleza, como por ejemplo las disputas en el marco de un asunto sucesorio, entre empleadores y empleados, entre la gerencia y los representantes de los trabajadores, los litigios con otras empresas, as\u00ed como los conflictos derivados de las separaciones y la custodia de los menores.<\/p>\n<p>Nuestros mediadores en el \u00e1mbito econ\u00f3mico cuentan con una formaci\u00f3n en conformidad con la nueva ley alemana de mediaci\u00f3n y gestionan sus obligaciones de actuaci\u00f3n y sus actividades de acuerdo con las disposiciones de dicha ley, garantizando as\u00ed en todo momento su independencia y la neutralidad.<\/p>\n<p>Puede consultar la nueva ley alemana de mediaci\u00f3n en el siguiente enlace: <a href=\"http:\/\/www.gesetze-im-internet.de\/bundesrecht\/mediationsg\/gesamt.pdf\"><strong>http:\/\/www.gesetze-im-internet.de\/bundesrecht\/mediationsg\/gesamt.pdf<\/strong><\/a><\/p>\n<p>Le aclararemos con mucho gusto personalmente cu\u00e1les son las tareas de un mediador en detalle, el proceso de mediaci\u00f3n, as\u00ed como sus costes y ventajas.<\/p>\n<p><a href=\"https:\/\/rb-abogados.eu\/kontakt\/\"><strong>Para ello p\u00f3ngase por favor en contacto con nosotros.<\/strong><\/a><\/p>\n<\/div><\/div><div class=\"w-hwrapper us_custom_ce2c73f7 valign_top align_none\"><\/div><\/div><\/div><\/div><\/div><\/div><\/div><\/div><\/div><\/div><\/section><section class=\"l-section wpb_row us_custom_deb4006a height_custom\"><div class=\"l-section-h i-cf\"><div class=\"g-cols vc_row via_flex valign_top type_boxes stacking_default\"><div class=\"vc_col-sm-6 wpb_column vc_column_container\"><div class=\"vc_column-inner us_custom_1113c479\"><div class=\"wpb_wrapper\"><div class=\"g-cols wpb_row via_flex valign_top type_boxes stacking_default\"><div class=\"vc_col-sm-12 wpb_column vc_column_container\"><div class=\"vc_column-inner us_custom_863654e6\"><div class=\"wpb_wrapper\"><div class=\"wpb_text_column us_custom_50cc7d67\"><div class=\"wpb_wrapper\"><h2>\u00c1reas tem\u00e1ticas<\/h2>\n<\/div><\/div><div class=\"w-hwrapper us_custom_0e289e22 valign_top align_none\"><\/div><div class=\"wpb_text_column\"><div class=\"wpb_wrapper\"><ul class=\"arrow-list\">\n<li>Mediaci\u00f3n en conflictos derivados de asuntos sucesorios \u2013 comunidades de herederos<\/li>\n<li>Mediaci\u00f3n dentro de una organizaci\u00f3n, en el \u00e1mbito econ\u00f3mico<\/li>\n<li>Mediaci\u00f3n en conflictos de pareja o familiares en el marco de un divorcio, temas relativos a la custodia de los menores<\/li>\n<li>Mediaci\u00f3n con car\u00e1cter de ayuda orientativa en casos de acoso laboral u otros conflictos<\/li>\n<li>Mediaci\u00f3n en casos de sucesi\u00f3n en una empresa familiar<\/li>\n<li>Mediaci\u00f3n en escuelas o asociaciones<\/li>\n<\/ul>\n<\/div><\/div><div class=\"w-hwrapper us_custom_ce2c73f7 valign_top align_none\"><\/div><\/div><\/div><\/div><\/div><\/div><\/div><\/div><div class=\"vc_col-sm-6 wpb_column vc_column_container\" id=\"contact-form\"><div class=\"vc_column-inner us_custom_1019a3c4\"><div class=\"wpb_wrapper\"><div class=\"g-cols wpb_row via_flex valign_top type_boxes stacking_default\"><div class=\"vc_col-sm-12 wpb_column vc_column_container has_bg_color\"><div class=\"vc_column-inner us_custom_e88b0bfd\"><div class=\"wpb_wrapper\"><div class=\"wpb_text_column us_custom_50cc7d67\"><div class=\"wpb_wrapper\"><h2>FORMULARIO DE CONTACTO<\/h2>\n<\/div><\/div><div class=\"w-hwrapper us_custom_0c3a69a8 valign_top align_none\"><\/div>\n<div class=\"wpcf7 no-js\" id=\"wpcf7-f10149-o1\" lang=\"es-ES\" dir=\"ltr\" data-wpcf7-id=\"10149\">\n<div class=\"screen-reader-response\"><p role=\"status\" aria-live=\"polite\" aria-atomic=\"true\"><\/p> <ul><\/ul><\/div>\n<form action=\"\/es\/wp-json\/wp\/v2\/pages\/10119#wpcf7-f10149-o1\" method=\"post\" class=\"wpcf7-form init\" aria-label=\"Formulario de contacto\" novalidate=\"novalidate\" data-status=\"init\">\n<fieldset class=\"hidden-fields-container\"><input type=\"hidden\" name=\"_wpcf7\" value=\"10149\" \/><input type=\"hidden\" name=\"_wpcf7_version\" value=\"6.1.5\" \/><input type=\"hidden\" name=\"_wpcf7_locale\" value=\"es_ES\" \/><input type=\"hidden\" name=\"_wpcf7_unit_tag\" value=\"wpcf7-f10149-o1\" \/><input type=\"hidden\" name=\"_wpcf7_container_post\" value=\"0\" \/><input type=\"hidden\" name=\"_wpcf7_posted_data_hash\" value=\"\" \/>\n<\/fieldset>\n<label><span class=\"wpcf7-form-control-wrap\" data-name=\"Firma\"><input size=\"40\" maxlength=\"400\" class=\"wpcf7-form-control wpcf7-text\" aria-invalid=\"false\" placeholder=\"Empresa\" value=\"\" type=\"text\" name=\"Firma\" \/><\/span><\/label>\n<span id=\"wpcf7-6a0057f2793bf-wrapper\" class=\"wpcf7-form-control-wrap honeypot-391-wrap\" style=\"display:none !important; visibility:hidden !important;\"><label for=\"wpcf7-6a0057f2793bf-field\" class=\"hp-message\">Por favor, deja este campo vac\u00edo.<\/label><input id=\"wpcf7-6a0057f2793bf-field\"  class=\"wpcf7-form-control wpcf7-text\" type=\"text\" name=\"honeypot-391\" value=\"\" size=\"40\" tabindex=\"-1\" autocomplete=\"new-password\" \/><\/span>\n<label><span class=\"wpcf7-form-control-wrap\" data-name=\"name-kontakt\"><input size=\"40\" maxlength=\"400\" class=\"wpcf7-form-control wpcf7-text wpcf7-validates-as-required\" aria-required=\"true\" aria-invalid=\"false\" placeholder=\"Sus apellidos*\" value=\"\" type=\"text\" name=\"name-kontakt\" \/><\/span><\/label>\n<span class=\"wpcf7-form-control-wrap\" data-name=\"vorname-kontakt\"><input size=\"40\" maxlength=\"400\" class=\"wpcf7-form-control wpcf7-text wpcf7-validates-as-required\" aria-required=\"true\" aria-invalid=\"false\" placeholder=\"Su nombre*\" value=\"\" type=\"text\" name=\"vorname-kontakt\" \/><\/span>\n<label><span class=\"wpcf7-form-control-wrap\" data-name=\"email-kontakt\"><input size=\"40\" maxlength=\"400\" class=\"wpcf7-form-control wpcf7-email wpcf7-validates-as-required wpcf7-text wpcf7-validates-as-email\" aria-required=\"true\" aria-invalid=\"false\" placeholder=\"E-Mail*\" value=\"\" type=\"email\" name=\"email-kontakt\" \/><\/span> <\/label>\n<label><span class=\"wpcf7-form-control-wrap\" data-name=\"tel-kontakt\"><input size=\"40\" maxlength=\"400\" class=\"wpcf7-form-control wpcf7-tel wpcf7-validates-as-required wpcf7-text wpcf7-validates-as-tel\" aria-required=\"true\" aria-invalid=\"false\" placeholder=\"Tel\u00e9fono*\" value=\"\" type=\"tel\" name=\"tel-kontakt\" \/><\/span> <\/label>\n<label><span class=\"wpcf7-form-control-wrap\" data-name=\"nachricht-kontakt\"><textarea cols=\"40\" rows=\"10\" maxlength=\"2000\" class=\"wpcf7-form-control wpcf7-textarea wpcf7-validates-as-required\" aria-required=\"true\" aria-invalid=\"false\" placeholder=\"Mensaje*\" name=\"nachricht-kontakt\"><\/textarea><\/span><\/label>\n<span class=\"wpcf7-form-control-wrap\" data-name=\"consent-kontakt\"><span class=\"wpcf7-form-control wpcf7-acceptance\"><span class=\"wpcf7-list-item\"><label><input type=\"checkbox\" name=\"consent-kontakt\" value=\"1\" aria-invalid=\"false\" \/><span class=\"wpcf7-list-item-label\">He le\u00eddo y acepto la <a href=\"https:\/\/www.rb-abogados.eu\/es\/politica-de-privacidad\/\">pol\u00edtica de privacidad.<\/a><\/span><\/label><\/span><\/span><\/span><input class=\"wpcf7-form-control wpcf7-submit has-spinner\" type=\"submit\" value=\"enviar\" \/><p style=\"display: none !important;\" class=\"akismet-fields-container\" data-prefix=\"_wpcf7_ak_\"><label>&#916;<textarea name=\"_wpcf7_ak_hp_textarea\" cols=\"45\" rows=\"8\" maxlength=\"100\"><\/textarea><\/label><input type=\"hidden\" id=\"ak_js_1\" name=\"_wpcf7_ak_js\" value=\"159\"\/><script>\ndocument.getElementById( \"ak_js_1\" ).setAttribute( \"value\", ( new Date() ).getTime() );\n<\/script>\n<\/p><div class=\"wpcf7-response-output\" aria-hidden=\"true\"><\/div>\n<\/form>\n<\/div>\n<\/div><\/div><\/div><\/div><\/div><\/div><\/div><\/div><\/div><\/section>\n","protected":false},"excerpt":{"rendered":"Mediaci\u00f3nRB-Abogados KarlsruheP\u00e1ginas[vc_raw_html css=\u00bb%7B%22default%22%3A%7B%22color%22%3A%22%23000443%22%2C%22text-align%22%3A%22center%22%2C%22font-size%22%3A%2240px%22%2C%22line-height%22%3A%2280px%22%2C%22background-color%22%3A%22%23ffffff%22%2C%22width%22%3A%2280px%22%2C%22height%22%3A%2280px%22%2C%22margin-top%22%3A%22-40px%22%2C%22padding-bottom%22%3A%220%22%2C%22box-shadow-h-offset%22%3A%220%22%2C%22box-shadow-v-offset%22%3A%2210px%22%2C%22box-shadow-blur%22%3A%2215px%22%2C%22box-shadow-color%22%3A%22rgba%280%2C4%2C67%2C0.15%29%22%7D%7D\u00bb]JTNDaSUyMGNsYXNzJTNEJTIyZmFsJTIwZmEtcGhvbmUlMjIlM0UlM0MlMkZpJTNF[\/vc_raw_html]\u00bfTiene usted una consulta especial o busca asesoramiento jur\u00eddico en un caso concreto? Contacte con nosotros Nuestra oferta de servicio para usted: la mediaci\u00f3n Los conflictos de todo tipo tienen importantes consecuencias para todos los implicados. A trav\u00e9s de una mediaci\u00f3n, usted se permite la posibilidad de buscar soluciones con futuro, actuando de...","protected":false},"author":2,"featured_media":9167,"parent":0,"menu_order":0,"comment_status":"closed","ping_status":"closed","template":"","meta":{"footnotes":""},"class_list":["post-10119","page","type-page","status-publish","has-post-thumbnail","hentry"],"_links":{"self":[{"href":"https:\/\/rb-abogados.eu\/es\/wp-json\/wp\/v2\/pages\/10119","targetHints":{"allow":["GET"]}}],"collection":[{"href":"https:\/\/rb-abogados.eu\/es\/wp-json\/wp\/v2\/pages"}],"about":[{"href":"https:\/\/rb-abogados.eu\/es\/wp-json\/wp\/v2\/types\/page"}],"author":[{"embeddable":true,"href":"https:\/\/rb-abogados.eu\/es\/wp-json\/wp\/v2\/users\/2"}],"replies":[{"embeddable":true,"href":"https:\/\/rb-abogados.eu\/es\/wp-json\/wp\/v2\/comments?post=10119"}],"version-history":[{"count":5,"href":"https:\/\/rb-abogados.eu\/es\/wp-json\/wp\/v2\/pages\/10119\/revisions"}],"predecessor-version":[{"id":10185,"href":"https:\/\/rb-abogados.eu\/es\/wp-json\/wp\/v2\/pages\/10119\/revisions\/10185"}],"wp:featuredmedia":[{"embeddable":true,"href":"https:\/\/rb-abogados.eu\/es\/wp-json\/wp\/v2\/media\/9167"}],"wp:attachment":[{"href":"https:\/\/rb-abogados.eu\/es\/wp-json\/wp\/v2\/media?parent=10119"}],"curies":[{"name":"wp","href":"https:\/\/api.w.org\/{rel}","templated":true}]}}