{"id":8804,"date":"2020-04-29T13:02:22","date_gmt":"2020-04-29T11:02:22","guid":{"rendered":"https:\/\/rb-abogados.eu\/el-bufete\/philosophie\/"},"modified":"2021-11-16T14:03:10","modified_gmt":"2021-11-16T13:03:10","slug":"filosofia","status":"publish","type":"page","link":"https:\/\/rb-abogados.eu\/es\/el-bufete\/filosofia\/","title":{"rendered":"Filosof\u00eda"},"content":{"rendered":"<section class=\"l-section wpb_row us_custom_d8b66435 height_custom with_img parallax_ver\"><div class=\"l-section-img\" role=\"img\" aria-label=\"Ast eines Olivenbaums\" data-img-width=\"1920\" data-img-height=\"1080\" style=\"background-image: url(https:\/\/rb-abogados.eu\/wp-content\/uploads\/16-9-_0015_rba-013.jpg);background-repeat: no-repeat;\"><\/div><div class=\"l-section-overlay\" style=\"background:rgba(0,3,46,0.55)\"><\/div><div class=\"l-section-h i-cf\"><div class=\"g-cols vc_row via_flex valign_top type_boxes stacking_default\"><div class=\"vc_col-sm-3 wpb_column vc_column_container\"><div class=\"vc_column-inner us_custom_b6a72ce1\"><div class=\"wpb_wrapper\"><\/div><\/div><\/div><div class=\"vc_col-sm-6 wpb_column vc_column_container us_animate_afb\" style=\"animation-delay:0.4s\"><div class=\"vc_column-inner us_custom_c46d089f\"><div class=\"wpb_wrapper\"><h1 class=\"w-post-elm post_title us_custom_27f484e3 has_text_color entry-title color_link_inherit\">Filosof\u00eda<\/h1><div class=\"w-hwrapper us_custom_84be7deb valign_top align_none\"><\/div><nav class=\"g-breadcrumbs us_custom_c46e0ed5 has_text_color separator_icon align_none\" itemscope itemtype=\"http:\/\/schema.org\/BreadcrumbList\"><div class=\"g-breadcrumbs-item\" itemscope itemprop=\"itemListElement\" itemtype=\"http:\/\/schema.org\/ListItem\"><a itemprop=\"item\" href=\"https:\/\/rb-abogados.eu\/es\/\"><span itemprop=\"name\">RB-Abogados Karlsruhe<\/span><\/a><meta itemprop=\"position\" content=\"1\"\/><\/div><div class=\"g-breadcrumbs-separator\"><i class=\"far fa-angle-right\"><\/i><\/div><div class=\"g-breadcrumbs-item\">P\u00e1ginas<\/div><\/nav><\/div><\/div><\/div><div class=\"vc_col-sm-3 wpb_column vc_column_container\"><div class=\"vc_column-inner us_custom_b6a72ce1\"><div class=\"wpb_wrapper\"><\/div><\/div><\/div><\/div><\/div><\/section><section class=\"l-section wpb_row us_custom_a2cbac65 height_custom\"><div class=\"l-section-h i-cf\"><div class=\"g-cols vc_row via_flex valign_top type_boxes stacking_default\" style=\"--additional-gap:1.5rem;\"><div class=\"vc_col-sm-12 vc_col-lg-6 vc_col-md-12 vc_col-xs-12 wpb_column vc_column_container mc-0 has_bg_color\"><div class=\"vc_column-inner us_custom_641c7f1b\"><div class=\"wpb_wrapper\"><div class=\"w-hwrapper us_custom_d76a8710 valign_middle align_center\">[vc_raw_html css=\u00bb%7B%22default%22%3A%7B%22color%22%3A%22%23ffffff%22%2C%22font-size%22%3A%2240px%22%2C%22line-height%22%3A%2240px%22%7D%7D\u00bb]JTNDaSUyMGNsYXNzJTNEJTIyZmFsJTIwZmEtdXNlci1sb2NrJTIyJTNFJTNDJTJGaSUzRQ==[\/vc_raw_html]<\/div><div class=\"wpb_text_column us_custom_d77e8979\"><div class=\"wpb_wrapper\"><p class=\"vertitex2\">SOMOS MERECEDORES DE SU CONFIANZA.<\/p>\n<\/div><\/div><div class=\"wpb_text_column us_custom_50cc7d67\"><div class=\"wpb_wrapper\"><h2 class=\"vertitex\">CONFIANZA<\/h2>\n<\/div><\/div><div class=\"wpb_text_column\"><div class=\"wpb_wrapper\"><p>Le asesoramos de manera directa, sincera y comprensible, sin ocultarnos detr\u00e1s del vocabulario jur\u00eddico. Con mucho gusto le indicaremos a qui\u00e9n debe dirigirse en caso de que su consulta no se corresponda con nuestros \u00e1mbitos de especializaci\u00f3n.<\/p>\n<\/div><\/div><div class=\"w-hwrapper us_custom_9577d85d valign_top align_none\"><\/div><\/div><\/div><\/div><div class=\"vc_col-sm-12 vc_col-lg-6 vc_col-md-12 vc_col-xs-12 wpb_column vc_column_container mc-0 has_bg_color\"><div class=\"vc_column-inner us_custom_7982dbf6\"><div class=\"wpb_wrapper\"><div class=\"w-hwrapper us_custom_d76a8710 valign_middle align_center\">[vc_raw_html css=\u00bb%7B%22default%22%3A%7B%22color%22%3A%22%23ffffff%22%2C%22text-align%22%3A%22center%22%2C%22font-size%22%3A%2240px%22%2C%22line-height%22%3A%2240px%22%2C%22padding-bottom%22%3A%220%22%7D%7D\u00bb]JTNDaSUyMGNsYXNzJTNEJTIyZmFsJTIwZmEtdXNlci1jaXJjbGUlMjIlM0UlM0MlMkZpJTNF[\/vc_raw_html]<\/div><div class=\"wpb_text_column us_custom_d77e8979\"><div class=\"wpb_wrapper\"><p class=\"vertitex2\">Nos ocupamos de su caso sin perder de vista lo que para usted es importante.<\/p>\n<\/div><\/div><div class=\"wpb_text_column us_custom_50cc7d67\"><div class=\"wpb_wrapper\"><h2 class=\"vertitex\">UNA ATENCI\u00d3N INDIVIDUALIZADA<\/h2>\n<\/div><\/div><div class=\"wpb_text_column\"><div class=\"wpb_wrapper\"><p>Como cliente, usted tiene derecho a recibir un asesoramiento personal y competente en su consulta. Nuestro cometido es comprender sus objetivos lo mejor posible y perseguirlos de modo consecuente.<\/p>\n<\/div><\/div><div class=\"w-hwrapper us_custom_9577d85d valign_top align_none\"><\/div><\/div><\/div><\/div><\/div><\/div><\/section><section class=\"l-section wpb_row us_custom_3ab9d47c height_custom\"><div class=\"l-section-h i-cf\"><div class=\"g-cols vc_row via_flex valign_top type_boxes stacking_default\" style=\"--additional-gap:1.5rem;\"><div class=\"vc_col-sm-12 vc_col-lg-6 vc_col-md-12 vc_col-xs-12 wpb_column vc_column_container mc-0 has_bg_color\"><div class=\"vc_column-inner us_custom_641c7f1b\"><div class=\"wpb_wrapper\"><div class=\"w-hwrapper us_custom_d76a8710 valign_middle align_center\">[vc_raw_html css=\u00bb%7B%22default%22%3A%7B%22color%22%3A%22%23ffffff%22%2C%22text-align%22%3A%22center%22%2C%22font-size%22%3A%2240px%22%2C%22line-height%22%3A%2240px%22%2C%22padding-bottom%22%3A%220%22%7D%7D\u00bb]JTNDaSUyMGNsYXNzJTNEJTIyZmFsJTIwZmEtbGFuZ3VhZ2UlMjIlM0UlM0MlMkZpJTNF[\/vc_raw_html]<\/div><div class=\"wpb_text_column us_custom_d77e8979\"><div class=\"wpb_wrapper\"><p class=\"vertitex2\">Hablamos su idioma.<\/p>\n<\/div><\/div><div class=\"wpb_text_column us_custom_50cc7d67\"><div class=\"wpb_wrapper\"><h2 class=\"vertitex\">IDIOMAS<\/h2>\n<\/div><\/div><div class=\"wpb_text_column\"><div class=\"wpb_wrapper\"><p>Hablamos su mismo idioma, en el sentido m\u00e1s amplio de la expresi\u00f3n, pues nos comunicamos con usted en espa\u00f1ol y\/o alem\u00e1n y concedemos al mismo tiempo la mayor importancia a una presentaci\u00f3n clara, transparente y sobre todo comprensible de la situaci\u00f3n.<\/p>\n<\/div><\/div><div class=\"w-hwrapper us_custom_9577d85d valign_top align_none\"><\/div><\/div><\/div><\/div><div class=\"vc_col-sm-12 vc_col-lg-6 vc_col-md-12 vc_col-xs-12 wpb_column vc_column_container mc-0 has_bg_color\"><div class=\"vc_column-inner us_custom_7982dbf6\"><div class=\"wpb_wrapper\"><div class=\"w-hwrapper us_custom_d76a8710 valign_middle align_center\">[vc_raw_html css=\u00bb%7B%22default%22%3A%7B%22color%22%3A%22%23ffffff%22%2C%22text-align%22%3A%22center%22%2C%22font-size%22%3A%2240px%22%2C%22line-height%22%3A%2240px%22%2C%22padding-bottom%22%3A%220%22%7D%7D\u00bb]JTNDaSUyMGNsYXNzJTNEJTIyZmFsJTIwZmEtY29tbWVudHMtYWx0JTIyJTNFJTNDJTJGaSUzRQ==[\/vc_raw_html]<\/div><div class=\"wpb_text_column us_custom_d77e8979\"><div class=\"wpb_wrapper\"><p class=\"vertitex2\">Centramos toda nuestra atenci\u00f3n en alcanzar sus objetivos.<\/p>\n<\/div><\/div><div class=\"wpb_text_column us_custom_50cc7d67\"><div class=\"wpb_wrapper\"><h2 class=\"vertitex\">ORIENTADOS A LOS OBJETIVOS<\/h2>\n<\/div><\/div><div class=\"wpb_text_column\"><div class=\"wpb_wrapper\"><p>Una vez analizada su consulta, buscaremos siempre una soluci\u00f3n adecuada y efectiva. Como el Derecho y la Jurisdicci\u00f3n est\u00e1n sometidos a continuos cambios, consideramos como un aspecto esencial de nuestra labor mantenernos siempre bien informados para poder ofrecerle el mejor asesoramiento.<\/p>\n<\/div><\/div><div class=\"w-hwrapper us_custom_9577d85d valign_top align_none\"><\/div><\/div><\/div><\/div><\/div><\/div><\/section><section class=\"l-section wpb_row us_custom_3ab9d47c height_custom\"><div class=\"l-section-h i-cf\"><div class=\"g-cols vc_row via_flex valign_top type_boxes stacking_default\" style=\"--additional-gap:1.5rem;\"><div class=\"vc_col-sm-12 vc_col-lg-6 vc_col-md-12 vc_col-xs-12 wpb_column vc_column_container mc-0 has_bg_color\"><div class=\"vc_column-inner us_custom_641c7f1b\"><div class=\"wpb_wrapper\"><div class=\"w-hwrapper us_custom_d76a8710 valign_middle align_center\">[vc_raw_html css=\u00bb%7B%22default%22%3A%7B%22color%22%3A%22%23ffffff%22%2C%22text-align%22%3A%22center%22%2C%22font-size%22%3A%2240px%22%2C%22line-height%22%3A%2240px%22%2C%22padding-bottom%22%3A%220%22%7D%7D\u00bb]JTNDaSUyMGNsYXNzJTNEJTIyZmFsJTIwZmEtaGFuZHNoYWtlJTIyJTNFJTNDJTJGaSUzRQ==[\/vc_raw_html]<\/div><div class=\"wpb_text_column us_custom_d77e8979\"><div class=\"wpb_wrapper\"><p class=\"vertitex2\">No somos especialistas en todo.<\/p>\n<\/div><\/div><div class=\"wpb_text_column us_custom_50cc7d67\"><div class=\"wpb_wrapper\"><h2 class=\"vertitex\">COOPERACI\u00d3N<\/h2>\n<\/div><\/div><div class=\"wpb_text_column\"><div class=\"wpb_wrapper\"><p>Pero gracias a la cooperaci\u00f3n y a las alianzas strat\u00e9gicas con otros asesores jur\u00eddicos y fiscales, auditores y consultores de empresas, podemos garantizarle un asesoramiento completo.<\/p>\n<\/div><\/div><div class=\"w-hwrapper us_custom_9577d85d valign_top align_none\"><\/div><\/div><\/div><\/div><div class=\"vc_col-sm-12 vc_col-lg-6 vc_col-md-12 vc_col-xs-12 wpb_column vc_column_container mc-0 has_bg_color\"><div class=\"vc_column-inner us_custom_c5d7aac5\"><div class=\"wpb_wrapper\"><div class=\"w-hwrapper us_custom_99f6f150 valign_middle align_center\">[vc_raw_html css=\u00bb%7B%22default%22%3A%7B%22color%22%3A%22%23000443%22%2C%22text-align%22%3A%22center%22%2C%22font-size%22%3A%2240px%22%2C%22line-height%22%3A%2240px%22%2C%22padding-bottom%22%3A%220%22%7D%7D\u00bb]JTNDaSUyMGNsYXNzJTNEJTIyZmFsJTIwZmEtcGhvbmUlMjIlM0UlM0MlMkZpJTNF[\/vc_raw_html]<\/div><div class=\"wpb_text_column us_custom_27f484e3 has_text_color\"><div class=\"wpb_wrapper\"><h2>SU CONSULTA INDIVIDUAL<\/h2>\n<\/div><\/div><div class=\"wpb_text_column us_custom_7f4a7515 has_text_color\"><div class=\"wpb_wrapper\"><p>\u00bfTiene usted una consulta especial o busca asesoramiento jur\u00eddico en un caso concreto?<\/p>\n<\/div><\/div><div class=\"w-btn-wrapper align_none\"><a class=\"w-btn us-btn-style_5 icon_atright\" href=\"https:\/\/www.rb-abogados.eu\/es\/contacto\/\"><span class=\"w-btn-label\">Contacte con nosotros<\/span><i class=\"far fa-long-arrow-right\"><\/i><\/a><\/div><div class=\"w-hwrapper us_custom_9577d85d valign_top align_none\"><\/div><\/div><\/div><\/div><\/div><\/div><\/section><section class=\"l-section wpb_row us_custom_4e479d20 height_custom\"><div class=\"l-section-h i-cf\"><div class=\"g-cols vc_row via_flex valign_bottom type_boxes stacking_default\"><div class=\"vc_col-sm-8 wpb_column vc_column_container\"><div class=\"vc_column-inner us_custom_1019a3c4\"><div class=\"wpb_wrapper\"><div class=\"g-cols wpb_row via_flex valign_top type_boxes stacking_default\"><div class=\"vc_col-sm-12 wpb_column vc_column_container\"><div class=\"vc_column-inner us_custom_f0f61f0c\"><div class=\"wpb_wrapper\"><div class=\"wpb_text_column\"><div class=\"wpb_wrapper\"><p>Ribas Brutschy Abogados es un bufete especializado en asuntos jur\u00eddicos hispano-alemanes, europeos e internacionales, con sedes en Alemania (Baden-Wurtemberg) y Espa\u00f1a (Islas Baleares). Nuestro equipo de Abogados y\u00a0<em>Rechtsanw\u00e4lte<\/em>\u00a0hispano-alemanes est\u00e1 altamente cualificado y especializado en el \u00e1mbito del Derecho espa\u00f1ol, el Derecho alem\u00e1n y los asuntos jur\u00eddicos hispano-alemanes, as\u00ed como en las cuestiones relativas al Derecho europeo.<\/p>\n<p>Entre nuestros clientes figuran tanto personas f\u00edsicas como clientes mercantiles, emprendedores, sociedades o instituciones de derecho p\u00fablico.<\/p>\n<p>Nuestra filosof\u00eda de trabajo siempre se ha basado en un mismo objetivo: ofrecer\u00a0un servicio personalizado, integral\u00a0y de calidad.<\/p>\n<p>Gracias a alianzas estrat\u00e9gicas tambi\u00e9n ofrecemos servicios en el \u00e1rea fiscal, contable y laboral, por lo que podemos proporcionar un asesoramiento integral en las principales \u00e1reas del Derecho.<\/p>\n<\/div><\/div><div class=\"w-hwrapper us_custom_ce2c73f7 valign_top align_none\"><\/div><\/div><\/div><\/div><\/div><\/div><\/div><\/div><div class=\"vc_col-sm-8 wpb_column vc_column_container\"><div class=\"vc_column-inner us_custom_b6a72ce1\"><div class=\"wpb_wrapper\"><div class=\"g-cols wpb_row via_flex valign_top type_boxes stacking_default\"><div class=\"vc_col-sm-12 wpb_column vc_column_container\"><div class=\"vc_column-inner us_custom_379a7cba\"><div class=\"wpb_wrapper\"><div class=\"wpb_text_column us_custom_2dbf7b3f\"><div class=\"wpb_wrapper\"><h2>MODO DE TRABAJO<\/h2>\n<\/div><\/div><div class=\"wpb_text_column\"><div class=\"wpb_wrapper\"><p>Le ofrecemos un modo de trabajo orientado a la consecuci\u00f3n de los objetivos, estructurado y sobre todo eficiente. Comprender su caso concreto, as\u00ed como los objetivos y expectativas relacionados con \u00e9l, es para nosotros una tarea prioritaria, pues una vez que hayamos obtenido claridad y certeza sobre su prop\u00f3sito podremos proporcionarle un asesoramiento individual y adaptado a sus necesidades.<\/p>\n<p>Durante todo el tiempo que dure el mandato le asesoraremos en castellano.<\/p>\n<p>Nuestro despacho espa\u00f1ol se ocupar\u00e1 de resolver directamente todos los asuntos jur\u00eddicos relacionados con Alemania. De este modo podemos ofrecer a nuestros clientes la garant\u00eda de un servicio personalizado, integral y de calidad.<\/p>\n<p>El objetivo prioritario de nuestro despacho es evitar los litigios ante los tribunales y resolver los conflictos ya existentes mediante acuerdos extrajudiciales. Nuestros esfuerzos se centran siempre en conseguir primeramente un acuerdo o un arbitraje.<\/p>\n<p>Gracias a la estrategia de la mediaci\u00f3n por parte de nuestros abogados hemos obtenido ya numerosos \u00e9xitos en la resoluci\u00f3n extrajudicial de litigios.<\/p>\n<\/div><\/div><div class=\"w-hwrapper us_custom_ce2c73f7 valign_top align_none\"><\/div><\/div><\/div><\/div><\/div><\/div><\/div><\/div><\/div><\/div><\/section>\n","protected":false},"excerpt":{"rendered":"Filosof\u00edaRB-Abogados KarlsruheP\u00e1ginas[vc_raw_html css=\"%7B%22default%22%3A%7B%22color%22%3A%22%23ffffff%22%2C%22font-size%22%3A%2240px%22%2C%22line-height%22%3A%2240px%22%7D%7D\"]JTNDaSUyMGNsYXNzJTNEJTIyZmFsJTIwZmEtdXNlci1sb2NrJTIyJTNFJTNDJTJGaSUzRQ==[\/vc_raw_html]SOMOS MERECEDORES DE SU CONFIANZA. CONFIANZA Le asesoramos de manera directa, sincera y comprensible, sin ocultarnos detr\u00e1s del vocabulario jur\u00eddico. Con mucho gusto le indicaremos a qui\u00e9n debe dirigirse en caso de que su consulta no se corresponda con nuestros \u00e1mbitos de especializaci\u00f3n. [vc_raw_html css=\"%7B%22default%22%3A%7B%22color%22%3A%22%23ffffff%22%2C%22text-align%22%3A%22center%22%2C%22font-size%22%3A%2240px%22%2C%22line-height%22%3A%2240px%22%2C%22padding-bottom%22%3A%220%22%7D%7D\"]JTNDaSUyMGNsYXNzJTNEJTIyZmFsJTIwZmEtdXNlci1jaXJjbGUlMjIlM0UlM0MlMkZpJTNF[\/vc_raw_html]Nos ocupamos de su caso sin perder de vista...","protected":false},"author":2,"featured_media":9139,"parent":8798,"menu_order":0,"comment_status":"closed","ping_status":"closed","template":"","meta":{"footnotes":""},"class_list":["post-8804","page","type-page","status-publish","has-post-thumbnail","hentry"],"_links":{"self":[{"href":"https:\/\/rb-abogados.eu\/es\/wp-json\/wp\/v2\/pages\/8804","targetHints":{"allow":["GET"]}}],"collection":[{"href":"https:\/\/rb-abogados.eu\/es\/wp-json\/wp\/v2\/pages"}],"about":[{"href":"https:\/\/rb-abogados.eu\/es\/wp-json\/wp\/v2\/types\/page"}],"author":[{"embeddable":true,"href":"https:\/\/rb-abogados.eu\/es\/wp-json\/wp\/v2\/users\/2"}],"replies":[{"embeddable":true,"href":"https:\/\/rb-abogados.eu\/es\/wp-json\/wp\/v2\/comments?post=8804"}],"version-history":[{"count":11,"href":"https:\/\/rb-abogados.eu\/es\/wp-json\/wp\/v2\/pages\/8804\/revisions"}],"predecessor-version":[{"id":9925,"href":"https:\/\/rb-abogados.eu\/es\/wp-json\/wp\/v2\/pages\/8804\/revisions\/9925"}],"up":[{"embeddable":true,"href":"https:\/\/rb-abogados.eu\/es\/wp-json\/wp\/v2\/pages\/8798"}],"wp:featuredmedia":[{"embeddable":true,"href":"https:\/\/rb-abogados.eu\/es\/wp-json\/wp\/v2\/media\/9139"}],"wp:attachment":[{"href":"https:\/\/rb-abogados.eu\/es\/wp-json\/wp\/v2\/media?parent=8804"}],"curies":[{"name":"wp","href":"https:\/\/api.w.org\/{rel}","templated":true}]}}