{"id":8818,"date":"2020-04-27T16:51:46","date_gmt":"2020-04-27T14:51:46","guid":{"rendered":"https:\/\/rb-abogados.eu\/el-bufete\/leistungen\/"},"modified":"2021-11-28T16:10:01","modified_gmt":"2021-11-28T15:10:01","slug":"servicios","status":"publish","type":"page","link":"https:\/\/rb-abogados.eu\/es\/el-bufete\/servicios\/","title":{"rendered":"Servicios"},"content":{"rendered":"<section class=\"l-section wpb_row us_custom_74c28c06 height_custom with_img parallax_ver\"><div class=\"l-section-img\" role=\"img\" aria-label=\"Justiz Amtsgeb\u00e4ude\" data-img-width=\"1920\" data-img-height=\"1080\" style=\"background-image: url(https:\/\/rb-abogados.eu\/wp-content\/uploads\/16-9-_0019_rba-017.jpg);background-repeat: no-repeat;\"><\/div><div class=\"l-section-overlay\" style=\"background:rgba(0,3,46,0.55)\"><\/div><div class=\"l-section-h i-cf\"><div class=\"g-cols vc_row via_flex valign_top type_boxes stacking_default\"><div class=\"vc_col-sm-3 wpb_column vc_column_container\"><div class=\"vc_column-inner us_custom_b6a72ce1\"><div class=\"wpb_wrapper\"><\/div><\/div><\/div><div class=\"vc_col-sm-6 wpb_column vc_column_container\"><div class=\"vc_column-inner us_custom_c46d089f\"><div class=\"wpb_wrapper\"><h1 class=\"w-post-elm post_title us_custom_27f484e3 has_text_color entry-title color_link_inherit\">Servicios<\/h1><div class=\"w-hwrapper us_custom_84be7deb valign_top align_none\"><\/div><nav class=\"g-breadcrumbs us_custom_09e175ae has_text_color separator_icon align_none\" itemscope itemtype=\"http:\/\/schema.org\/BreadcrumbList\"><div class=\"g-breadcrumbs-item\" itemscope itemprop=\"itemListElement\" itemtype=\"http:\/\/schema.org\/ListItem\"><a itemprop=\"item\" href=\"https:\/\/rb-abogados.eu\/es\/\"><span itemprop=\"name\">RB-Abogados Karlsruhe<\/span><\/a><meta itemprop=\"position\" content=\"1\"\/><\/div><div class=\"g-breadcrumbs-separator\"><i class=\"far fa-angle-right\"><\/i><\/div><div class=\"g-breadcrumbs-item\">P\u00e1ginas<\/div><\/nav><\/div><\/div><\/div><div class=\"vc_col-sm-3 wpb_column vc_column_container\"><div class=\"vc_column-inner us_custom_b6a72ce1\"><div class=\"wpb_wrapper\"><\/div><\/div><\/div><\/div><\/div><\/section><section class=\"l-section wpb_row us_custom_ff584dd0 height_custom\"><div class=\"l-section-h i-cf\"><div class=\"g-cols vc_row via_flex valign_top type_boxes stacking_default\"><div class=\"vc_col-sm-6 wpb_column vc_column_container\"><div class=\"vc_column-inner us_custom_b6a72ce1\"><div class=\"wpb_wrapper\"><div class=\"g-cols wpb_row via_flex valign_top type_boxes stacking_default\"><div class=\"vc_col-sm-12 wpb_column vc_column_container\"><div class=\"vc_column-inner us_custom_1019a3c4\"><div class=\"wpb_wrapper\"><div class=\"wpb_text_column us_custom_50cc7d67\"><div class=\"wpb_wrapper\"><h2><strong>Nuestra cartera de servicios para usted<\/strong><\/h2>\n<\/div><\/div><div class=\"w-hwrapper us_custom_0c3a69a8 valign_top align_none\"><\/div><div class=\"wpb_text_column\"><div class=\"wpb_wrapper\"><p>Asesoramos tanto a los creadores de un negocio como a las empresas ya establecidas, por ejemplo, con vistas a la fundaci\u00f3n de sociedades en Alemania, acompa\u00f1ando a nuestros clientes a largo plazo en sus relaciones jur\u00eddicas y comerciales con Alemania y Espa\u00f1a.<\/p>\n<p>Igualmente asesoramos a particulares en asuntos jur\u00eddicos y fiscales, centr\u00e1ndonos en especial en el Derecho alem\u00e1n y espa\u00f1ol en materia de inmuebles, sucesiones, contratos y tributaci\u00f3n.<\/p>\n<p>Tambi\u00e9n si usted est\u00e1 tramitando un caso relacionado con Alemania en calidad de abogado espa\u00f1ol o de administrador concursal, encontrar\u00e1 en nuestro despacho a un socio flexible y fiable.<\/p>\n<\/div><\/div><div class=\"wpb_text_column us_custom_99817634\"><div class=\"wpb_wrapper\"><p><strong>\u00bfTiene usted una consulta especial o busca asesoramiento jur\u00eddico en un caso concreto?<\/strong><\/p>\n<\/div><\/div><div class=\"w-btn-wrapper align_none\"><a class=\"w-btn us-btn-style_3 icon_atright\" href=\"https:\/\/www.rb-abogados.eu\/es\/contacto\/\"><span class=\"w-btn-label\">Contacte con nosotros<\/span><i class=\"far fa-long-arrow-right\"><\/i><\/a><\/div><div class=\"w-hwrapper us_custom_ce2c73f7 valign_top align_none\"><\/div><\/div><\/div><\/div><\/div><\/div><\/div><\/div><div class=\"vc_col-sm-6 wpb_column vc_column_container stretched\"><div class=\"vc_column-inner us_custom_42eb9c5e\"><div class=\"wpb_wrapper\"><div class=\"g-cols wpb_row us_custom_b6a72ce1 via_flex valign_top type_boxes stacking_default\"><div class=\"vc_col-sm-6 wpb_column vc_column_container has_bg_color\"><div class=\"vc_column-inner us_custom_d9a9089c\"><div class=\"wpb_wrapper\">[vc_raw_html css=\u00bb%7B%22default%22%3A%7B%22text-align%22%3A%22center%22%2C%22font-size%22%3A%2260px%22%2C%22padding-bottom%22%3A%2240px%22%7D%7D\u00bb]JTNDaSUyMGNsYXNzJTNEJTIyZmFsJTIwZmEtY2l0eSUyMiUzRSUzQyUyRmklM0U=[\/vc_raw_html]<div class=\"w-btn-wrapper align_center\"><a class=\"w-btn us-btn-style_3 icon_atright\" title=\"Empresas\" href=\"https:\/\/www.rb-abogados.eu\/es\/el-bufete\/servicios\/servicios-para-empresas\/\"><span class=\"w-btn-label\">Empresas<\/span><i class=\"far fa-long-arrow-right\"><\/i><\/a><\/div><\/div><\/div><\/div><div class=\"vc_col-sm-6 wpb_column vc_column_container has_bg_color\"><div class=\"vc_column-inner us_custom_d9a9089c\"><div class=\"wpb_wrapper\">[vc_raw_html css=\u00bb%7B%22default%22%3A%7B%22text-align%22%3A%22center%22%2C%22font-size%22%3A%2260px%22%2C%22padding-bottom%22%3A%2240px%22%7D%7D\u00bb]JTNDaSUyMGNsYXNzJTNEJTIyZmFsJTIwZmEtdXNlciUyMiUzRSUzQyUyRmklM0U=[\/vc_raw_html]<div class=\"w-btn-wrapper align_center\"><a class=\"w-btn us-btn-style_3 icon_atright\" title=\"Particulares\" href=\"https:\/\/www.rb-abogados.eu\/es\/el-bufete\/servicios\/particulares\/\"><span class=\"w-btn-label\">Particulares<\/span><i class=\"far fa-long-arrow-right\"><\/i><\/a><\/div><\/div><\/div><\/div><\/div><div class=\"g-cols wpb_row us_custom_b6a72ce1 via_flex valign_top type_boxes stacking_default\"><div class=\"vc_col-sm-6 wpb_column vc_column_container has_bg_color\"><div class=\"vc_column-inner us_custom_d9a9089c\"><div class=\"wpb_wrapper\">[vc_raw_html css=\u00bb%7B%22default%22%3A%7B%22text-align%22%3A%22center%22%2C%22font-size%22%3A%2260px%22%2C%22padding-bottom%22%3A%2240px%22%7D%7D\u00bb]JTNDaSUyMGNsYXNzJTNEJTIyZmFsJTIwZmEtdXNlcnMlMjIlM0UlM0MlMkZpJTNF[\/vc_raw_html]<div class=\"w-btn-wrapper align_center\"><a class=\"w-btn us-btn-style_3 icon_atright\" title=\"Administraci\u00f3n patrimonial\" href=\"https:\/\/rb-abogados.eu\/es\/el-bufete\/servicios\/family-offices\/\"><span class=\"w-btn-label\">Family Offices<\/span><i class=\"far fa-long-arrow-right\"><\/i><\/a><\/div><\/div><\/div><\/div><div class=\"vc_col-sm-6 wpb_column vc_column_container has_bg_color\"><div class=\"vc_column-inner us_custom_d9a9089c\"><div class=\"wpb_wrapper\">[vc_raw_html css=\u00bb%7B%22default%22%3A%7B%22text-align%22%3A%22center%22%2C%22font-size%22%3A%2260px%22%2C%22padding-bottom%22%3A%2240px%22%7D%7D\u00bb]JTNDaSUyMGNsYXNzJTNEJTIyZmFsJTIwZmEtdW5pdmVyc2l0eSUyMiUzRSUzQyUyRmklM0U=[\/vc_raw_html]<div class=\"w-btn-wrapper align_center\"><a class=\"w-btn us-btn-style_3 icon_atright\" title=\"Despachos y Notariados\" href=\"https:\/\/www.rb-abogados.eu\/es\/el-bufete\/servicios\/despachos-juridicos-y-abogados\/\"><span class=\"w-btn-label\">Despachos y Notariados<\/span><i class=\"far fa-long-arrow-right\"><\/i><\/a><\/div><\/div><\/div><\/div><\/div><\/div><\/div><\/div><\/div><\/div><\/section>\n","protected":false},"excerpt":{"rendered":"ServiciosRB-Abogados KarlsruheP\u00e1ginasNuestra cartera de servicios para usted Asesoramos tanto a los creadores de un negocio como a las empresas ya establecidas, por ejemplo, con vistas a la fundaci\u00f3n de sociedades en Alemania, acompa\u00f1ando a nuestros clientes a largo plazo en sus relaciones jur\u00eddicas y comerciales con Alemania y Espa\u00f1a. Igualmente asesoramos a particulares en asuntos...","protected":false},"author":2,"featured_media":9154,"parent":8798,"menu_order":0,"comment_status":"closed","ping_status":"closed","template":"","meta":{"footnotes":""},"class_list":["post-8818","page","type-page","status-publish","has-post-thumbnail","hentry"],"_links":{"self":[{"href":"https:\/\/rb-abogados.eu\/es\/wp-json\/wp\/v2\/pages\/8818","targetHints":{"allow":["GET"]}}],"collection":[{"href":"https:\/\/rb-abogados.eu\/es\/wp-json\/wp\/v2\/pages"}],"about":[{"href":"https:\/\/rb-abogados.eu\/es\/wp-json\/wp\/v2\/types\/page"}],"author":[{"embeddable":true,"href":"https:\/\/rb-abogados.eu\/es\/wp-json\/wp\/v2\/users\/2"}],"replies":[{"embeddable":true,"href":"https:\/\/rb-abogados.eu\/es\/wp-json\/wp\/v2\/comments?post=8818"}],"version-history":[{"count":5,"href":"https:\/\/rb-abogados.eu\/es\/wp-json\/wp\/v2\/pages\/8818\/revisions"}],"predecessor-version":[{"id":10484,"href":"https:\/\/rb-abogados.eu\/es\/wp-json\/wp\/v2\/pages\/8818\/revisions\/10484"}],"up":[{"embeddable":true,"href":"https:\/\/rb-abogados.eu\/es\/wp-json\/wp\/v2\/pages\/8798"}],"wp:featuredmedia":[{"embeddable":true,"href":"https:\/\/rb-abogados.eu\/es\/wp-json\/wp\/v2\/media\/9154"}],"wp:attachment":[{"href":"https:\/\/rb-abogados.eu\/es\/wp-json\/wp\/v2\/media?parent=8818"}],"curies":[{"name":"wp","href":"https:\/\/api.w.org\/{rel}","templated":true}]}}