{"id":8885,"date":"2020-04-29T15:04:28","date_gmt":"2020-04-29T13:04:28","guid":{"rendered":"https:\/\/rb-abogados.eu\/el-bufete\/honorare-de\/"},"modified":"2022-03-20T17:09:24","modified_gmt":"2022-03-20T16:09:24","slug":"honorarios","status":"publish","type":"page","link":"https:\/\/rb-abogados.eu\/es\/el-bufete\/honorarios\/","title":{"rendered":"Honorarios"},"content":{"rendered":"<section class=\"l-section wpb_row us_custom_d8b66435 height_custom with_img parallax_ver\"><div class=\"l-section-img\" role=\"img\" aria-label=\"Raume der Kanzlei\" data-img-width=\"1920\" data-img-height=\"800\" style=\"background-image: url(https:\/\/rb-abogados.eu\/wp-content\/uploads\/landscape-_0027_rba-025.jpg);background-repeat: no-repeat;\"><\/div><div class=\"l-section-overlay\" style=\"background:rgba(0,3,46,0.55)\"><\/div><div class=\"l-section-h i-cf\"><div class=\"g-cols vc_row via_flex valign_top type_boxes stacking_default\"><div class=\"vc_col-sm-3 wpb_column vc_column_container\"><div class=\"vc_column-inner us_custom_b6a72ce1\"><div class=\"wpb_wrapper\"><\/div><\/div><\/div><div class=\"vc_col-sm-6 wpb_column vc_column_container us_animate_afb\" style=\"animation-delay:0.4s\"><div class=\"vc_column-inner us_custom_c46d089f\"><div class=\"wpb_wrapper\"><h1 class=\"w-post-elm post_title us_custom_27f484e3 has_text_color entry-title color_link_inherit\">Honorarios<\/h1><div class=\"w-hwrapper us_custom_84be7deb valign_top align_none\"><\/div><nav class=\"g-breadcrumbs us_custom_c46e0ed5 has_text_color separator_icon align_none\" itemscope itemtype=\"http:\/\/schema.org\/BreadcrumbList\"><div class=\"g-breadcrumbs-item\" itemscope itemprop=\"itemListElement\" itemtype=\"http:\/\/schema.org\/ListItem\"><a itemprop=\"item\" href=\"https:\/\/rb-abogados.eu\/es\/\"><span itemprop=\"name\">RB-Abogados Karlsruhe<\/span><\/a><meta itemprop=\"position\" content=\"1\"\/><\/div><div class=\"g-breadcrumbs-separator\"><i class=\"far fa-angle-right\"><\/i><\/div><div class=\"g-breadcrumbs-item\">P\u00e1ginas<\/div><\/nav><\/div><\/div><\/div><div class=\"vc_col-sm-3 wpb_column vc_column_container\"><div class=\"vc_column-inner us_custom_b6a72ce1\"><div class=\"wpb_wrapper\"><\/div><\/div><\/div><\/div><\/div><\/section><section class=\"l-section wpb_row us_custom_0a937754 height_custom\"><div class=\"l-section-h i-cf\"><div class=\"g-cols vc_row via_flex valign_top type_boxes stacking_default\"><div class=\"vc_col-sm-8 wpb_column vc_column_container\"><div class=\"vc_column-inner us_custom_e4a2b2bd\"><div class=\"wpb_wrapper\"><div class=\"g-cols wpb_row via_flex valign_top type_boxes stacking_default\"><div class=\"vc_col-sm-12 wpb_column vc_column_container\"><div class=\"vc_column-inner us_custom_863654e6\"><div class=\"wpb_wrapper\"><div class=\"wpb_text_column us_custom_50cc7d67\"><div class=\"wpb_wrapper\"><h2>NUESTROS HONORARIOS<\/h2>\n<\/div><\/div><div class=\"w-hwrapper us_custom_0e289e22 valign_top align_none\"><\/div><div class=\"wpb_text_column\"><div class=\"wpb_wrapper\"><p>La transparencia de los costes es nuestra principal m\u00e1xima. Por esta raz\u00f3n, antes de comenzar nuestro trabajo, le presentaremos con mucho gusto un presupuesto vinculante.<\/p>\n<p>Por lo general facturamos en funci\u00f3n del tiempo invertido.<\/p>\n<p><strong>La tarifa por hora de nuestra actividad se sit\u00faa entre los 250 y los 350 euros por hora, a los que se a\u00f1adir\u00e1n los posibles costes adicionales que se generen y, en su caso, el IVA.<\/strong><\/p>\n<p>En los procesos judiciales debemos atenernos al principio legal de facturar al menos las tasas previstas en la ley alemana de los honorarios de los abogados.<\/p>\n<p>Adem\u00e1s de lo anteriormente expuesto, pactamos encargos profesionales individuales de remuneraci\u00f3n como importes globales o contratos espec\u00edficos por asesoramiento. Hable con nosotros y encontraremos la soluci\u00f3n que m\u00e1s se adapte a sus necesidades.<\/p>\n<\/div><\/div><div class=\"w-hwrapper us_custom_ce2c73f7 valign_top align_none\"><\/div><\/div><\/div><\/div><\/div><\/div><\/div><\/div><div class=\"vc_col-sm-4 wpb_column vc_column_container\"><div class=\"vc_column-inner us_custom_11eb7aba\"><div class=\"wpb_wrapper\"><div class=\"g-cols wpb_row us_custom_6d21401c via_flex valign_middle type_boxes stacking_default\"><div class=\"vc_col-sm-12 wpb_column vc_column_container us_animate_afb\" style=\"animation-delay:0.4s\"><div class=\"vc_column-inner us_custom_0d478c3f\"><div class=\"wpb_wrapper\">[vc_raw_html css=\u00bb%7B%22default%22%3A%7B%22color%22%3A%22%23000443%22%2C%22text-align%22%3A%22center%22%2C%22font-size%22%3A%2240px%22%2C%22line-height%22%3A%2280px%22%2C%22background-color%22%3A%22%23ffffff%22%2C%22width%22%3A%2280px%22%2C%22height%22%3A%2280px%22%2C%22margin-top%22%3A%22-40px%22%2C%22padding-bottom%22%3A%220%22%2C%22box-shadow-h-offset%22%3A%220%22%2C%22box-shadow-v-offset%22%3A%2210px%22%2C%22box-shadow-blur%22%3A%2215px%22%2C%22box-shadow-color%22%3A%22rgba%280%2C4%2C67%2C0.15%29%22%7D%7D\u00bb]JTNDaSUyMGNsYXNzJTNEJTIyZmFsJTIwZmEtcGhvbmUlMjIlM0UlM0MlMkZpJTNF[\/vc_raw_html]<div class=\"wpb_text_column us_custom_fe7f911b has_text_color\"><div class=\"wpb_wrapper\"><p><strong>\u00bfTiene usted una consulta especial o busca asesoramiento jur\u00eddico en un caso concreto?<\/strong><\/p>\n<\/div><\/div><div class=\"w-btn-wrapper align_none\"><a class=\"w-btn us-btn-style_5 icon_atright\" href=\"https:\/\/www.rb-abogados.eu\/es\/contacto\/\"><span class=\"w-btn-label\">Contacte con nosotros<\/span><i class=\"far fa-long-arrow-right\"><\/i><\/a><\/div><\/div><\/div><\/div><\/div>\n<div class=\"w-vwrapper us_custom_2e0b6149 align_none valign_top\" style=\"--vwrapper-gap:1.5em\"><div class=\"w-btn-wrapper align_none\"><a class=\"w-btn us-btn-style_3 icon_atright\" href=\"https:\/\/www.rb-abogados.eu\/es\/el-bufete\/filosofia\/\"><span class=\"w-btn-label\">Nuestra filosof\u00eda<\/span><i class=\"far fa-chevron-right\"><\/i><\/a><\/div><div class=\"w-btn-wrapper align_none\"><a class=\"w-btn us-btn-style_3 icon_atright\" href=\"https:\/\/www.rb-abogados.eu\/es\/el-bufete\/abogados\/\"><span class=\"w-btn-label\">Somos sus abogados<\/span><i class=\"far fa-chevron-right\"><\/i><\/a><\/div><div class=\"w-btn-wrapper align_none\"><a class=\"w-btn us-btn-style_3 icon_atright\" href=\"https:\/\/www.rb-abogados.eu\/es\/el-bufete\/servicios\/\"><span class=\"w-btn-label\">Servicios<\/span><i class=\"far fa-chevron-right\"><\/i><\/a><\/div><div class=\"w-btn-wrapper align_none\"><a class=\"w-btn us-btn-style_3 icon_atright\" href=\"https:\/\/www.rb-abogados.eu\/es\/el-bufete\/idiomas-de-trabajo\/\"><span class=\"w-btn-label\">Idiomas de trabajo<\/span><i class=\"far fa-chevron-right\"><\/i><\/a><\/div><div class=\"w-hwrapper us_custom_e13a02a6 valign_top align_none\"><\/div><\/div><\/div><\/div><\/div><\/div><\/div><\/section>\n","protected":false},"excerpt":{"rendered":"HonorariosRB-Abogados KarlsruheP\u00e1ginasNUESTROS HONORARIOS La transparencia de los costes es nuestra principal m\u00e1xima. Por esta raz\u00f3n, antes de comenzar nuestro trabajo, le presentaremos con mucho gusto un presupuesto vinculante. Por lo general facturamos en funci\u00f3n del tiempo invertido. La tarifa por hora de nuestra actividad se sit\u00faa entre los 250 y los 350 euros por hora,...","protected":false},"author":2,"featured_media":9144,"parent":8798,"menu_order":0,"comment_status":"closed","ping_status":"closed","template":"","meta":{"footnotes":""},"class_list":["post-8885","page","type-page","status-publish","has-post-thumbnail","hentry"],"_links":{"self":[{"href":"https:\/\/rb-abogados.eu\/es\/wp-json\/wp\/v2\/pages\/8885","targetHints":{"allow":["GET"]}}],"collection":[{"href":"https:\/\/rb-abogados.eu\/es\/wp-json\/wp\/v2\/pages"}],"about":[{"href":"https:\/\/rb-abogados.eu\/es\/wp-json\/wp\/v2\/types\/page"}],"author":[{"embeddable":true,"href":"https:\/\/rb-abogados.eu\/es\/wp-json\/wp\/v2\/users\/2"}],"replies":[{"embeddable":true,"href":"https:\/\/rb-abogados.eu\/es\/wp-json\/wp\/v2\/comments?post=8885"}],"version-history":[{"count":5,"href":"https:\/\/rb-abogados.eu\/es\/wp-json\/wp\/v2\/pages\/8885\/revisions"}],"predecessor-version":[{"id":10585,"href":"https:\/\/rb-abogados.eu\/es\/wp-json\/wp\/v2\/pages\/8885\/revisions\/10585"}],"up":[{"embeddable":true,"href":"https:\/\/rb-abogados.eu\/es\/wp-json\/wp\/v2\/pages\/8798"}],"wp:featuredmedia":[{"embeddable":true,"href":"https:\/\/rb-abogados.eu\/es\/wp-json\/wp\/v2\/media\/9144"}],"wp:attachment":[{"href":"https:\/\/rb-abogados.eu\/es\/wp-json\/wp\/v2\/media?parent=8885"}],"curies":[{"name":"wp","href":"https:\/\/api.w.org\/{rel}","templated":true}]}}