{"id":8902,"date":"2020-05-04T15:24:34","date_gmt":"2020-05-04T13:24:34","guid":{"rendered":"https:\/\/rb-abogados.eu\/areas-juridicas\/erbrecht\/"},"modified":"2024-09-24T12:51:29","modified_gmt":"2024-09-24T10:51:29","slug":"derecho-hereditario-y-sucesorio","status":"publish","type":"page","link":"https:\/\/rb-abogados.eu\/es\/areas-juridicas\/derecho-hereditario-y-sucesorio\/","title":{"rendered":"Derecho sucesorio en Espa\u00f1a"},"content":{"rendered":"<section class=\"l-section wpb_row us_custom_d8b66435 height_custom with_img parallax_ver\"><div class=\"l-section-img\" role=\"img\" aria-label=\"Erbrecht\" data-img-width=\"1920\" data-img-height=\"1080\" style=\"background-image: url(https:\/\/rb-abogados.eu\/wp-content\/uploads\/16-9-_0032_rba-030.jpg);background-repeat: no-repeat;\"><\/div><div class=\"l-section-overlay\" style=\"background:rgba(0,3,46,0.55)\"><\/div><div class=\"l-section-h i-cf\"><div class=\"g-cols vc_row via_flex valign_top type_boxes stacking_default\"><div class=\"vc_col-sm-3 wpb_column vc_column_container\"><div class=\"vc_column-inner us_custom_b6a72ce1\"><div class=\"wpb_wrapper\"><\/div><\/div><\/div><div class=\"vc_col-sm-6 wpb_column vc_column_container us_animate_afb\" style=\"animation-delay:0.4s\"><div class=\"vc_column-inner us_custom_215bf59a\"><div class=\"wpb_wrapper\"><h1 class=\"w-post-elm post_title us_custom_27f484e3 has_text_color entry-title color_link_inherit\">Derecho sucesorio en Espa\u00f1a<\/h1><div class=\"w-hwrapper us_custom_84be7deb valign_top align_none\"><\/div><nav class=\"g-breadcrumbs us_custom_6420b6dd has_text_color separator_icon align_none\" itemscope itemtype=\"http:\/\/schema.org\/BreadcrumbList\"><div class=\"g-breadcrumbs-item\" itemscope itemprop=\"itemListElement\" itemtype=\"http:\/\/schema.org\/ListItem\"><a itemprop=\"item\" href=\"https:\/\/rb-abogados.eu\/es\/\"><span itemprop=\"name\">RB-Abogados Karlsruhe<\/span><\/a><meta itemprop=\"position\" content=\"1\"\/><\/div><div class=\"g-breadcrumbs-separator\"><i class=\"far fa-angle-right\"><\/i><\/div><div class=\"g-breadcrumbs-item\">P\u00e1ginas<\/div><\/nav><\/div><\/div><\/div><div class=\"vc_col-sm-3 wpb_column vc_column_container\"><div class=\"vc_column-inner us_custom_b6a72ce1\"><div class=\"wpb_wrapper\"><\/div><\/div><\/div><\/div><\/div><\/section><section class=\"l-section wpb_row us_custom_1df8cfc6 height_custom\"><div class=\"l-section-h i-cf\"><div class=\"g-cols vc_row via_flex valign_top type_boxes stacking_default\"><div class=\"vc_col-sm-8 wpb_column vc_column_container\"><div class=\"vc_column-inner us_custom_e4a2b2bd\"><div class=\"wpb_wrapper\"><div class=\"g-cols wpb_row via_flex valign_top type_boxes stacking_default\"><div class=\"vc_col-sm-12 wpb_column vc_column_container\"><div class=\"vc_column-inner us_custom_863654e6\"><div class=\"wpb_wrapper\"><div class=\"wpb_text_column us_custom_50cc7d67\"><div class=\"wpb_wrapper\"><h2>Derecho sucesorio en Espa\u00f1a \u2013 Aspectos especiales de la sucesi\u00f3n en Espa\u00f1a<\/h2>\n<\/div><\/div><div class=\"w-hwrapper us_custom_0e289e22 valign_top align_none\" style=\"--hwrapper-gap:0\"><\/div><div class=\"wpb_text_column us_custom_4de3ce74\"><div class=\"wpb_wrapper\"><p>Dar y recibir herencias en Espa\u00f1a\u2013 Aspectos especiales en las sucesiones internacionales<\/p>\n<p>Una configuraci\u00f3n de la sucesi\u00f3n bien meditada puede evitar malestar y conflictos. Por esta raz\u00f3n resulta muy importante informarse con suficiente antelaci\u00f3n de las diferentes disposiciones legales en el Derecho sucesorio alem\u00e1n y espa\u00f1ol.<\/p>\n<p>El Derecho sucesorio en Espa\u00f1a no est\u00e1 regulado s\u00f3lo en el C\u00f3digo Civil (CC), sino que en toda una serie de provincias y comunidades son aplicables tambi\u00e9n los as\u00ed llamados derechos forales.<\/p>\n<p>Gracias a nuestros profundos conocimientos en materia hereditaria internacional, le asesoramos y le ofrecemos apoyo en todos los aspectos relativos al Derecho sucesorio hispano-alem\u00e1n. Nuestro bufete, con sede en Karlsruhe, cuenta con una amplia experiencia en el asesoramiento en materia sucesoria, desde la configuraci\u00f3n formal de testamentos y contratos sucesorios notariales hasta la completa tramitaci\u00f3n de sucesiones.<\/p>\n<p>Especialmente en casos relacionados con Espa\u00f1a, le informamos y asesoramos por ejemplo en lo relativo a los deberes del impuesto sobre sucesiones, nos hacemos cargo de todas las tareas administrativas necesarias, aclaramos todos los asuntos necesarios en relaci\u00f3n con el impuesto sobre sucesiones, acompa\u00f1amos a nuestros clientes en la firma ante notario de aceptaciones de herencias y nos aseguramos de que se efect\u00fae el debido traspaso de la propiedad de inmuebles, haberes bancarios o participaciones de negocio a favor de los herederos.<\/p>\n<\/div><\/div><div class=\"wpb_text_column us_custom_50cc7d67\"><div class=\"wpb_wrapper\"><h2>Nuestra oferta de servicios para usted en el \u00e1mbito del Derecho hereditario y sucesorio espa\u00f1ol<\/h2>\n<\/div><\/div><div class=\"w-hwrapper us_custom_0e289e22 valign_top align_none\"><\/div><div class=\"wpb_text_column us_custom_2dbf7b3f\"><div class=\"wpb_wrapper\"><ul class=\"arrow-list\">\n<li>Preparaci\u00f3n de testamentos, contratos sucesorios, legados y otras disposiciones de \u00faltima voluntad<\/li>\n<li>Procesos hereditarios y sucesorios<\/li>\n<li>Adaptaci\u00f3n de testamentos, revisi\u00f3n de testamentos alemanes o espa\u00f1oles<\/li>\n<li>Asesoramiento en cuestiones relativos al Derecho sucesorio alem\u00e1n, espa\u00f1ol y europeo<\/li>\n<li>Asesoramiento en lo relativo al impuesto de sucesiones y donaciones<\/li>\n<li>C\u00e1lculo del impuesto sobre sucesiones en Espa\u00f1a<\/li>\n<li>Planificaci\u00f3n de la herencia con especial consideraci\u00f3n de los efectos fiscales<\/li>\n<li>Tramitaci\u00f3n completa de herencias en Espa\u00f1a y Alemania<\/li>\n<li>Procesos ante los tribunales espa\u00f1oles en todas las instancias (procedimiento de declaraci\u00f3n de herederos, reclamaci\u00f3n de la leg\u00edtima, disputas hereditarias, reparto de herencias)<\/li>\n<li>Sucesi\u00f3n empresarial<\/li>\n<\/ul>\n<p>Prestamos igualmente nuestros servicios de forma preliminar, asesorando a nuestros clientes en la elaboraci\u00f3n de testamentos tanto en Alemania como en Espa\u00f1a, con vistas a minimizar posibles contratiempos e inconvenientes econ\u00f3micos que puedan surgir en la tramitaci\u00f3n de la herencia.<\/p>\n<p>Asesoramos para ello a nuestros clientes con el fin de obtener la configuraci\u00f3n contractual que resulte m\u00e1s ventajosa para la adquisici\u00f3n de patrimonio, especialmente de bienes inmuebles, considerando naturalmente de un modo especial tambi\u00e9n los aspectos fiscales y relativos al Derecho de familia de la adquisici\u00f3n en Espa\u00f1a.<\/p>\n<\/div><\/div><div class=\"w-btn-wrapper align_none\"><a class=\"w-btn us-btn-style_3 us_custom_b748063c icon_atleft\" href=\"https:\/\/www.rb-abogados.eu\/es\/areas-juridicas\/\"><i class=\"far fa-long-arrow-right\"><\/i><span class=\"w-btn-label\">Todas las \u00e1reas de pr\u00e1ctica<\/span><\/a><\/div><\/div><\/div><\/div><\/div><div class=\"w-hwrapper us_custom_ce2c73f7 valign_top align_none\"><\/div><\/div><\/div><\/div><div class=\"vc_col-sm-4 wpb_column vc_column_container\"><div class=\"vc_column-inner us_custom_11eb7aba\"><div class=\"wpb_wrapper\"><div class=\"g-cols wpb_row us_custom_9d2f0c5c via_flex valign_top type_boxes stacking_default\" id=\"Sie_haben_Fragen_Wir_haben_Antworten\"><div class=\"vc_col-sm-12 wpb_column vc_column_container\"><div class=\"vc_column-inner us_custom_2e0b6149\"><div class=\"wpb_wrapper\"><div class=\"wpb_text_column us_custom_2dbf7b3f\"><div class=\"wpb_wrapper\"><h3 style=\"text-align: center;\">\u201c\u00bfTiene alguna pregunta? \u00a1Nosotros le daremos la respuesta!\u201d<\/h3>\n<\/div><\/div><div class=\"w-image us_custom_0c724352 has_height align_center\" id=\"Miguel_Ribas\"><div class=\"w-image-h\"><img decoding=\"async\" width=\"600\" height=\"600\" src=\"https:\/\/rb-abogados.eu\/wp-content\/uploads\/rb-abogados-miguel-ribas-2-2.jpg\" class=\"attachment-us_600_600_crop size-us_600_600_crop\" alt=\"\" loading=\"lazy\" srcset=\"https:\/\/rb-abogados.eu\/wp-content\/uploads\/rb-abogados-miguel-ribas-2-2.jpg 600w, https:\/\/rb-abogados.eu\/wp-content\/uploads\/rb-abogados-miguel-ribas-2-2-300x300.jpg 300w, https:\/\/rb-abogados.eu\/wp-content\/uploads\/rb-abogados-miguel-ribas-2-2-150x150.jpg 150w, https:\/\/rb-abogados.eu\/wp-content\/uploads\/rb-abogados-miguel-ribas-2-2-100x100.jpg 100w, https:\/\/rb-abogados.eu\/wp-content\/uploads\/rb-abogados-miguel-ribas-2-2-200x200.jpg 200w, https:\/\/rb-abogados.eu\/wp-content\/uploads\/rb-abogados-miguel-ribas-2-2-400x400.jpg 400w, https:\/\/rb-abogados.eu\/wp-content\/uploads\/rb-abogados-miguel-ribas-2-2-60x60.jpg 60w\" sizes=\"auto, (max-width: 600px) 100vw, 600px\" \/><\/div><\/div><div class=\"wpb_text_column us_custom_34bb4333\"><div class=\"wpb_wrapper\"><h3 style=\"text-align: center;\"><span id=\"Miguel_Ribas\">Miguel Ribas<\/span><\/h3>\n<\/div><\/div><div class=\"wpb_text_column us_custom_90fa47c6\"><div class=\"wpb_wrapper\"><p style=\"text-align: center;\"><strong>Abogado<\/strong><\/p>\n<\/div><\/div><div class=\"wpb_text_column us_custom_cdb5fec4 has_text_color\"><div class=\"wpb_wrapper\"><p style=\"text-align: center;\"><em> Miguel Ribas asesora a sus clientes en alem\u00e1n, espa\u00f1ol e ingl\u00e9s en materia de Derecho sucesorio espa\u00f1ol, alem\u00e1n y europeo, en referencia a la configuraci\u00f3n de la sucesi\u00f3n, as\u00ed como en la sucesi\u00f3n patrimonial y las consultas relativas al impuesto sobre sucesiones y donaciones. <\/em><\/p>\n<\/div><\/div><div class=\"w-hwrapper us_custom_937270d0 valign_top align_none\"><\/div><div class=\"w-image us_custom_0c724352 has_height align_center\" id=\"Miguel_Ribas\"><div class=\"w-image-h\"><img decoding=\"async\" width=\"600\" height=\"600\" src=\"https:\/\/rb-abogados.eu\/wp-content\/uploads\/Juan-Amengual-1.jpg\" class=\"attachment-us_600_600_crop size-us_600_600_crop\" alt=\"\" loading=\"lazy\" srcset=\"https:\/\/rb-abogados.eu\/wp-content\/uploads\/Juan-Amengual-1.jpg 600w, https:\/\/rb-abogados.eu\/wp-content\/uploads\/Juan-Amengual-1-300x300.jpg 300w, https:\/\/rb-abogados.eu\/wp-content\/uploads\/Juan-Amengual-1-150x150.jpg 150w, https:\/\/rb-abogados.eu\/wp-content\/uploads\/Juan-Amengual-1-100x100.jpg 100w, https:\/\/rb-abogados.eu\/wp-content\/uploads\/Juan-Amengual-1-200x200.jpg 200w, https:\/\/rb-abogados.eu\/wp-content\/uploads\/Juan-Amengual-1-400x400.jpg 400w, https:\/\/rb-abogados.eu\/wp-content\/uploads\/Juan-Amengual-1-60x60.jpg 60w\" sizes=\"auto, (max-width: 600px) 100vw, 600px\" \/><\/div><\/div><div class=\"wpb_text_column us_custom_34bb4333\"><div class=\"wpb_wrapper\"><h3 style=\"text-align: center;\">Juan Amengual<\/h3>\n<\/div><\/div><div class=\"wpb_text_column us_custom_90fa47c6\"><div class=\"wpb_wrapper\"><p style=\"text-align: center;\"><strong>Abogado<\/strong><\/p>\n<\/div><\/div><div class=\"wpb_text_column us_custom_cdb5fec4 has_text_color\"><div class=\"wpb_wrapper\"><p style=\"text-align: center;\"><em> Juan Amengual asesora a sus clientes en lengua alemana, espa\u00f1ola e inglesa y realiza un seguimiento de la tramitaci\u00f3n de asuntos sucesorios alemanes, espa\u00f1oles o internacionales. <\/em><\/p>\n<\/div><\/div><\/div><\/div><\/div><\/div><div class=\"g-cols wpb_row us_custom_6d21401c via_flex valign_middle type_boxes stacking_default\"><div class=\"vc_col-sm-12 wpb_column vc_column_container us_animate_afb\" style=\"animation-delay:0.4s\"><div class=\"vc_column-inner us_custom_0d478c3f\"><div class=\"wpb_wrapper\">[vc_raw_html css=\u00bb%7B%22default%22%3A%7B%22color%22%3A%22%23000443%22%2C%22text-align%22%3A%22center%22%2C%22font-size%22%3A%2240px%22%2C%22line-height%22%3A%2280px%22%2C%22background-color%22%3A%22%23ffffff%22%2C%22width%22%3A%2280px%22%2C%22height%22%3A%2280px%22%2C%22margin-top%22%3A%22-40px%22%2C%22padding-bottom%22%3A%220%22%2C%22box-shadow-h-offset%22%3A%220%22%2C%22box-shadow-v-offset%22%3A%2210px%22%2C%22box-shadow-blur%22%3A%2215px%22%2C%22box-shadow-color%22%3A%22rgba%280%2C4%2C67%2C0.15%29%22%7D%7D\u00bb]JTNDaSUyMGNsYXNzJTNEJTIyZmFsJTIwZmEtcGhvbmUlMjIlM0UlM0MlMkZpJTNF[\/vc_raw_html]<div class=\"wpb_text_column us_custom_fe7f911b has_text_color\"><div class=\"wpb_wrapper\"><p><strong>\u00bfTiene usted una consulta especial o busca asesoramiento jur\u00eddico en un caso concreto?<\/strong><\/p>\n<\/div><\/div><div class=\"w-btn-wrapper align_none\"><a class=\"w-btn us-btn-style_5 icon_atright\" href=\"https:\/\/www.rb-abogados.eu\/es\/contacto\/\"><span class=\"w-btn-label\">Contacte con nosotros<\/span><i class=\"far fa-long-arrow-right\"><\/i><\/a><\/div><\/div><\/div><\/div><\/div>\n<\/div><\/div><\/div><\/div><\/div><\/section>\n","protected":false},"excerpt":{"rendered":"Derecho sucesorio en Espa\u00f1aRB-Abogados KarlsruheP\u00e1ginasDerecho sucesorio en Espa\u00f1a \u2013 Aspectos especiales de la sucesi\u00f3n en Espa\u00f1a Dar y recibir herencias en Espa\u00f1a\u2013 Aspectos especiales en las sucesiones internacionales Una configuraci\u00f3n de la sucesi\u00f3n bien meditada puede evitar malestar y conflictos. Por esta raz\u00f3n resulta muy importante informarse con suficiente antelaci\u00f3n de las diferentes disposiciones legales...","protected":false},"author":2,"featured_media":9194,"parent":8896,"menu_order":0,"comment_status":"closed","ping_status":"closed","template":"","meta":{"footnotes":""},"class_list":["post-8902","page","type-page","status-publish","has-post-thumbnail","hentry"],"_links":{"self":[{"href":"https:\/\/rb-abogados.eu\/es\/wp-json\/wp\/v2\/pages\/8902","targetHints":{"allow":["GET"]}}],"collection":[{"href":"https:\/\/rb-abogados.eu\/es\/wp-json\/wp\/v2\/pages"}],"about":[{"href":"https:\/\/rb-abogados.eu\/es\/wp-json\/wp\/v2\/types\/page"}],"author":[{"embeddable":true,"href":"https:\/\/rb-abogados.eu\/es\/wp-json\/wp\/v2\/users\/2"}],"replies":[{"embeddable":true,"href":"https:\/\/rb-abogados.eu\/es\/wp-json\/wp\/v2\/comments?post=8902"}],"version-history":[{"count":5,"href":"https:\/\/rb-abogados.eu\/es\/wp-json\/wp\/v2\/pages\/8902\/revisions"}],"predecessor-version":[{"id":11248,"href":"https:\/\/rb-abogados.eu\/es\/wp-json\/wp\/v2\/pages\/8902\/revisions\/11248"}],"up":[{"embeddable":true,"href":"https:\/\/rb-abogados.eu\/es\/wp-json\/wp\/v2\/pages\/8896"}],"wp:featuredmedia":[{"embeddable":true,"href":"https:\/\/rb-abogados.eu\/es\/wp-json\/wp\/v2\/media\/9194"}],"wp:attachment":[{"href":"https:\/\/rb-abogados.eu\/es\/wp-json\/wp\/v2\/media?parent=8902"}],"curies":[{"name":"wp","href":"https:\/\/api.w.org\/{rel}","templated":true}]}}