{"id":8908,"date":"2020-05-19T13:33:46","date_gmt":"2020-05-19T11:33:46","guid":{"rendered":"https:\/\/rb-abogados.eu\/areas-juridicas\/gesellschaftsrecht\/"},"modified":"2024-05-20T16:07:40","modified_gmt":"2024-05-20T14:07:40","slug":"derecho-de-empresa-y-penal-economico","status":"publish","type":"page","link":"https:\/\/rb-abogados.eu\/es\/areas-juridicas\/derecho-de-empresa-y-penal-economico\/","title":{"rendered":"Derecho de sociedades y empresa"},"content":{"rendered":"<section class=\"l-section wpb_row us_custom_d8b66435 height_custom with_img parallax_ver\"><div class=\"l-section-img\" role=\"img\" aria-label=\"Rechtsformen\" data-img-width=\"760\" data-img-height=\"500\" style=\"background-image: url(https:\/\/rb-abogados.eu\/wp-content\/uploads\/small-_0000_rba-029.jpg);background-repeat: no-repeat;\"><\/div><div class=\"l-section-overlay\" style=\"background:rgba(0,3,46,0.55)\"><\/div><div class=\"l-section-h i-cf\"><div class=\"g-cols vc_row via_flex valign_top type_boxes stacking_default\"><div class=\"vc_col-sm-3 wpb_column vc_column_container\"><div class=\"vc_column-inner us_custom_b6a72ce1\"><div class=\"wpb_wrapper\"><\/div><\/div><\/div><div class=\"vc_col-sm-6 wpb_column vc_column_container us_animate_afb\" style=\"animation-delay:0.4s\"><div class=\"vc_column-inner us_custom_215bf59a\"><div class=\"wpb_wrapper\"><h1 class=\"w-post-elm post_title us_custom_27f484e3 has_text_color entry-title color_link_inherit\">Derecho de sociedades y empresa<\/h1><div class=\"w-hwrapper us_custom_84be7deb valign_top align_none\"><\/div><nav class=\"g-breadcrumbs us_custom_6420b6dd has_text_color separator_icon align_none\" itemscope itemtype=\"http:\/\/schema.org\/BreadcrumbList\"><div class=\"g-breadcrumbs-item\" itemscope itemprop=\"itemListElement\" itemtype=\"http:\/\/schema.org\/ListItem\"><a itemprop=\"item\" href=\"https:\/\/rb-abogados.eu\/es\/\"><span itemprop=\"name\">RB-Abogados Karlsruhe<\/span><\/a><meta itemprop=\"position\" content=\"1\"\/><\/div><div class=\"g-breadcrumbs-separator\"><i class=\"far fa-angle-right\"><\/i><\/div><div class=\"g-breadcrumbs-item\">P\u00e1ginas<\/div><\/nav><\/div><\/div><\/div><div class=\"vc_col-sm-3 wpb_column vc_column_container\"><div class=\"vc_column-inner us_custom_b6a72ce1\"><div class=\"wpb_wrapper\"><\/div><\/div><\/div><\/div><\/div><\/section><section class=\"l-section wpb_row us_custom_1df8cfc6 height_custom\"><div class=\"l-section-h i-cf\"><div class=\"g-cols vc_row via_flex valign_top type_boxes stacking_default\"><div class=\"vc_col-sm-8 wpb_column vc_column_container\"><div class=\"vc_column-inner us_custom_e4a2b2bd\"><div class=\"wpb_wrapper\"><div class=\"g-cols wpb_row via_flex valign_top type_boxes stacking_default\"><div class=\"vc_col-sm-12 wpb_column vc_column_container\"><div class=\"vc_column-inner us_custom_863654e6\"><div class=\"wpb_wrapper\"><div class=\"wpb_text_column us_custom_2dbf7b3f\"><div class=\"wpb_wrapper\"><p>Los diferentes tipos de sociedades desempe\u00f1an hoy en d\u00eda un papel destacado en el entorno econ\u00f3mico y empresarial.<\/p>\n<p>Seleccionar correctamente el tipo de sociedad es a menudo decisivo para el \u00e9xito de la empresa. Por esta raz\u00f3n le asesoraremos con mucho gusto en todos los pasos relativos a la fundaci\u00f3n de una sociedad, especialmente en la elecci\u00f3n de la forma jur\u00eddica que m\u00e1s se ajuste a sus necesidades, la elaboraci\u00f3n de los contratos necesarios para iniciar la actividad econ\u00f3mica, el cumplimiento de todas las formalidades requeridas, etc.<\/p>\n<p>Nuestro bufete le asesorar\u00e1 a la hora de elegir la forma jur\u00eddica m\u00e1s adecuada para su empresa, le acompa\u00f1ar\u00e1 en todo el procedimiento de fundaci\u00f3n, prestando adem\u00e1s especial atenci\u00f3n a los aspectos tributarios y fiscales para la elaboraci\u00f3n de los estatutos sociales.<\/p>\n<p>Le acompa\u00f1aremos no s\u00f3lo durante la fase preparatoria, sino que continuaremos brind\u00e1ndole nuestros servicios a lo largo de toda su actividad empresarial.<\/p>\n<\/div><\/div><div class=\"wpb_text_column us_custom_50cc7d67\"><div class=\"wpb_wrapper\"><h2>NUESTRA OFERTA DE SERVICIOS PARA USTED<\/h2>\n<\/div><\/div><div class=\"w-hwrapper us_custom_0e289e22 valign_top align_none\"><\/div><div class=\"wpb_text_column us_custom_2dbf7b3f\"><div class=\"wpb_wrapper\"><p>En Derecho de sociedades y empresa, destacamos:<\/p>\n<ul class=\"arrow-list\">\n<li>Asesoramiento y fundaci\u00f3n de sociedades en Espa\u00f1a<\/li>\n<li>Fundaci\u00f3n de una GmbH en Alemania<\/li>\n<li>Modificaciones, liquidaciones y gesti\u00f3n de sociedades<\/li>\n<li>Asesoramiento para la introducci\u00f3n de su idea de negocio en el mercado alem\u00e1n<\/li>\n<li>Tramitaci\u00f3n del alta de la sociedad en las autoridades correspondientes, inscripci\u00f3n en el Registro Mercantil, presentaci\u00f3n de las declaraciones correspondientes ante las autoridades fiscales<\/li>\n<li>Organizaci\u00f3n de juntas de socios y accionistas, nombramiento y cese de los gerentes y levantamiento p\u00fablico de acta\u00a0de todas las resoluciones y acuerdos adoptados en las juntas de socios<\/li>\n<li>Elaboraci\u00f3n de contratos de trabajo, de representantes comerciales y agentes autorizados<\/li>\n<\/ul>\n<p>&nbsp;<\/p>\n<hr \/>\n<\/div><\/div><div class=\"w-btn-wrapper align_none\"><a class=\"w-btn us-btn-style_3 us_custom_b4c0c321 icon_atright\" href=\"https:\/\/www.rb-abogados.eu\/es\/areas-juridicas\/\"><span class=\"w-btn-label\">Todas las \u00e1reas de pr\u00e1ctica<\/span><i class=\"far fa-long-arrow-right\"><\/i><\/a><\/div><\/div><\/div><\/div><\/div><div class=\"w-hwrapper us_custom_ce2c73f7 valign_top align_none\"><\/div><\/div><\/div><\/div><div class=\"vc_col-sm-4 wpb_column vc_column_container\"><div class=\"vc_column-inner us_custom_11eb7aba\"><div class=\"wpb_wrapper\"><div class=\"g-cols wpb_row us_custom_9d2f0c5c via_flex valign_top type_boxes stacking_default\" id=\"Sie_haben_Fragen_Wir_haben_Antworten\"><div class=\"vc_col-sm-12 wpb_column vc_column_container\"><div class=\"vc_column-inner us_custom_2e0b6149\"><div class=\"wpb_wrapper\"><div class=\"wpb_text_column us_custom_2dbf7b3f\"><div class=\"wpb_wrapper\"><h3 style=\"text-align: center;\">\u201c\u00bfTiene alguna pregunta? \u00a1Nosotros le daremos la respuesta!\u201d<\/h3>\n<\/div><\/div><div class=\"w-image us_custom_0c724352 has_height align_center\" id=\"Jose_Ma_Langa_Cebamanos\"><div class=\"w-image-h\"><img decoding=\"async\" width=\"600\" height=\"600\" src=\"https:\/\/rb-abogados.eu\/wp-content\/uploads\/Sergio-Gomez-2-1.jpg\" class=\"attachment-us_600_600_crop size-us_600_600_crop\" alt=\"\" loading=\"lazy\" srcset=\"https:\/\/rb-abogados.eu\/wp-content\/uploads\/Sergio-Gomez-2-1.jpg 600w, https:\/\/rb-abogados.eu\/wp-content\/uploads\/Sergio-Gomez-2-1-300x300.jpg 300w, https:\/\/rb-abogados.eu\/wp-content\/uploads\/Sergio-Gomez-2-1-150x150.jpg 150w, https:\/\/rb-abogados.eu\/wp-content\/uploads\/Sergio-Gomez-2-1-100x100.jpg 100w, https:\/\/rb-abogados.eu\/wp-content\/uploads\/Sergio-Gomez-2-1-200x200.jpg 200w, https:\/\/rb-abogados.eu\/wp-content\/uploads\/Sergio-Gomez-2-1-400x400.jpg 400w, https:\/\/rb-abogados.eu\/wp-content\/uploads\/Sergio-Gomez-2-1-60x60.jpg 60w\" sizes=\"auto, (max-width: 600px) 100vw, 600px\" \/><\/div><\/div><div class=\"wpb_text_column us_custom_34bb4333\"><div class=\"wpb_wrapper\"><h3 class=\"nomargin\" style=\"text-align: center;\">Sergio G\u00f3mez<\/h3>\n<\/div><\/div><div class=\"wpb_text_column us_custom_397fec6e\"><div class=\"wpb_wrapper\"><p style=\"text-align: center;\"><strong>Abogado<\/strong><\/p>\n<\/div><\/div><div class=\"wpb_text_column us_custom_cdb5fec4 has_text_color\"><div class=\"wpb_wrapper\"><p style=\"text-align: center;\"><em> Con su amplia experiencia en el \u00e1mbito del Derecho mercantil y de sociedades espa\u00f1ol y franc\u00e9s, el Dr. Sergio G\u00f3mez asesora a sus clientes en alem\u00e1n, espa\u00f1ol, franc\u00e9s e ingl\u00e9s.<br \/>\n<\/em><\/p>\n<\/div><\/div><\/div><\/div><\/div><\/div><div class=\"g-cols wpb_row us_custom_6d21401c via_flex valign_middle type_boxes stacking_default\"><div class=\"vc_col-sm-12 wpb_column vc_column_container us_animate_afb\" style=\"animation-delay:0.4s\"><div class=\"vc_column-inner us_custom_0d478c3f\"><div class=\"wpb_wrapper\">[vc_raw_html css=\u00bb%7B%22default%22%3A%7B%22color%22%3A%22%23000443%22%2C%22text-align%22%3A%22center%22%2C%22font-size%22%3A%2240px%22%2C%22line-height%22%3A%2280px%22%2C%22background-color%22%3A%22%23ffffff%22%2C%22width%22%3A%2280px%22%2C%22height%22%3A%2280px%22%2C%22margin-top%22%3A%22-40px%22%2C%22padding-bottom%22%3A%220%22%2C%22box-shadow-h-offset%22%3A%220%22%2C%22box-shadow-v-offset%22%3A%2210px%22%2C%22box-shadow-blur%22%3A%2215px%22%2C%22box-shadow-color%22%3A%22rgba%280%2C4%2C67%2C0.15%29%22%7D%7D\u00bb]JTNDaSUyMGNsYXNzJTNEJTIyZmFsJTIwZmEtcGhvbmUlMjIlM0UlM0MlMkZpJTNF[\/vc_raw_html]<div class=\"wpb_text_column us_custom_fe7f911b has_text_color\"><div class=\"wpb_wrapper\"><p><strong>\u00bfTiene usted una consulta especial o busca asesoramiento jur\u00eddico en un caso concreto?<\/strong><\/p>\n<\/div><\/div><div class=\"w-btn-wrapper align_none\"><a class=\"w-btn us-btn-style_5 icon_atright\" href=\"https:\/\/www.rb-abogados.eu\/es\/contacto\/\"><span class=\"w-btn-label\">Contacte con nosotros<\/span><i class=\"far fa-long-arrow-right\"><\/i><\/a><\/div><\/div><\/div><\/div><\/div>\n<\/div><\/div><\/div><\/div><\/div><\/section>\n","protected":false},"excerpt":{"rendered":"Derecho de sociedades y empresaRB-Abogados KarlsruheP\u00e1ginasLos diferentes tipos de sociedades desempe\u00f1an hoy en d\u00eda un papel destacado en el entorno econ\u00f3mico y empresarial. Seleccionar correctamente el tipo de sociedad es a menudo decisivo para el \u00e9xito de la empresa. Por esta raz\u00f3n le asesoraremos con mucho gusto en todos los pasos relativos a la fundaci\u00f3n...","protected":false},"author":2,"featured_media":9174,"parent":8896,"menu_order":0,"comment_status":"closed","ping_status":"closed","template":"","meta":{"footnotes":""},"class_list":["post-8908","page","type-page","status-publish","has-post-thumbnail","hentry"],"_links":{"self":[{"href":"https:\/\/rb-abogados.eu\/es\/wp-json\/wp\/v2\/pages\/8908","targetHints":{"allow":["GET"]}}],"collection":[{"href":"https:\/\/rb-abogados.eu\/es\/wp-json\/wp\/v2\/pages"}],"about":[{"href":"https:\/\/rb-abogados.eu\/es\/wp-json\/wp\/v2\/types\/page"}],"author":[{"embeddable":true,"href":"https:\/\/rb-abogados.eu\/es\/wp-json\/wp\/v2\/users\/2"}],"replies":[{"embeddable":true,"href":"https:\/\/rb-abogados.eu\/es\/wp-json\/wp\/v2\/comments?post=8908"}],"version-history":[{"count":5,"href":"https:\/\/rb-abogados.eu\/es\/wp-json\/wp\/v2\/pages\/8908\/revisions"}],"predecessor-version":[{"id":11123,"href":"https:\/\/rb-abogados.eu\/es\/wp-json\/wp\/v2\/pages\/8908\/revisions\/11123"}],"up":[{"embeddable":true,"href":"https:\/\/rb-abogados.eu\/es\/wp-json\/wp\/v2\/pages\/8896"}],"wp:featuredmedia":[{"embeddable":true,"href":"https:\/\/rb-abogados.eu\/es\/wp-json\/wp\/v2\/media\/9174"}],"wp:attachment":[{"href":"https:\/\/rb-abogados.eu\/es\/wp-json\/wp\/v2\/media?parent=8908"}],"curies":[{"name":"wp","href":"https:\/\/api.w.org\/{rel}","templated":true}]}}