{"id":8920,"date":"2020-05-19T13:46:32","date_gmt":"2020-05-19T11:46:32","guid":{"rendered":"https:\/\/rb-abogados.eu\/areas-juridicas\/mietrecht\/"},"modified":"2024-05-23T15:52:40","modified_gmt":"2024-05-23T13:52:40","slug":"derecho-arrendatario","status":"publish","type":"page","link":"https:\/\/rb-abogados.eu\/es\/areas-juridicas\/derecho-arrendatario\/","title":{"rendered":"Derecho arrendaticio espa\u00f1ol"},"content":{"rendered":"<section class=\"l-section wpb_row us_custom_d8b66435 height_custom with_img parallax_ver\"><div class=\"l-section-img\" role=\"img\" aria-label=\"Mietrecht in Spanien\" data-img-width=\"1920\" data-img-height=\"1080\" style=\"background-image: url(https:\/\/rb-abogados.eu\/wp-content\/uploads\/16-9-rba-111.jpg);background-repeat: no-repeat;\"><\/div><div class=\"l-section-overlay\" style=\"background:rgba(0,3,46,0.55)\"><\/div><div class=\"l-section-h i-cf\"><div class=\"g-cols vc_row via_flex valign_top type_boxes stacking_default\"><div class=\"vc_col-sm-3 wpb_column vc_column_container\"><div class=\"vc_column-inner us_custom_b6a72ce1\"><div class=\"wpb_wrapper\"><\/div><\/div><\/div><div class=\"vc_col-sm-6 wpb_column vc_column_container us_animate_afb\" style=\"animation-delay:0.4s\"><div class=\"vc_column-inner us_custom_215bf59a\"><div class=\"wpb_wrapper\"><h1 class=\"w-post-elm post_title us_custom_27f484e3 has_text_color entry-title color_link_inherit\">Derecho arrendaticio espa\u00f1ol<\/h1><div class=\"w-hwrapper us_custom_84be7deb valign_top align_none\"><\/div><nav class=\"g-breadcrumbs us_custom_6420b6dd has_text_color separator_icon align_none\" itemscope itemtype=\"http:\/\/schema.org\/BreadcrumbList\"><div class=\"g-breadcrumbs-item\" itemscope itemprop=\"itemListElement\" itemtype=\"http:\/\/schema.org\/ListItem\"><a itemprop=\"item\" href=\"https:\/\/rb-abogados.eu\/es\/\"><span itemprop=\"name\">RB-Abogados Karlsruhe<\/span><\/a><meta itemprop=\"position\" content=\"1\"\/><\/div><div class=\"g-breadcrumbs-separator\"><i class=\"far fa-angle-right\"><\/i><\/div><div class=\"g-breadcrumbs-item\">P\u00e1ginas<\/div><\/nav><\/div><\/div><\/div><div class=\"vc_col-sm-3 wpb_column vc_column_container\"><div class=\"vc_column-inner us_custom_b6a72ce1\"><div class=\"wpb_wrapper\"><\/div><\/div><\/div><\/div><\/div><\/section><section class=\"l-section wpb_row us_custom_1df8cfc6 height_custom\"><div class=\"l-section-h i-cf\"><div class=\"g-cols vc_row via_flex valign_top type_boxes stacking_default\"><div class=\"vc_col-sm-8 wpb_column vc_column_container\"><div class=\"vc_column-inner us_custom_e4a2b2bd\"><div class=\"wpb_wrapper\"><div class=\"g-cols wpb_row via_flex valign_top type_boxes stacking_default\"><div class=\"vc_col-sm-12 wpb_column vc_column_container\"><div class=\"vc_column-inner us_custom_863654e6\"><div class=\"wpb_wrapper\"><div class=\"wpb_text_column us_custom_2dbf7b3f\"><div class=\"wpb_wrapper\"><p>El Derecho arrendaticio forma parte tambi\u00e9n de las \u00e1reas jur\u00eddicas del despacho. Los letrados especialistas en Derecho Civil del Bufete Ribas Brutschy le proporcionar\u00e1n asesoramiento y asistencia en todas las cuestiones relativas a los arrendamientos tanto r\u00fasticos como urbanos, comenzando por la redacci\u00f3n del contrato adecuado de arrendamiento y finalizando por las actuaciones judiciales necesarias en caso de incumplimiento contractual para la defensa de sus derechos recogidos en el contrato incluyendo, en su caso, la recuperaci\u00f3n de la posesi\u00f3n mediante el oportuno desahucio.<\/p>\n<\/div><\/div><div class=\"wpb_text_column us_custom_50cc7d67\"><div class=\"wpb_wrapper\"><h2>Nuestra oferta de servicios para usted en el \u00e1mbito del Derecho arrendaticio espa\u00f1ol<\/h2>\n<\/div><\/div><div class=\"w-hwrapper us_custom_0e289e22 valign_top align_none\"><\/div><div class=\"wpb_text_column us_custom_2dbf7b3f\"><div class=\"wpb_wrapper\"><ul class=\"arrow-list\">\n<li>Revisi\u00f3n o elaboraci\u00f3n de\u00a0contratos de arrendamiento, tanto r\u00fasticos como urbanos<\/li>\n<li>Contrato de arrendamiento de uso distinto de vivienda (contrato de arrendamiento de local comercial, de temporada, etc.)<\/li>\n<li>Reclamaciones de da\u00f1os y perjuicios<\/li>\n<li>En su caso, inscripci\u00f3n del contrato de arrendamiento en el Registro de la Propiedad<\/li>\n<li>Reclamaci\u00f3n judicial y extrajudicial de rentas impagadas<\/li>\n<li>Desahucios por falta de pago y\/o extinci\u00f3n del plazo contractual.<\/li>\n<li>Derechos y deberes en la relaci\u00f3n arrendaticia (medidas de mantenimiento y obras de mejora)<\/li>\n<\/ul>\n<\/div><\/div><div class=\"w-btn-wrapper align_none\"><a class=\"w-btn us-btn-style_3 us_custom_b4c0c321 icon_atright\" href=\"https:\/\/www.rb-abogados.eu\/es\/areas-juridicas\/\"><span class=\"w-btn-label\">Todas las \u00e1reas de pr\u00e1ctica<\/span><i class=\"far fa-long-arrow-right\"><\/i><\/a><\/div><\/div><\/div><\/div><\/div><div class=\"w-hwrapper us_custom_ce2c73f7 valign_top align_none\"><\/div><\/div><\/div><\/div><div class=\"vc_col-sm-4 wpb_column vc_column_container\"><div class=\"vc_column-inner us_custom_11eb7aba\"><div class=\"wpb_wrapper\"><div class=\"g-cols wpb_row us_custom_9d2f0c5c via_flex valign_top type_boxes stacking_default\" id=\"Sie_haben_Fragen_Wir_haben_Antworten\"><div class=\"vc_col-sm-12 wpb_column vc_column_container\"><div class=\"vc_column-inner\"><div class=\"wpb_wrapper\"><div class=\"wpb_text_column us_custom_2dbf7b3f\"><div class=\"wpb_wrapper\"><h3 style=\"text-align: center;\">\u00bfTiene alguna pregunta sobre el derecho arrendaticio? \u00a1Estamos felices de llevarte!<\/h3>\n<\/div><\/div><div class=\"w-image us_custom_0c724352 has_height align_center\"><div class=\"w-image-h\"><img decoding=\"async\" width=\"600\" height=\"600\" src=\"https:\/\/rb-abogados.eu\/wp-content\/uploads\/Teresa-Martin-2-600x600.jpg\" class=\"attachment-us_600_600_crop size-us_600_600_crop\" alt=\"\" loading=\"lazy\" srcset=\"https:\/\/rb-abogados.eu\/wp-content\/uploads\/Teresa-Martin-2-600x600.jpg 600w, https:\/\/rb-abogados.eu\/wp-content\/uploads\/Teresa-Martin-2-300x300.jpg 300w, https:\/\/rb-abogados.eu\/wp-content\/uploads\/Teresa-Martin-2-1024x1024.jpg 1024w, https:\/\/rb-abogados.eu\/wp-content\/uploads\/Teresa-Martin-2-150x150.jpg 150w, https:\/\/rb-abogados.eu\/wp-content\/uploads\/Teresa-Martin-2-100x100.jpg 100w, https:\/\/rb-abogados.eu\/wp-content\/uploads\/Teresa-Martin-2-200x200.jpg 200w, https:\/\/rb-abogados.eu\/wp-content\/uploads\/Teresa-Martin-2-400x400.jpg 400w, https:\/\/rb-abogados.eu\/wp-content\/uploads\/Teresa-Martin-2-60x60.jpg 60w\" sizes=\"auto, (max-width: 600px) 100vw, 600px\" \/><\/div><\/div><div class=\"wpb_text_column us_custom_34bb4333\"><div class=\"wpb_wrapper\"><h3 class=\"nomargin\" style=\"text-align: center;\">Teresa Mart\u00edn<\/h3>\n<\/div><\/div><div class=\"wpb_text_column us_custom_b4c0c321\"><div class=\"wpb_wrapper\"><p style=\"text-align: center;\"><strong>Abogada argentina<\/strong><\/p>\n<\/div><\/div><div class=\"wpb_text_column\"><div class=\"wpb_wrapper\"><p style=\"text-align: center;\"><em> Teresa Mart\u00edn asesora y apoya a sus clientes en alem\u00e1n, espa\u00f1ol o ingl\u00e9s en materia de Derecho arrendaticio espa\u00f1ol. Forman parte de su repertorio de tareas la redacci\u00f3n, comprobaci\u00f3n y revisi\u00f3n de contratos espa\u00f1oles de arrendamiento. <\/em><\/p>\n<\/div><\/div><\/div><\/div><\/div><\/div><div class=\"g-cols wpb_row us_custom_6d21401c via_flex valign_middle type_boxes stacking_default\"><div class=\"vc_col-sm-12 wpb_column vc_column_container us_animate_afb\" style=\"animation-delay:0.4s\"><div class=\"vc_column-inner us_custom_0d478c3f\"><div class=\"wpb_wrapper\">[vc_raw_html css=\u00bb%7B%22default%22%3A%7B%22color%22%3A%22%23000443%22%2C%22text-align%22%3A%22center%22%2C%22font-size%22%3A%2240px%22%2C%22line-height%22%3A%2280px%22%2C%22background-color%22%3A%22%23ffffff%22%2C%22width%22%3A%2280px%22%2C%22height%22%3A%2280px%22%2C%22margin-top%22%3A%22-40px%22%2C%22padding-bottom%22%3A%220%22%2C%22box-shadow-h-offset%22%3A%220%22%2C%22box-shadow-v-offset%22%3A%2210px%22%2C%22box-shadow-blur%22%3A%2215px%22%2C%22box-shadow-color%22%3A%22rgba%280%2C4%2C67%2C0.15%29%22%7D%7D\u00bb]JTNDaSUyMGNsYXNzJTNEJTIyZmFsJTIwZmEtcGhvbmUlMjIlM0UlM0MlMkZpJTNF[\/vc_raw_html]<div class=\"wpb_text_column us_custom_fe7f911b has_text_color\"><div class=\"wpb_wrapper\"><p><strong>\u00bfTiene usted una consulta especial o busca asesoramiento jur\u00eddico en un caso concreto?<\/strong><\/p>\n<\/div><\/div><div class=\"w-btn-wrapper align_none\"><a class=\"w-btn us-btn-style_5 icon_atright\" href=\"https:\/\/www.rb-abogados.eu\/es\/contacto\/\"><span class=\"w-btn-label\">Contacte con nosotros<\/span><i class=\"far fa-long-arrow-right\"><\/i><\/a><\/div><\/div><\/div><\/div><\/div>\n<\/div><\/div><\/div><\/div><\/div><\/section>\n","protected":false},"excerpt":{"rendered":"Derecho arrendaticio espa\u00f1olRB-Abogados KarlsruheP\u00e1ginasEl Derecho arrendaticio forma parte tambi\u00e9n de las \u00e1reas jur\u00eddicas del despacho. Los letrados especialistas en Derecho Civil del Bufete Ribas Brutschy le proporcionar\u00e1n asesoramiento y asistencia en todas las cuestiones relativas a los arrendamientos tanto r\u00fasticos como urbanos, comenzando por la redacci\u00f3n del contrato adecuado de arrendamiento y finalizando por las...","protected":false},"author":2,"featured_media":9699,"parent":8896,"menu_order":0,"comment_status":"closed","ping_status":"closed","template":"","meta":{"footnotes":""},"class_list":["post-8920","page","type-page","status-publish","has-post-thumbnail","hentry"],"_links":{"self":[{"href":"https:\/\/rb-abogados.eu\/es\/wp-json\/wp\/v2\/pages\/8920","targetHints":{"allow":["GET"]}}],"collection":[{"href":"https:\/\/rb-abogados.eu\/es\/wp-json\/wp\/v2\/pages"}],"about":[{"href":"https:\/\/rb-abogados.eu\/es\/wp-json\/wp\/v2\/types\/page"}],"author":[{"embeddable":true,"href":"https:\/\/rb-abogados.eu\/es\/wp-json\/wp\/v2\/users\/2"}],"replies":[{"embeddable":true,"href":"https:\/\/rb-abogados.eu\/es\/wp-json\/wp\/v2\/comments?post=8920"}],"version-history":[{"count":5,"href":"https:\/\/rb-abogados.eu\/es\/wp-json\/wp\/v2\/pages\/8920\/revisions"}],"predecessor-version":[{"id":11150,"href":"https:\/\/rb-abogados.eu\/es\/wp-json\/wp\/v2\/pages\/8920\/revisions\/11150"}],"up":[{"embeddable":true,"href":"https:\/\/rb-abogados.eu\/es\/wp-json\/wp\/v2\/pages\/8896"}],"wp:featuredmedia":[{"embeddable":true,"href":"https:\/\/rb-abogados.eu\/es\/wp-json\/wp\/v2\/media\/9699"}],"wp:attachment":[{"href":"https:\/\/rb-abogados.eu\/es\/wp-json\/wp\/v2\/media?parent=8920"}],"curies":[{"name":"wp","href":"https:\/\/api.w.org\/{rel}","templated":true}]}}