{"id":8930,"date":"2020-05-19T08:14:25","date_gmt":"2020-05-19T06:14:25","guid":{"rendered":"https:\/\/rb-abogados.eu\/areas-juridicas\/immobilienrecht\/"},"modified":"2024-05-23T15:51:02","modified_gmt":"2024-05-23T13:51:02","slug":"derecho-inmobiliario","status":"publish","type":"page","link":"https:\/\/rb-abogados.eu\/es\/areas-juridicas\/derecho-inmobiliario\/","title":{"rendered":"Derecho inmobiliario"},"content":{"rendered":"<section class=\"l-section wpb_row us_custom_d8b66435 height_custom with_img parallax_ver\"><div class=\"l-section-img\" role=\"img\" aria-label=\"Anwesen in Spanien\" data-img-width=\"1920\" data-img-height=\"1080\" style=\"background-image: url(https:\/\/rb-abogados.eu\/wp-content\/uploads\/16-9-_0024_rba-022.jpg);background-repeat: no-repeat;\"><\/div><div class=\"l-section-overlay\" style=\"background:rgba(0,3,46,0.55)\"><\/div><div class=\"l-section-h i-cf\"><div class=\"g-cols vc_row via_flex valign_top type_boxes stacking_default\"><div class=\"vc_col-sm-3 wpb_column vc_column_container\"><div class=\"vc_column-inner us_custom_b6a72ce1\"><div class=\"wpb_wrapper\"><\/div><\/div><\/div><div class=\"vc_col-sm-6 wpb_column vc_column_container us_animate_afb\" style=\"animation-delay:0.4s\"><div class=\"vc_column-inner us_custom_215bf59a\"><div class=\"wpb_wrapper\"><h1 class=\"w-post-elm post_title us_custom_27f484e3 has_text_color entry-title color_link_inherit\">Derecho inmobiliario<\/h1><div class=\"w-hwrapper us_custom_84be7deb valign_top align_none\"><\/div><nav class=\"g-breadcrumbs us_custom_6420b6dd has_text_color separator_icon align_none\" itemscope itemtype=\"http:\/\/schema.org\/BreadcrumbList\"><div class=\"g-breadcrumbs-item\" itemscope itemprop=\"itemListElement\" itemtype=\"http:\/\/schema.org\/ListItem\"><a itemprop=\"item\" href=\"https:\/\/rb-abogados.eu\/es\/\"><span itemprop=\"name\">RB-Abogados Karlsruhe<\/span><\/a><meta itemprop=\"position\" content=\"1\"\/><\/div><div class=\"g-breadcrumbs-separator\"><i class=\"far fa-angle-right\"><\/i><\/div><div class=\"g-breadcrumbs-item\">P\u00e1ginas<\/div><\/nav><\/div><\/div><\/div><div class=\"vc_col-sm-3 wpb_column vc_column_container\"><div class=\"vc_column-inner us_custom_b6a72ce1\"><div class=\"wpb_wrapper\"><\/div><\/div><\/div><\/div><\/div><\/section><section class=\"l-section wpb_row us_custom_1df8cfc6 height_custom\"><div class=\"l-section-h i-cf\"><div class=\"g-cols vc_row via_flex valign_top type_boxes stacking_default\"><div class=\"vc_col-sm-8 wpb_column vc_column_container\"><div class=\"vc_column-inner us_custom_e4a2b2bd\"><div class=\"wpb_wrapper\"><div class=\"g-cols wpb_row via_flex valign_top type_boxes stacking_default\"><div class=\"vc_col-sm-12 wpb_column vc_column_container\"><div class=\"vc_column-inner us_custom_863654e6\"><div class=\"wpb_wrapper\"><div class=\"wpb_text_column us_custom_2dbf7b3f\"><div class=\"wpb_wrapper\"><p>A pesar de la creciente europeizaci\u00f3n, siguen existiendo todav\u00eda grandes diferencias entre el Derecho inmobiliario alem\u00e1n y el espa\u00f1ol, as\u00ed como en lo relativo a las respectivas consecuencias fiscales.<\/p>\n<p>Le asesoramos desde el punto de vista jur\u00eddico y fiscal para la adquisici\u00f3n o la venta de inmuebles en Alemania y Espa\u00f1a.<\/p>\n<p>En nuestra calidad de despacho especializado en asuntos jur\u00eddicos hispano-alemanes, conocemos a la perfecci\u00f3n ambos sistemas jur\u00eddicos y defendemos sus intereses en los negocios inmobiliarios tanto en Alemania como en Espa\u00f1a, teniendo especialmente en consideraci\u00f3n el marco jur\u00eddico correspondiente.<\/p>\n<p>Ribas Brutschy Abogados mantiene un estrecho contacto con notarios, asesores fiscales, auditores, autoridades y socios cooperadores en toda Espa\u00f1a y Alemania, con vistas a poder efectuar la compraventa del inmueble de la forma m\u00e1s eficaz.<\/p>\n<\/div><\/div><div class=\"wpb_text_column us_custom_50cc7d67\"><div class=\"wpb_wrapper\"><h2>Nuestra oferta de servicios para usted en el \u00e1mbito del Derecho inmobiliario espa\u00f1ol<\/h2>\n<\/div><\/div><div class=\"w-hwrapper us_custom_0e289e22 valign_top align_none\"><\/div><div class=\"wpb_text_column us_custom_2dbf7b3f\"><div class=\"wpb_wrapper\"><ul class=\"arrow-list\">\n<li>Asesoramiento, seguimiento y tramitaci\u00f3n completa de compraventas de inmuebles<\/li>\n<li>Elaboraci\u00f3n o revisi\u00f3n del contrato de compraventa (contrato de compraventa entre particulares, contrato de opci\u00f3n de compra o contrato notarial de compraventa)<\/li>\n<li>Preparaci\u00f3n y tramitaci\u00f3n completa de la compraventa con todos los aspectos relacionados (notario, Registro de la Propiedad, Ayuntamiento, catastro, contribuci\u00f3n territorial, plusval\u00eda etc.)<\/li>\n<li>Asesoramiento sobre los diferentes impuestos que gravan o pueden gravar la compraventa del inmueble (impuesto de transmisiones patrimoniales onerosas, impuesto sobre actos jur\u00eddicos documentados, IVA, plusval\u00eda)<\/li>\n<li>Asesoramiento sobre otros costes (tasas notariales, gastos registrales)<\/li>\n<li>Elaboraci\u00f3n de las declaraciones fiscales correspondientes, pago de impuestos, inscripci\u00f3n de la Escritura en el Registro de la Propiedad, cambio de titularidad en el catastro<\/li>\n<li>Donaciones de inmuebles<\/li>\n<li>Representaci\u00f3n en juntas de propietarios<\/li>\n<li>Divisi\u00f3n o subasta de inmuebles<\/li>\n<li>Rectificaciones de exceso o disminuci\u00f3n de cabida<\/li>\n<li>Procedimiento para completar las titularidades sucesivas en el Registro de la Propiedad<\/li>\n<\/ul>\n<\/div><\/div><div class=\"w-btn-wrapper align_none\"><a class=\"w-btn us-btn-style_3 icon_atright\" href=\"https:\/\/www.rb-abogados.eu\/es\/areas-juridicas\/\"><span class=\"w-btn-label\">Todas las \u00e1reas de pr\u00e1ctica<\/span><i class=\"far fa-long-arrow-right\"><\/i><\/a><\/div><\/div><\/div><\/div><\/div><div class=\"w-hwrapper us_custom_ce2c73f7 valign_top align_none\"><\/div><\/div><\/div><\/div><div class=\"vc_col-sm-4 wpb_column vc_column_container\"><div class=\"vc_column-inner us_custom_11eb7aba\"><div class=\"wpb_wrapper\"><div class=\"g-cols wpb_row us_custom_8a78cab9 via_flex valign_top type_boxes stacking_default\" id=\"Sie_haben_Fragen_Wir_haben_Antworten\"><div class=\"vc_col-sm-12 wpb_column vc_column_container\"><div class=\"vc_column-inner us_custom_2e0b6149\"><div class=\"wpb_wrapper\"><div class=\"wpb_text_column us_custom_2dbf7b3f\"><div class=\"wpb_wrapper\"><h3 style=\"text-align: center;\">\u00bfTiene alguna pregunta sobre el derecho inmobiliario personal? \u00a1Estamos felices de llevarte!<\/h3>\n<\/div><\/div><div class=\"w-image us_custom_0c724352 has_height align_center\" id=\"Miguel_Ribas\"><div class=\"w-image-h\"><img decoding=\"async\" width=\"600\" height=\"600\" src=\"https:\/\/rb-abogados.eu\/wp-content\/uploads\/rb-abogados-Kelly-Molina.jpg\" class=\"attachment-us_600_600_crop size-us_600_600_crop\" alt=\"\" loading=\"lazy\" srcset=\"https:\/\/rb-abogados.eu\/wp-content\/uploads\/rb-abogados-Kelly-Molina.jpg 600w, https:\/\/rb-abogados.eu\/wp-content\/uploads\/rb-abogados-Kelly-Molina-300x300.jpg 300w, https:\/\/rb-abogados.eu\/wp-content\/uploads\/rb-abogados-Kelly-Molina-150x150.jpg 150w, https:\/\/rb-abogados.eu\/wp-content\/uploads\/rb-abogados-Kelly-Molina-100x100.jpg 100w, https:\/\/rb-abogados.eu\/wp-content\/uploads\/rb-abogados-Kelly-Molina-200x200.jpg 200w, https:\/\/rb-abogados.eu\/wp-content\/uploads\/rb-abogados-Kelly-Molina-400x400.jpg 400w, https:\/\/rb-abogados.eu\/wp-content\/uploads\/rb-abogados-Kelly-Molina-60x60.jpg 60w\" sizes=\"auto, (max-width: 600px) 100vw, 600px\" \/><\/div><\/div><div class=\"wpb_text_column us_custom_34bb4333\"><div class=\"wpb_wrapper\"><h3 class=\"nomargin\" style=\"text-align: center;\">Kelly Molina<\/h3>\n<\/div><\/div><div class=\"wpb_text_column us_custom_397fec6e\"><div class=\"wpb_wrapper\"><p style=\"text-align: center;\"><strong>Abogada<br \/>\n<\/strong><\/p>\n<\/div><\/div><div class=\"wpb_text_column us_custom_cdb5fec4 has_text_color\"><div class=\"wpb_wrapper\"><p style=\"text-align: center;\"><em> Con su amplia experiencia en el Derecho inmobiliario espa\u00f1ol, Kelly Molina asesora a sus clientes tanto en alem\u00e1n como en espa\u00f1ol o ingl\u00e9s y los acompa\u00f1a en el marco de una completa transacci\u00f3n de compraventa, desde la redacci\u00f3n del contrato privado, a trav\u00e9s del aseguramiento de todas las implicaciones fiscales, hasta la inscripci\u00f3n en el Registro de la Propiedad. <\/em><\/p>\n<\/div><\/div><div class=\"w-hwrapper us_custom_937270d0 valign_top align_none\"><\/div><div class=\"w-image us_custom_0c724352 has_height align_center\" id=\"Miguel_Ribas\"><div class=\"w-image-h\"><img decoding=\"async\" width=\"600\" height=\"600\" src=\"https:\/\/rb-abogados.eu\/wp-content\/uploads\/Teresa-Martin-2-600x600.jpg\" class=\"attachment-us_600_600_crop size-us_600_600_crop\" alt=\"\" loading=\"lazy\" srcset=\"https:\/\/rb-abogados.eu\/wp-content\/uploads\/Teresa-Martin-2-600x600.jpg 600w, https:\/\/rb-abogados.eu\/wp-content\/uploads\/Teresa-Martin-2-300x300.jpg 300w, https:\/\/rb-abogados.eu\/wp-content\/uploads\/Teresa-Martin-2-1024x1024.jpg 1024w, https:\/\/rb-abogados.eu\/wp-content\/uploads\/Teresa-Martin-2-150x150.jpg 150w, https:\/\/rb-abogados.eu\/wp-content\/uploads\/Teresa-Martin-2-100x100.jpg 100w, https:\/\/rb-abogados.eu\/wp-content\/uploads\/Teresa-Martin-2-200x200.jpg 200w, https:\/\/rb-abogados.eu\/wp-content\/uploads\/Teresa-Martin-2-400x400.jpg 400w, https:\/\/rb-abogados.eu\/wp-content\/uploads\/Teresa-Martin-2-60x60.jpg 60w\" sizes=\"auto, (max-width: 600px) 100vw, 600px\" \/><\/div><\/div><div class=\"wpb_text_column us_custom_34bb4333\"><div class=\"wpb_wrapper\"><h3 class=\"nomargin\" style=\"text-align: center;\">Teresa Mart\u00edn<\/h3>\n<\/div><\/div><div class=\"wpb_text_column us_custom_397fec6e\"><div class=\"wpb_wrapper\"><p style=\"text-align: center;\"><strong>Abogada argentina<\/strong><\/p>\n<\/div><\/div><div class=\"wpb_text_column us_custom_cdb5fec4 has_text_color\"><div class=\"wpb_wrapper\"><p style=\"text-align: center;\"><em> Teresa Mart\u00edn asesora a sus clientes en alem\u00e1n, espa\u00f1ol o ingl\u00e9s en las consultas relativas al Derecho inmobiliario espa\u00f1ol, en referencia tanto a inmuebles ya existentes como a aquellos de nueva construcci\u00f3n. <\/em><\/p>\n<\/div><\/div><\/div><\/div><\/div><\/div><div class=\"g-cols wpb_row us_custom_6d21401c via_flex valign_middle type_boxes stacking_default\"><div class=\"vc_col-sm-12 wpb_column vc_column_container us_animate_afb\" style=\"animation-delay:0.4s\"><div class=\"vc_column-inner us_custom_0d478c3f\"><div class=\"wpb_wrapper\">[vc_raw_html css=\u00bb%7B%22default%22%3A%7B%22color%22%3A%22%23000443%22%2C%22text-align%22%3A%22center%22%2C%22font-size%22%3A%2240px%22%2C%22line-height%22%3A%2280px%22%2C%22background-color%22%3A%22%23ffffff%22%2C%22width%22%3A%2280px%22%2C%22height%22%3A%2280px%22%2C%22margin-top%22%3A%22-40px%22%2C%22padding-bottom%22%3A%220%22%2C%22box-shadow-h-offset%22%3A%220%22%2C%22box-shadow-v-offset%22%3A%2210px%22%2C%22box-shadow-blur%22%3A%2215px%22%2C%22box-shadow-color%22%3A%22rgba%280%2C4%2C67%2C0.15%29%22%7D%7D\u00bb]JTNDaSUyMGNsYXNzJTNEJTIyZmFsJTIwZmEtcGhvbmUlMjIlM0UlM0MlMkZpJTNF[\/vc_raw_html]<div class=\"wpb_text_column us_custom_fe7f911b has_text_color\"><div class=\"wpb_wrapper\"><p><strong>\u00bfTiene usted una consulta especial o busca asesoramiento jur\u00eddico en un caso concreto?<\/strong><\/p>\n<\/div><\/div><div class=\"w-btn-wrapper align_none\"><a class=\"w-btn us-btn-style_5 icon_atright\" href=\"https:\/\/www.rb-abogados.eu\/es\/contacto\/\"><span class=\"w-btn-label\">Contacte con nosotros<\/span><i class=\"far fa-long-arrow-right\"><\/i><\/a><\/div><\/div><\/div><\/div><\/div>\n<\/div><\/div><\/div><\/div><\/div><\/section>\n","protected":false},"excerpt":{"rendered":"Derecho inmobiliarioRB-Abogados KarlsruheP\u00e1ginasA pesar de la creciente europeizaci\u00f3n, siguen existiendo todav\u00eda grandes diferencias entre el Derecho inmobiliario alem\u00e1n y el espa\u00f1ol, as\u00ed como en lo relativo a las respectivas consecuencias fiscales. Le asesoramos desde el punto de vista jur\u00eddico y fiscal para la adquisici\u00f3n o la venta de inmuebles en Alemania y Espa\u00f1a. En nuestra...","protected":false},"author":2,"featured_media":9200,"parent":8896,"menu_order":0,"comment_status":"closed","ping_status":"closed","template":"","meta":{"footnotes":""},"class_list":["post-8930","page","type-page","status-publish","has-post-thumbnail","hentry"],"_links":{"self":[{"href":"https:\/\/rb-abogados.eu\/es\/wp-json\/wp\/v2\/pages\/8930","targetHints":{"allow":["GET"]}}],"collection":[{"href":"https:\/\/rb-abogados.eu\/es\/wp-json\/wp\/v2\/pages"}],"about":[{"href":"https:\/\/rb-abogados.eu\/es\/wp-json\/wp\/v2\/types\/page"}],"author":[{"embeddable":true,"href":"https:\/\/rb-abogados.eu\/es\/wp-json\/wp\/v2\/users\/2"}],"replies":[{"embeddable":true,"href":"https:\/\/rb-abogados.eu\/es\/wp-json\/wp\/v2\/comments?post=8930"}],"version-history":[{"count":12,"href":"https:\/\/rb-abogados.eu\/es\/wp-json\/wp\/v2\/pages\/8930\/revisions"}],"predecessor-version":[{"id":11149,"href":"https:\/\/rb-abogados.eu\/es\/wp-json\/wp\/v2\/pages\/8930\/revisions\/11149"}],"up":[{"embeddable":true,"href":"https:\/\/rb-abogados.eu\/es\/wp-json\/wp\/v2\/pages\/8896"}],"wp:featuredmedia":[{"embeddable":true,"href":"https:\/\/rb-abogados.eu\/es\/wp-json\/wp\/v2\/media\/9200"}],"wp:attachment":[{"href":"https:\/\/rb-abogados.eu\/es\/wp-json\/wp\/v2\/media?parent=8930"}],"curies":[{"name":"wp","href":"https:\/\/api.w.org\/{rel}","templated":true}]}}