{"id":8973,"date":"2020-05-20T10:30:31","date_gmt":"2020-05-20T08:30:31","guid":{"rendered":"https:\/\/rb-abogados.eu\/datenschutz\/"},"modified":"2021-11-16T14:33:05","modified_gmt":"2021-11-16T13:33:05","slug":"politica-de-privacidad","status":"publish","type":"page","link":"https:\/\/rb-abogados.eu\/es\/politica-de-privacidad\/","title":{"rendered":"Pol\u00edtica de privacidad"},"content":{"rendered":"<section class=\"l-section wpb_row us_custom_d8b66435 height_custom with_img parallax_ver\"><div class=\"l-section-img\" role=\"img\" aria-label=\"Olivenbaum\" data-img-width=\"1920\" data-img-height=\"1080\" style=\"background-image: url(https:\/\/rb-abogados.eu\/wp-content\/uploads\/16-9-_0000_rba-031.jpg);background-repeat: no-repeat;\"><\/div><div class=\"l-section-overlay\" style=\"background:rgba(0,3,46,0.55)\"><\/div><div class=\"l-section-h i-cf\"><div class=\"g-cols vc_row via_flex valign_top type_boxes stacking_default\"><div class=\"vc_col-sm-3 wpb_column vc_column_container\"><div class=\"vc_column-inner us_custom_b6a72ce1\"><div class=\"wpb_wrapper\"><\/div><\/div><\/div><div class=\"vc_col-sm-6 wpb_column vc_column_container us_animate_afb\" style=\"animation-delay:0.4s\"><div class=\"vc_column-inner us_custom_215bf59a\"><div class=\"wpb_wrapper\"><h1 class=\"w-post-elm post_title us_custom_27f484e3 has_text_color entry-title color_link_inherit\">Pol\u00edtica de privacidad<\/h1><div class=\"w-hwrapper us_custom_84be7deb valign_top align_none\"><\/div><nav class=\"g-breadcrumbs us_custom_6420b6dd has_text_color separator_icon align_none\" itemscope itemtype=\"http:\/\/schema.org\/BreadcrumbList\"><div class=\"g-breadcrumbs-item\" itemscope itemprop=\"itemListElement\" itemtype=\"http:\/\/schema.org\/ListItem\"><a itemprop=\"item\" href=\"https:\/\/rb-abogados.eu\/es\/\"><span itemprop=\"name\">RB-Abogados Karlsruhe<\/span><\/a><meta itemprop=\"position\" content=\"1\"\/><\/div><div class=\"g-breadcrumbs-separator\"><i class=\"far fa-angle-right\"><\/i><\/div><div class=\"g-breadcrumbs-item\">P\u00e1ginas<\/div><\/nav><\/div><\/div><\/div><div class=\"vc_col-sm-3 wpb_column vc_column_container\"><div class=\"vc_column-inner us_custom_b6a72ce1\"><div class=\"wpb_wrapper\"><\/div><\/div><\/div><\/div><\/div><\/section><section class=\"l-section wpb_row us_custom_1df8cfc6 height_custom\"><div class=\"l-section-h i-cf\"><div class=\"g-cols vc_row via_flex valign_top type_boxes stacking_default\"><div class=\"vc_col-sm-8 wpb_column vc_column_container\"><div class=\"vc_column-inner us_custom_e4a2b2bd\"><div class=\"wpb_wrapper\"><div class=\"g-cols wpb_row via_flex valign_top type_boxes stacking_default\"><div class=\"vc_col-sm-12 wpb_column vc_column_container\"><div class=\"vc_column-inner us_custom_863654e6\"><div class=\"wpb_wrapper\"><div class=\"wpb_text_column us_custom_50cc7d67\"><div class=\"wpb_wrapper\"><h2><strong>Declaraci\u00f3n sobre la protecci\u00f3n de datos<\/strong><\/h2>\n<\/div><\/div><div class=\"wpb_text_column us_custom_50cc7d67\"><div class=\"wpb_wrapper\"><h2>1. La protecci\u00f3n de datos en conjunto<\/h2>\n<\/div><\/div><div class=\"w-hwrapper us_custom_0e289e22 valign_top align_none\"><\/div><div class=\"wpb_text_column us_custom_2dbf7b3f\"><div class=\"wpb_wrapper\"><h3>Informaciones generales<\/h3>\n<p>Las siguientes informaciones le proporcionar\u00e1n una idea general de lo que sucede con sus datos personales al visitar nuestra p\u00e1gina web. Los datos personales son todos aquellos con los que usted puede ser identificado personalmente. Si desea obtener m\u00e1s informaci\u00f3n sobre el tema de la protecci\u00f3n de datos, consulte por favor la declaraci\u00f3n sobre la protecci\u00f3n de datos que aparece por debajo de este texto.<\/p>\n<h3>Recopilaci\u00f3n de datos en nuestra p\u00e1gina web<\/h3>\n<h3>\u00bfQui\u00e9n es el responsable de la recopilaci\u00f3n de datos en esta p\u00e1gina web?<\/h3>\n<p>El procesamiento de datos en esta p\u00e1gina web se efect\u00faa a trav\u00e9s del operador de la p\u00e1gina web. Sus datos de contacto pueden consultarse en el aviso legal de esta p\u00e1gina web.<\/p>\n<h3><\/h3>\n<h3>\u00bfC\u00f3mo recopilamos sus datos?<\/h3>\n<p>Por una parte, recopilamos los datos que usted nos proporciona, por ejemplo aquellos datos que usted mismo introduce en un formulario de contacto. Otros datos son recopilados de manera autom\u00e1tica por nuestros sistemas IT al visitar la p\u00e1gina web. En este caso se trata sobre todo de datos t\u00e9cnicos (por ejemplo, el navegador web, el sistema operativo o la hora de consulta de la p\u00e1gina). La recopilaci\u00f3n de estos datos se efect\u00faa de forma autom\u00e1tica siempre que usted visita nuestra p\u00e1gina.<\/p>\n<h3>\u00bfPara qu\u00e9 empleamos sus datos?<\/h3>\n<p>Una parte de los datos se recopila para poder garantizar la correcta puesta a disposici\u00f3n de la p\u00e1gina web. Otros datos pueden ser empleados para analizar sus interacciones como usuario.<\/p>\n<h3>\u00bfQu\u00e9 derechos tiene usted en relaci\u00f3n con sus datos?<\/h3>\n<p>Usted tiene derecho en todo momento a obtener informaci\u00f3n gratuita sobre el origen, el receptor y la finalidad de sus datos personales almacenados. Adem\u00e1s, usted tiene derecho a exigir la correcci\u00f3n, el bloqueo o la eliminaci\u00f3n de dichos datos. Para ello, as\u00ed como para otras cuestiones relativas al tema de la protecci\u00f3n de datos, puede ponerse en contacto con nosotros en todo momento en la direcci\u00f3n indicada en el aviso legal. Usted tiene tambi\u00e9n el derecho a presentar una queja ante la autoridad supervisora competente.<\/p>\n<h3>Herramientas de an\u00e1lisis y herramientas de terceros<\/h3>\n<p>Al visitar nuestra p\u00e1gina web, sus interacciones durante la navegaci\u00f3n por la red pueden evaluarse con fines estad\u00edsticos. Esto se lleva a cabo sobre todo por medio de cookies y de los denominados programas de anal\u00edtica. Por regla general, el an\u00e1lisis de sus interacciones durante la navegaci\u00f3n por la red se realiza de manera an\u00f3nima; el an\u00e1lisis de sus interacciones durante la navegaci\u00f3n por la red no permite realizar un seguimiento de su identidad. Usted puede oponerse a este an\u00e1lisis o evitarlo mediante la no utilizaci\u00f3n de determinadas herramientas. Encontrar\u00e1 informaciones detalladas al respecto en la siguiente declaraci\u00f3n sobre la protecci\u00f3n de datos. Usted puede oponerse a este an\u00e1lisis. En la declaraci\u00f3n sobre la protecci\u00f3n de datos le informaremos de las posibilidades de oposici\u00f3n.<\/p>\n<\/div><\/div><div class=\"wpb_text_column us_custom_9f91a9d4\"><div class=\"wpb_wrapper\"><h2>2. Indicaciones generales e informaciones obligatorias<\/h2>\n<\/div><\/div><div class=\"w-hwrapper us_custom_0c3a69a8 valign_top align_none\"><\/div><div class=\"wpb_text_column\"><div class=\"wpb_wrapper\"><h3>Protecci\u00f3n de datos<\/h3>\n<p>Los operadores de estas p\u00e1ginas se toman muy en serio la protecci\u00f3n de sus datos personales. Tratamos sus datos personales de modo confidencial y en consonancia con las disposiciones legales sobre la protecci\u00f3n de datos y con esta declaraci\u00f3n sobre la protecci\u00f3n de datos. Al consultar esta p\u00e1gina web se recopilan diferentes datos de car\u00e1cter personal. Los datos personales son aquellos con los que usted puede ser identificado personalmente. La presente declaraci\u00f3n sobre la protecci\u00f3n de datos explica qu\u00e9 datos recopilamos y para qu\u00e9 los empleamos. Tambi\u00e9n especifica de qu\u00e9 modo y con qu\u00e9 finalidad se efect\u00faa. Deseamos hacer referencia al hecho de que la transmisi\u00f3n de datos en Internet (por ejemplo, en la comunicaci\u00f3n por e-mail) puede presentar lagunas de seguridad, no siendo por lo tanto posible proteger por completo los datos frente al acceso a los mismos por parte de terceros.<\/p>\n<h3>Referencia a la entidad responsable<\/h3>\n<p>La entidad responsable del procesamiento de datos en esta p\u00e1gina web es:<\/p>\n<p>Ribas Brutschy Abogados<br \/>\nMarianne-Kirchgessner-Stra\u00dfe 5<br \/>\n76646 Bruchsal Alemania<\/p>\n<p>Tel\u00e9fono: +49 7251 9377 310<br \/>\nE-mail: info@rb-abogados.eu<\/p>\n<p>La entidad responsable es la persona f\u00edsica o jur\u00eddica que decide, en solitario o de forma conjunta con otros, acerca de la finalidad y los medios empleados para el procesamiento de datos personales (por ejemplo los nombres, las direcciones de e-mail, etc.).<\/p>\n<h3>Revocaci\u00f3n de su consentimiento para el procesamiento de datos<\/h3>\n<p>Muchas acciones relativas al procesamiento de datos son s\u00f3lo posibles con su consentimiento expreso. Usted puede revocar en todo momento un consentimiento previamente concedido. Para ello basta con que nos env\u00ede un comunicado informal por e-mail. La legitimidad de los procesos de tratamiento de datos realizados hasta el momento de la revocaci\u00f3n no se ver\u00e1 afectada por dicha revocaci\u00f3n.<\/p>\n<h2>Derecho de queja ante la autoridad supervisora competente<\/h2>\n<p>En caso de producirse infracciones en materia de protecci\u00f3n de datos, la persona afectada tendr\u00e1 derecho a presentar una queja ante la autoridad supervisora competente. La autoridad supervisora competente en materia de protecci\u00f3n de datos es el encargado de la protecci\u00f3n de datos del Estado Federado en el que nuestra empresa tenga su sede. Una lista de los encargados de la protecci\u00f3n de datos, as\u00ed como sus datos de contacto, pueden consultarse en el siguiente enlace: <a href=\"https:\/\/www.bfdi.bund.de\/DE\/Infothek\/Anschriften_Links\/anschriften_links-node.html\">https:\/\/www.bfdi.bund.de\/DE\/Infothek\/Anschriften_Links\/anschriften_links-node.html<\/a>.<\/p>\n<h3>Derecho a la transmisi\u00f3n de datos<\/h3>\n<p>Usted tiene derecho a solicitar la entrega, a usted mismo o a un tercero, en un formato usual y legible por m\u00e1quina, de los datos que procesamos de manera automatizada en base a su consentimiento o en cumplimiento de un contrato. En caso de que solicite una transmisi\u00f3n directa de los datos a otro responsable, \u00e9sta s\u00f3lo se llevar\u00e1 a cabo siempre que sea t\u00e9cnicamente posible.<\/p>\n<h3>Codificaci\u00f3n SSL o TLS<\/h3>\n<p>Por razones de seguridad y con fines de protecci\u00f3n durante la transmisi\u00f3n de contenidos confidenciales, como por ejemplo los pedidos y consultas que usted nos env\u00ede en nuestra calidad de operadores de la p\u00e1gina, empleamos una codificaci\u00f3n SSL o TLS. Usted podr\u00e1 reconocer que se trata de una conexi\u00f3n codificada porque la barra de direcciones del navegador cambia de \u201chttp:\/\/\u201d a \u201chttps:\/\/\u201d y aparece el s\u00edmbolo de un candado en la barra de direcciones de su navegador. Cuando est\u00e1 activada la codificaci\u00f3n SSL o TLS los datos que nos transmita no podr\u00e1n ser le\u00eddos por terceros.<\/p>\n<h3>Informaci\u00f3n, bloqueo y eliminaci\u00f3n<\/h3>\n<p>En el marco de las disposiciones legales vigentes, usted tiene derecho a solicitar en todo momento informaci\u00f3n gratuita sobre sus datos de car\u00e1cter personal almacenados, su procedencia y sus destinatarios, as\u00ed como la finalidad del procesamiento de dichos datos. En caso necesario, tendr\u00e1 el derecho a corregirlos, bloquearlos o eliminarlos. Para ello, as\u00ed como para otras consultas relativas al tema de la protecci\u00f3n de datos, puede ponerse en contacto con nosotros en todo momento en la direcci\u00f3n indicada en el aviso legal.<\/p>\n<\/div><\/div><div class=\"wpb_text_column us_custom_9f91a9d4\"><div class=\"wpb_wrapper\"><h2>3. Recopilaci\u00f3n de datos en nuestra p\u00e1gina web<\/h2>\n<\/div><\/div><div class=\"w-hwrapper us_custom_0c3a69a8 valign_top align_none\"><\/div><div class=\"wpb_text_column\"><div class=\"wpb_wrapper\"><p>Las p\u00e1ginas de Internet emplean en ocasiones cookies. Las cookies no causan ning\u00fan da\u00f1o a su ordenador y no contienen ning\u00fan virus. Las cookies sirven para incrementar la comodidad para el usuario, la efectividad y la seguridad de nuestra oferta. Las cookies son peque\u00f1os ficheros de texto que quedan registrados en su ordenador y que almacena su navegador. La mayor\u00eda de las cookies que empleamos son las denominadas \u201ccookies de sesi\u00f3n\u201d, que se borran autom\u00e1ticamente una vez finalizada su visita de la p\u00e1gina. Otras cookies permanecen almacenadas en su equipo hasta que usted las elimine. Estas cookies nos permiten reconocer su navegador en su pr\u00f3xima visita. Usted puede programar su navegador de modo que le informe de la presencia de cookies y le ofrezca la posibilidad de permitir el uso de cookies s\u00f3lo en casos concretos, rechazar la aceptaci\u00f3n de cookies en general o en determinados casos y activar la eliminaci\u00f3n autom\u00e1tica de cookies al cerrar el navegador. La desactivaci\u00f3n de cookies puede restringir la funcionalidad de esta p\u00e1gina web. Las cookies que sean necesarias para llevar a cabo el proceso de comunicaci\u00f3n electr\u00f3nica o para poner a disposici\u00f3n determinadas funciones que usted desea (por ejemplo la funci\u00f3n de \u201ccesta de compra\u201d) se almacenar\u00e1n de acuerdo con las disposiciones del art\u00edculo 6, apartado 1, letra f del Reglamento General de Protecci\u00f3n de Datos. El operador de la p\u00e1gina web tiene un inter\u00e9s leg\u00edtimo por almacenar cookies con vistas a proporcionar sus servicios de manera optimizada y evitar fallos t\u00e9cnicos. Siempre que se almacenen otras cookies (por ejemplo, cookies para el an\u00e1lisis de sus interacciones durante la navegaci\u00f3n por la red), \u00e9stas se tratar\u00e1n aparte en esta declaraci\u00f3n sobre la protecci\u00f3n de datos.<\/p>\n<h3>Ficheros log del servidor<\/h3>\n<p>El proveedor de las p\u00e1ginas recopila y almacena informaciones de manera autom\u00e1tica en los as\u00ed llamados ficheros log del servidor, que su navegador nos transmite autom\u00e1ticamente. Estas informaciones son:<\/p>\n<ul class=\"arrow-list\">\n<li>Tipo y versi\u00f3n del navegador<\/li>\n<li>Sistema operativo empleado<\/li>\n<li>Referer URL<\/li>\n<li>Nombre de equipo del ordenador de acceso<\/li>\n<li>Hora de consulta del servidor<\/li>\n<li>Direcci\u00f3n IP<\/li>\n<\/ul>\n<p>Estos datos no se re\u00fanen con los de otras fuentes. La base del procesamiento de datos es el art\u00edculo 6, apartado 1, letra f del Reglamento General de Protecci\u00f3n de Datos, que permite el procesamiento de datos para el cumplimiento de un contrato o de medidas precontractuales.<\/p>\n<h3>Formulario de contacto<\/h3>\n<p>Si nos env\u00eda una consulta por medio del formulario de contacto, los datos del formulario de consulta, incluidos los datos de contacto que usted nos haya proporcionado, nosotros almacenaremos dichos datos con vistas a la tramitaci\u00f3n de la consulta y para el caso de que se produzcan consultas sucesivas. Estos datos no se los transmitimos a terceros sin su consentimiento. Por lo tanto, el procesamiento de los datos introducidos en el formulario de contacto se realizar\u00e1 exclusivamente en base a su consentimiento (art\u00edculo 6, apartado 1, letra a del Reglamento General de Protecci\u00f3n de Datos). Usted podr\u00e1 revocar en todo momento dicho consentimiento. Para ello basta con que nos env\u00ede un comunicado informal por e-mail. La legitimidad de los procesos de tratamiento de datos realizados hasta el momento de la revocaci\u00f3n no se ver\u00e1 afectada por dicha revocaci\u00f3n. Los datos que haya introducido en el formulario de contacto permanecer\u00e1n en nuestros archivos hasta que usted solicite su eliminaci\u00f3n, revoque su consentimiento para el almacenamiento de los mismos, o en caso de que desaparezca el fin para el que fueron almacenados (por ejemplo, una vez concluida la tramitaci\u00f3n de su consulta). No se ver\u00e1n afectadas por ello las disposiciones legales con car\u00e1cter imperativo, en especial los plazos de conservaci\u00f3n.<\/p>\n<\/div><\/div><div class=\"wpb_text_column us_custom_9f91a9d4\"><div class=\"wpb_wrapper\"><h2>4. Herramientas de an\u00e1lisis y publicidad<\/h2>\n<\/div><\/div><div class=\"w-hwrapper us_custom_0c3a69a8 valign_top align_none\"><\/div><div class=\"wpb_text_column\"><div class=\"wpb_wrapper\"><h3>Google Analytics<\/h3>\n<p>Esta p\u00e1gina web utiliza funciones del servicio de anal\u00edtica web Google Analytics. El ofertante del mismo es la empresa Google Inc., 1600 Amphitheatre Parkway, Mountain View, CA 94043, USA. Google Analytics emplea \u201ccookies\u201c, ficheros de texto que se almacenan en si ordenador y que permiten analizar el uso que usted hace de la p\u00e1gina web. Por regla general, las informaciones generadas por la cookie sobre su uso de esta p\u00e1gina web se transmiten a un servidor de Google en Estados Unidos y se almacenan all\u00ed. El almacenamiento de cookies de Google Analytics se realiza de acuerdo con el art\u00edculo 6, apartado 1, letra f del Reglamento General de Protecci\u00f3n de Datos. El operador de la p\u00e1gina web tiene un inter\u00e9s leg\u00edtimo por el an\u00e1lisis de las interacciones de los usuarios con vistas a optimizar tanto su oferta en la red como su publicidad.<\/p>\n<h3><\/h3>\n<h3>Anonimizaci\u00f3n de la direcci\u00f3n IP<\/h3>\n<p>En esta p\u00e1gina web tenemos activada la funci\u00f3n de anonimizaci\u00f3n de la direcci\u00f3n IP, por medio de la cual Google abrevia su direcci\u00f3n IP dentro de los Estados miembros de la Uni\u00f3n Europea o en otros Estados firmantes del Acuerdo sobre el Estado Econ\u00f3mico Europeo antes de ser transmitida a Estados Unidos. S\u00f3lo en casos excepcionales se transmite la direcci\u00f3n IP completa a un servidor de Google en Estados Unidos y se abrevia all\u00ed. Por encargo del operador de esta p\u00e1gina web, Google emplear\u00e1 estas informaciones para valorar su uso de la p\u00e1gina web, realizar informes sobre las actividades relacionadas con la p\u00e1gina web y para prestar otros servicios vinculados con el uso de la p\u00e1gina web y de Internet frente al operador de la p\u00e1gina web. La direcci\u00f3n IP transmitida en el marco de Google Analytics por su navegador no se reunir\u00e1 con otros datos de Google.<\/p>\n<h3>Plugin de navegador<\/h3>\n<p>Usted puede evitar el almacenamiento de cookies por medio de la correspondiente funci\u00f3n de software de su navegador. Sin embargo, hemos de advertirle de que en este caso es posible que usted no pueda hacer uso en toda su extensi\u00f3n de todas las funciones de esta p\u00e1gina web. Adem\u00e1s podr\u00e1 impedir la recopilaci\u00f3n de sus datos generados por la cookie y relativos a su uso de la p\u00e1gina web (incluida su direcci\u00f3n IP) a Google, as\u00ed como el procesamiento de estos datos por parte de Google, descargando e instalando el plugin de navegador disponible en el siguiente enlace: <a href=\"https:\/\/tools.google.com\/dlpage\/gaoptout?hl=e\">https:\/\/tools.google.com\/dlpage\/gaoptout?hl=e<\/a><u>s<\/u>.<\/p>\n<h3>Oposici\u00f3n a la recopilaci\u00f3n de datos<\/h3>\n<p>Usted podr\u00e1 impedir la recopilaci\u00f3n de sus datos por parte de Google Analytics haciendo clic en el siguiente enlace. Se establecer\u00e1 una cookie opt-out que impedir\u00e1 la recopilaci\u00f3n de sus datos en futuras visitas de esta p\u00e1gina web: Desactivar Google Analytics. Encontrar\u00e1 m\u00e1s informaci\u00f3n sobre el uso de los datos de usuario en Google Analytics en la declaraci\u00f3n sobre la protecci\u00f3n de datos de Google: <u>https:\/\/support.google.com\/analytics\/answer\/6004245?hl=es<\/u>.<\/p>\n<h3>Procesamiento de los datos de encargo<\/h3>\n<p>Hemos suscrito con Google un contrato para el procesamiento de los datos de encargo y aplicamos por completo las estrictas normas de las autoridades alemanas de protecci\u00f3n de datos para el uso de Google Analytics.<\/p>\n<h3>Datos demogr\u00e1ficos en Google Analytics<\/h3>\n<p>Esta p\u00e1gina web utiliza la funci\u00f3n \u201cdatos demogr\u00e1ficos\u201d de Google Analytics, por medio de la cual pueden elaborarse informes que contienen datos relativos a la edad, el sexo y los intereses de los visitantes de la p\u00e1gina. Estos datos proceden de la publicidad espec\u00edfica de Google, as\u00ed como de los datos de visitantes de terceros. Estos datos no pueden ser puestos en relaci\u00f3n con ninguna persona determinada. Usted podr\u00e1 desactivar esta funci\u00f3n en todo momento a trav\u00e9s de las configuraciones de anuncios en su cuenta de Google o prohibir en general la recopilaci\u00f3n de sus datos por parte de Google Analytics como se describe en el apartado \u201coposici\u00f3n a la recopilaci\u00f3n de datos\u201d.<\/p>\n<h3>WordPress Stats<\/h3>\n<p>Esta p\u00e1gina web emplea WordPress Tool Stats para evaluar estad\u00edsticamente las consultas de sus visitantes. El ofertante es la empresa Automattic Inc., 60 29th Street #343, San Francisco, CA 94110-4929, USA. WordPress Stats emplea cookies, que se almacenan en su ordenador y permiten realizar un an\u00e1lisis del uso de la p\u00e1gina web. Las informaciones generadas por las cookies sobre el uso de nuestra p\u00e1gina web se almacenan en servidores en Estados Unidos. Su direcci\u00f3n IP se anonimiza tras el procesamiento y antes del almacenamiento. Las cookies \u201cWordPress-Stats\u201d permanecen en su equipo hasta que usted las elimine. El almacenamiento de cookies \u201cWordPress Stats\u201d se realiza de acuerdo con el art\u00edculo 6, apartado 1, letra f del Reglamento General de Protecci\u00f3n de Datos. El operador de la p\u00e1gina web tiene un inter\u00e9s leg\u00edtimo por el an\u00e1lisis anonimizado de las interacciones de los usuarios con vistas a optimizar tanto su oferta en la red como su publicidad. Usted puede programar su navegador de modo que le informe de la presencia de cookies y le ofrezca la posibilidad de permitir el uso de cookies s\u00f3lo en casos concretos, rechazar la aceptaci\u00f3n de cookies en general o en determinados casos y activar la eliminaci\u00f3n autom\u00e1tica de cookies al cerrar el navegador. La desactivaci\u00f3n de cookies puede restringir la funcionalidad de esta p\u00e1gina web. Usted podr\u00e1 impedir la recopilaci\u00f3n de sus datos en el futuro estableciendo una cookie opt-out en su navegador haciendo clic en este enlace: <a href=\"https:\/\/www.quantcast.com\/opt-out\/\">https:\/\/www.quantcast.com\/opt-out\/<\/a>. Si usted elimina las cookies en su ordenador, deber\u00e1 establecer de nuevo la cookie opt-out.<\/p>\n<h3>Google AdWords y Google Conversion-Tracking<\/h3>\n<p>Esta p\u00e1gina web utiliza Google AdWords. AdWords es un programa publicitario en l\u00ednea de la empresa Google Inc., 1600 Amphitheatre Parkway, Mountain View, CA 94043, United States (\u201cGoogle\u201d). En el marco de Google AdWords empleamos el seguimiento de conversiones. Si usted hace clic en un anuncio publicado por Google se establece una cookie para el seguimiento de conversiones. Las cookies son peque\u00f1os ficheros de texto que deposita el navegador de Internet en el ordenador del usuario. Estas cookies pierden su validez pasados 30 d\u00edas y no sirven para la identificaci\u00f3n personal del usuario. Si el usuario visita determinadas p\u00e1ginas de esta p\u00e1gina web y la cookie a\u00fan no ha caducado, Google y nosotros podremos reconocer que el usuario ha hecho clic en el anuncio y que fue reenviado a esta p\u00e1gina. Cada cliente de Google AdWords obtiene una cookie diferente. No es posible hacer un seguimiento de las cookies a trav\u00e9s de las p\u00e1ginas web de clientes de AdWords. Las informaciones recopiladas con ayuda de las cookies de conversi\u00f3n tienen como finalidad realizar estad\u00edsticas de conversi\u00f3n para clientes de AdWords que se hayan decidido por el seguimiento de conversiones. Los clientes reciben informaci\u00f3n sobre el n\u00famero total de usuarios que han hecho clic en su anuncio y que fueron reenviados a una p\u00e1gina dotada de una etiqueta de seguimiento de conversiones, pero no reciben ning\u00fan dato que permita identificar a los usuarios personalmente. Si usted no quiere participar en el seguimiento podr\u00e1 oponerse a este uso, desactivando sencillamente la cookie del seguimiento de conversiones de Google a trav\u00e9s de su navegador web en las configuraciones del usuario. Una vez hecho, no se le incluir\u00e1 ya en las estad\u00edsticas de seguimiento de conversiones. El almacenamiento de las \u201ccookies de conversi\u00f3n\u201d se realiza de acuerdo con el art\u00edculo 6, apartado 1, letra f del Reglamento General de Protecci\u00f3n de Datos. El operador de la p\u00e1gina web tiene un inter\u00e9s leg\u00edtimo por el an\u00e1lisis de las interacciones de los usuarios con vistas a optimizar tanto su oferta en la red como su publicidad. Encontrar\u00e1 m\u00e1s informaci\u00f3n sobre Google AdWords y Google Conversion-Tracking en las disposiciones sobre la protecci\u00f3n de datos de Google: <a href=\"https:\/\/www.google.de\/policies\/privacy\/\">https:\/\/www.google.de\/policies\/privacy\/<\/a>. Usted puede programar su navegador de modo que le informe de la presencia de cookies y le ofrezca la posibilidad de permitir el uso de cookies s\u00f3lo en casos concretos, rechazar la aceptaci\u00f3n de cookies en general o en determinados casos y activar la eliminaci\u00f3n autom\u00e1tica de cookies al cerrar el navegador. La desactivaci\u00f3n de cookies puede restringir la funcionalidad de esta p\u00e1gina web.<\/p>\n<\/div><\/div><\/div><\/div><\/div><\/div><div class=\"w-hwrapper us_custom_ce2c73f7 valign_top align_none\"><\/div><\/div><\/div><\/div><\/div><\/div><\/section>\n","protected":false},"excerpt":{"rendered":"Pol\u00edtica de privacidadRB-Abogados KarlsruheP\u00e1ginasDeclaraci\u00f3n sobre la protecci\u00f3n de datos 1. La protecci\u00f3n de datos en conjunto Informaciones generales Las siguientes informaciones le proporcionar\u00e1n una idea general de lo que sucede con sus datos personales al visitar nuestra p\u00e1gina web. Los datos personales son todos aquellos con los que usted puede ser identificado personalmente. Si desea...","protected":false},"author":2,"featured_media":9226,"parent":0,"menu_order":0,"comment_status":"closed","ping_status":"closed","template":"","meta":{"footnotes":""},"class_list":["post-8973","page","type-page","status-publish","has-post-thumbnail","hentry"],"_links":{"self":[{"href":"https:\/\/rb-abogados.eu\/es\/wp-json\/wp\/v2\/pages\/8973","targetHints":{"allow":["GET"]}}],"collection":[{"href":"https:\/\/rb-abogados.eu\/es\/wp-json\/wp\/v2\/pages"}],"about":[{"href":"https:\/\/rb-abogados.eu\/es\/wp-json\/wp\/v2\/types\/page"}],"author":[{"embeddable":true,"href":"https:\/\/rb-abogados.eu\/es\/wp-json\/wp\/v2\/users\/2"}],"replies":[{"embeddable":true,"href":"https:\/\/rb-abogados.eu\/es\/wp-json\/wp\/v2\/comments?post=8973"}],"version-history":[{"count":5,"href":"https:\/\/rb-abogados.eu\/es\/wp-json\/wp\/v2\/pages\/8973\/revisions"}],"predecessor-version":[{"id":10170,"href":"https:\/\/rb-abogados.eu\/es\/wp-json\/wp\/v2\/pages\/8973\/revisions\/10170"}],"wp:featuredmedia":[{"embeddable":true,"href":"https:\/\/rb-abogados.eu\/es\/wp-json\/wp\/v2\/media\/9226"}],"wp:attachment":[{"href":"https:\/\/rb-abogados.eu\/es\/wp-json\/wp\/v2\/media?parent=8973"}],"curies":[{"name":"wp","href":"https:\/\/api.w.org\/{rel}","templated":true}]}}