{"id":9953,"date":"2020-05-22T09:56:10","date_gmt":"2020-05-22T07:56:10","guid":{"rendered":"https:\/\/rb-abogados.eu\/europaeische-rechtsgebiete\/"},"modified":"2022-08-25T18:32:24","modified_gmt":"2022-08-25T16:32:24","slug":"derecho-europeo","status":"publish","type":"page","link":"https:\/\/rb-abogados.eu\/es\/derecho-europeo\/","title":{"rendered":"Derecho Europeo \/ Derecho Internacional Privado"},"content":{"rendered":"<section class=\"l-section wpb_row us_custom_d8b66435 height_custom with_img parallax_ver\"><div class=\"l-section-img\" role=\"img\" aria-label=\"Flaggen im Wind\" data-img-width=\"1920\" data-img-height=\"1080\" style=\"background-image: url(https:\/\/rb-abogados.eu\/wp-content\/uploads\/16-9-_0013_rba-011.jpg);background-repeat: no-repeat;\"><\/div><div class=\"l-section-overlay\" style=\"background:rgba(0,3,46,0.55)\"><\/div><div class=\"l-section-h i-cf\"><div class=\"g-cols vc_row via_flex valign_top type_boxes stacking_default\"><div class=\"vc_col-sm-3 wpb_column vc_column_container\"><div class=\"vc_column-inner us_custom_b6a72ce1\"><div class=\"wpb_wrapper\"><\/div><\/div><\/div><div class=\"vc_col-sm-6 wpb_column vc_column_container us_animate_afb\" style=\"animation-delay:0.4s\"><div class=\"vc_column-inner us_custom_c46d089f\"><div class=\"wpb_wrapper\"><h1 class=\"w-post-elm post_title us_custom_27f484e3 has_text_color entry-title color_link_inherit\">Derecho Europeo \/ Derecho Internacional Privado<\/h1><div class=\"w-hwrapper us_custom_84be7deb valign_top align_none\"><\/div><nav class=\"g-breadcrumbs us_custom_c46e0ed5 has_text_color separator_icon align_none\" itemscope itemtype=\"http:\/\/schema.org\/BreadcrumbList\"><div class=\"g-breadcrumbs-item\" itemscope itemprop=\"itemListElement\" itemtype=\"http:\/\/schema.org\/ListItem\"><a itemprop=\"item\" href=\"https:\/\/rb-abogados.eu\/es\/\"><span itemprop=\"name\">RB-Abogados Karlsruhe<\/span><\/a><meta itemprop=\"position\" content=\"1\"\/><\/div><div class=\"g-breadcrumbs-separator\"><i class=\"far fa-angle-right\"><\/i><\/div><div class=\"g-breadcrumbs-item\">P\u00e1ginas<\/div><\/nav><\/div><\/div><\/div><div class=\"vc_col-sm-3 wpb_column vc_column_container\"><div class=\"vc_column-inner us_custom_b6a72ce1\"><div class=\"wpb_wrapper\"><\/div><\/div><\/div><\/div><\/div><\/section><section class=\"l-section wpb_row us_custom_1df8cfc6 height_custom\"><div class=\"l-section-h i-cf\"><div class=\"g-cols vc_row via_flex valign_top type_boxes stacking_default\"><div class=\"vc_col-sm-8 wpb_column vc_column_container\"><div class=\"vc_column-inner us_custom_e4a2b2bd\"><div class=\"wpb_wrapper\"><div class=\"g-cols wpb_row via_flex valign_top type_boxes stacking_default\"><div class=\"vc_col-sm-12 wpb_column vc_column_container\"><div class=\"vc_column-inner us_custom_863654e6\"><div class=\"wpb_wrapper\"><div class=\"wpb_text_column us_custom_4de3ce74\"><div class=\"wpb_wrapper\"><p><strong>Cada vez son m\u00e1s las empresas que operan a escala europea. En el contexto de una actividad econ\u00f3mica en Europa es natural que surjan numerosas cuestiones relacionadas con el Derecho europeo.<\/strong><\/p>\n<p><strong>En la actualidad, dos tercios ya de las leyes en materia econ\u00f3mica est\u00e1n basadas en Reglamentos de la UE y Directivas, que regulan tanto las relaciones jur\u00eddicas entre las empresas como tambi\u00e9n entre las empresas y los consumidores. <\/strong><\/p>\n<p><strong>Gracias a su amplia experiencia en el \u00e1mbito del Derecho Europeo, el bufete Ribas Brutschy Abogados asesora y acompa\u00f1a a sus clientes en sus actividades empresariales dentro de la Uni\u00f3n Europea.<\/strong><\/p>\n<p><strong>En relaci\u00f3n con los asuntos internacionales redactamos cl\u00e1usulas contractuales relevantes (elecci\u00f3n del Derecho aplicable, jurisdicci\u00f3n), comprobamos el Derecho aplicable y la competencia de los tribunales y, en caso de no existir un acuerdo sobre el Derecho aplicable, dise\u00f1amos de forma conjunta con nuestros clientes la estrategia de actuaci\u00f3n \u00f3ptima.<\/strong><\/p>\n<p><em>*\u00a0<\/em><em>La mayor\u00eda de las disposiciones del Derecho Internacional Privado alem\u00e1n est\u00e1n basadas en Reglamentos de la UE, que se han convertido en Derecho nacional. Por esta raz\u00f3n son tambi\u00e9n aplicables en relaci\u00f3n con Estados que no sean miembros de la UE. <\/em><\/p>\n<\/div><\/div><\/div><\/div><\/div><\/div><div class=\"wpb_text_column us_custom_50cc7d67\"><div class=\"wpb_wrapper\"><h2>Un extracto de nuestros servicios en el \u00e1mbito del Derecho Europeo<\/h2>\n<\/div><\/div><div class=\"w-hwrapper us_custom_0e289e22 valign_top align_none\"><\/div><div class=\"wpb_text_column\"><div class=\"wpb_wrapper\"><ul class=\"arrow-list\">\n<li>Amplio seguimiento y asesoramiento en relaci\u00f3n con las actividades comerciales en la Uni\u00f3n Europea<\/li>\n<li>Asesoramiento jur\u00eddico para empresas y asociaciones sobre los derechos y obligaciones derivados de las normativas europeas<\/li>\n<li>Derecho comparado y an\u00e1lisis de riesgo en caso de aplicaci\u00f3n de Derecho extranjero<\/li>\n<li>An\u00e1lisis de las normas europeas, de las medidas de aplicaci\u00f3n de cada Estado y de la jurisprudencia de los Tribunales Europeos<\/li>\n<li>Comprobaci\u00f3n de la conformidad de las leyes y normativas nacionales con el marco normativo de la UE<\/li>\n<li>Informaci\u00f3n relativa a infracciones, sanciones y controles<\/li>\n<li>Reclamaciones a la Comisi\u00f3n Europea<\/li>\n<li>Representaci\u00f3n ante tribunales nacionales y europeos<\/li>\n<li>Ejecuci\u00f3n de decisiones judiciales extranjeras<\/li>\n<li>Desplazamiento de trabajadores<\/li>\n<\/ul>\n<\/div><\/div><div class=\"w-btn-wrapper align_none\"><a class=\"w-btn us-btn-style_3 us_custom_54e7f678 icon_atright\" href=\"https:\/\/www.rb-abogados.eu\/es\/areas-juridicas\/\"><span class=\"w-btn-label\">Todas las \u00e1reas de pr\u00e1ctica<\/span><i class=\"far fa-long-arrow-right\"><\/i><\/a><\/div><div class=\"w-image us_custom_2b991ef7 align_none\"><div class=\"w-image-h\"><img decoding=\"async\" width=\"1024\" height=\"692\" src=\"https:\/\/rb-abogados.eu\/wp-content\/uploads\/rb-abogados-Ribas-Fieberg-1024x692.jpg\" class=\"attachment-large size-large\" alt=\"\" loading=\"lazy\" srcset=\"https:\/\/rb-abogados.eu\/wp-content\/uploads\/rb-abogados-Ribas-Fieberg-1024x692.jpg 1024w, https:\/\/rb-abogados.eu\/wp-content\/uploads\/rb-abogados-Ribas-Fieberg-300x203.jpg 300w, https:\/\/rb-abogados.eu\/wp-content\/uploads\/rb-abogados-Ribas-Fieberg.jpg 1200w\" sizes=\"auto, (max-width: 1024px) 100vw, 1024px\" \/><\/div><\/div><\/div><\/div><\/div><div class=\"vc_col-sm-4 wpb_column vc_column_container\"><div class=\"vc_column-inner us_custom_11eb7aba\"><div class=\"wpb_wrapper\"><div class=\"g-cols wpb_row us_custom_8a78cab9 via_flex valign_top type_boxes stacking_default\" id=\"Sie_haben_Fragen_Wir_haben_Antworten\"><div class=\"vc_col-sm-12 wpb_column vc_column_container\"><div class=\"vc_column-inner us_custom_2e0b6149\"><div class=\"wpb_wrapper\"><div class=\"wpb_text_column us_custom_2dbf7b3f\"><div class=\"wpb_wrapper\"><h3 style=\"text-align: center;\"><strong>\u00ab\u00bfTiene alguna pregunta? \u00a1Nosotros le daremos la respuesta!\u00bb<\/strong><\/h3>\n<\/div><\/div><div class=\"w-image us_custom_0c724352 has_height align_center\" id=\"Miguel_Ribas\"><div class=\"w-image-h\"><img decoding=\"async\" width=\"600\" height=\"600\" src=\"https:\/\/rb-abogados.eu\/wp-content\/uploads\/1-1-rba-m-_0004_03-600x600.jpg\" class=\"attachment-us_600_600_crop size-us_600_600_crop\" alt=\"Anwalt - Jos\u00e9 Maria Langa Cebamanos\" loading=\"lazy\" srcset=\"https:\/\/rb-abogados.eu\/wp-content\/uploads\/1-1-rba-m-_0004_03.jpg 600w, https:\/\/rb-abogados.eu\/wp-content\/uploads\/1-1-rba-m-_0004_03-300x300.jpg 300w, https:\/\/rb-abogados.eu\/wp-content\/uploads\/1-1-rba-m-_0004_03-150x150.jpg 150w, https:\/\/rb-abogados.eu\/wp-content\/uploads\/1-1-rba-m-_0004_03-100x100.jpg 100w, https:\/\/rb-abogados.eu\/wp-content\/uploads\/1-1-rba-m-_0004_03-200x200.jpg 200w, https:\/\/rb-abogados.eu\/wp-content\/uploads\/1-1-rba-m-_0004_03-400x400.jpg 400w\" sizes=\"auto, (max-width: 600px) 100vw, 600px\" \/><\/div><\/div><div class=\"wpb_text_column us_custom_34bb4333\"><div class=\"wpb_wrapper\"><h3 style=\"text-align: center;\">Kristin Fieberg<\/h3>\n<\/div><\/div><div class=\"wpb_text_column us_custom_90fa47c6\"><div class=\"wpb_wrapper\"><p style=\"text-align: center;\">Abogada alemana<\/p>\n<\/div><\/div><div class=\"wpb_text_column us_custom_23c920ae has_text_color\"><div class=\"wpb_wrapper\"><p style=\"text-align: center;\"><em>Kristin Fieberg asesora a sus clientes en alem\u00e1n, espa\u00f1ol o ingl\u00e9s en las cuestiones relativas al Derecho Internacional Privado. Sus especialidades dentro de los asuntos internacionales son la redacci\u00f3n y comprobaci\u00f3n de cl\u00e1usulas contractuales relevantes, as\u00ed como el asesoramiento en relaci\u00f3n con las actividades comerciales en el \u00e1mbito de la Uni\u00f3n Europea<br \/>\n<\/em><\/p>\n<\/div><\/div><div class=\"w-hwrapper us_custom_937270d0 valign_top align_none\"><\/div><div class=\"w-image us_custom_0c724352 has_height align_center\" id=\"Jose_Ma_Langa_Cebamanos\"><div class=\"w-image-h\"><img decoding=\"async\" width=\"600\" height=\"600\" src=\"https:\/\/rb-abogados.eu\/wp-content\/uploads\/1-1-rba-m-_0002_05-600x600.jpg\" class=\"attachment-us_600_600_crop size-us_600_600_crop\" alt=\"Anwalt - Miguel Ribas\" loading=\"lazy\" srcset=\"https:\/\/rb-abogados.eu\/wp-content\/uploads\/1-1-rba-m-_0002_05.jpg 600w, https:\/\/rb-abogados.eu\/wp-content\/uploads\/1-1-rba-m-_0002_05-300x300.jpg 300w, https:\/\/rb-abogados.eu\/wp-content\/uploads\/1-1-rba-m-_0002_05-150x150.jpg 150w, https:\/\/rb-abogados.eu\/wp-content\/uploads\/1-1-rba-m-_0002_05-100x100.jpg 100w, https:\/\/rb-abogados.eu\/wp-content\/uploads\/1-1-rba-m-_0002_05-200x200.jpg 200w, https:\/\/rb-abogados.eu\/wp-content\/uploads\/1-1-rba-m-_0002_05-400x400.jpg 400w\" sizes=\"auto, (max-width: 600px) 100vw, 600px\" \/><\/div><\/div><div class=\"wpb_text_column us_custom_34bb4333\"><div class=\"wpb_wrapper\"><h3 class=\"nomargin\" style=\"text-align: center;\"><span id=\"Jose_Ma_Langa_Cebamanos\">Miguel Ribas<\/span><span id=\"Miguel_Ribas\"><\/span><\/h3>\n<\/div><\/div><div class=\"wpb_text_column us_custom_90fa47c6\"><div class=\"wpb_wrapper\"><p style=\"text-align: center;\"><strong>Abogado espa\u00f1ol<\/strong><\/p>\n<\/div><\/div><div class=\"wpb_text_column us_custom_23c920ae has_text_color\"><div class=\"wpb_wrapper\"><p style=\"text-align: center;\"><em>Miguel Ribas asesora a sus clientes en alem\u00e1n, espa\u00f1ol o ingl\u00e9s en las cuestiones relativas al Derecho Europeo.<br \/>\nSus \u00e1reas de especializaci\u00f3n son el asesoramiento jur\u00eddico sobre actividades comerciales dentro de la UE, la informaci\u00f3n relativa a infracciones y sanciones, as\u00ed como las reclamaciones dirigidas a la Comisi\u00f3n Europea.<br \/>\n<\/em><\/p>\n<\/div><\/div><\/div><\/div><\/div><\/div><div class=\"g-cols wpb_row via_flex valign_top type_default stacking_default\"><div class=\"vc_col-sm-12 wpb_column vc_column_container\"><div class=\"vc_column-inner\"><div class=\"wpb_wrapper\"><div class=\"g-cols wpb_row us_custom_6d21401c via_flex valign_middle type_boxes stacking_default\"><div class=\"vc_col-sm-12 wpb_column vc_column_container us_animate_afb\" style=\"animation-delay:0.4s\"><div class=\"vc_column-inner us_custom_0d478c3f\"><div class=\"wpb_wrapper\">[vc_raw_html css=\u00bb%7B%22default%22%3A%7B%22color%22%3A%22%23000443%22%2C%22text-align%22%3A%22center%22%2C%22font-size%22%3A%2240px%22%2C%22line-height%22%3A%2280px%22%2C%22background-color%22%3A%22%23ffffff%22%2C%22width%22%3A%2280px%22%2C%22height%22%3A%2280px%22%2C%22margin-top%22%3A%22-40px%22%2C%22padding-bottom%22%3A%220%22%2C%22box-shadow-h-offset%22%3A%220%22%2C%22box-shadow-v-offset%22%3A%2210px%22%2C%22box-shadow-blur%22%3A%2215px%22%2C%22box-shadow-color%22%3A%22rgba%280%2C4%2C67%2C0.15%29%22%7D%7D\u00bb]JTNDaSUyMGNsYXNzJTNEJTIyZmFsJTIwZmEtcGhvbmUlMjIlM0UlM0MlMkZpJTNF[\/vc_raw_html]<div class=\"wpb_text_column us_custom_fe7f911b has_text_color\"><div class=\"wpb_wrapper\"><p><strong>\u00bfTiene usted una consulta especial o busca asesoramiento jur\u00eddico en un caso concreto?<\/strong><\/p>\n<\/div><\/div><div class=\"w-btn-wrapper align_none\"><a class=\"w-btn us-btn-style_5 icon_atright\" href=\"https:\/\/www.rb-abogados.eu\/es\/contacto\/\"><span class=\"w-btn-label\">Contacte con nosotros<\/span><i class=\"far fa-long-arrow-right\"><\/i><\/a><\/div><\/div><\/div><\/div><\/div>\n<\/div><\/div><\/div><\/div><\/div><\/div><\/div><\/div><\/div><\/section>\n","protected":false},"excerpt":{"rendered":"Derecho Europeo \/ Derecho Internacional PrivadoRB-Abogados KarlsruheP\u00e1ginasCada vez son m\u00e1s las empresas que operan a escala europea. En el contexto de una actividad econ\u00f3mica en Europa es natural que surjan numerosas cuestiones relacionadas con el Derecho europeo. En la actualidad, dos tercios ya de las leyes en materia econ\u00f3mica est\u00e1n basadas en Reglamentos de la...","protected":false},"author":2,"featured_media":9251,"parent":0,"menu_order":0,"comment_status":"closed","ping_status":"closed","template":"","meta":{"footnotes":""},"class_list":["post-9953","page","type-page","status-publish","has-post-thumbnail","hentry"],"_links":{"self":[{"href":"https:\/\/rb-abogados.eu\/es\/wp-json\/wp\/v2\/pages\/9953","targetHints":{"allow":["GET"]}}],"collection":[{"href":"https:\/\/rb-abogados.eu\/es\/wp-json\/wp\/v2\/pages"}],"about":[{"href":"https:\/\/rb-abogados.eu\/es\/wp-json\/wp\/v2\/types\/page"}],"author":[{"embeddable":true,"href":"https:\/\/rb-abogados.eu\/es\/wp-json\/wp\/v2\/users\/2"}],"replies":[{"embeddable":true,"href":"https:\/\/rb-abogados.eu\/es\/wp-json\/wp\/v2\/comments?post=9953"}],"version-history":[{"count":7,"href":"https:\/\/rb-abogados.eu\/es\/wp-json\/wp\/v2\/pages\/9953\/revisions"}],"predecessor-version":[{"id":10737,"href":"https:\/\/rb-abogados.eu\/es\/wp-json\/wp\/v2\/pages\/9953\/revisions\/10737"}],"wp:featuredmedia":[{"embeddable":true,"href":"https:\/\/rb-abogados.eu\/es\/wp-json\/wp\/v2\/media\/9251"}],"wp:attachment":[{"href":"https:\/\/rb-abogados.eu\/es\/wp-json\/wp\/v2\/media?parent=9953"}],"curies":[{"name":"wp","href":"https:\/\/api.w.org\/{rel}","templated":true}]}}